{"id":11676,"date":"2020-05-02T20:53:04","date_gmt":"2020-05-02T18:53:04","guid":{"rendered":"https:\/\/gittoletto.it\/it\/?post_type=product&#038;p=11676"},"modified":"2025-12-02T17:25:59","modified_gmt":"2025-12-02T16:25:59","slug":"elisir-5000","status":"publish","type":"product","link":"https:\/\/gittoletto.it\/it\/prodotto\/elisir-5000\/","title":{"rendered":"Dorsal Elisir 5000"},"content":{"rendered":"<p><span style=\"color: #000000;\">Realizzato con materie prime provenienti da risorse rinnovabili,\u00a0<strong>Elisir 5000<\/strong> rappresenta il punto di riferimento della gamma\u00a0<strong>Dorsal<\/strong> in termini di termoregolazione e traspirazione.<\/span><\/p>\n<p><span style=\"color: #000000;\"><strong>\u00c8 l&#8217;ideale per chi dorme di lato o supino<\/strong>.<br \/>\nL&#8217;altezza del materasso \u00e8 di 24 cm rivestimento esterno <strong>sfoderabile<\/strong> compreso.<\/span><\/p>\n<p>&nbsp;<\/p>\n<ul>\n<li><span style=\"color: #000000;\">Grazie all&#8217;uso di materiali termoregolanti e traspiranti \u00e8 un materasso che <strong>si mantiene sempre asciutto e con una temperatura equilibrata e costante.<\/strong><\/span><\/li>\n<li><strong><span style=\"color: #000000;\">Atossico, anallergico ed ecosostenibile grazie a Gran Soleil, lo schiumato altamente naturale a base di olio di girasole ed acqua. Esclusiva Dorsal<\/span><\/strong><\/li>\n<li><span style=\"color: #000000;\">Le elevate densit\u00e0 dei materiali rendono questo materasso <strong>estremamente affidabile e durevole nel tempo.<\/strong><\/span><\/li>\n<li><span style=\"color: #000000;\">Grazie agli <strong>strati in Gel, Mousse e Natur Memory Gel<\/strong> potete dire addio ai risvegli notturni per improvvisi colpi di calore e lasciarvi cullare dal comfort assoluto.<\/span><\/li>\n<li><span style=\"color: #000000;\">Elisir 5000, grazie alla reattivit\u00e0 dei materiali di cui \u00e8 composto, <strong>pu\u00f2 sostenere qualsiasi corporatura, anche la pi\u00f9 elevata.<\/strong><\/span><\/li>\n<\/ul>\n<p>&nbsp;<\/p>\n<p><span style=\"color: #000000;\">Particolarmente anatomico, grazie agli inserti Mousse nelle zone delicate delle spalle e dei polpacci e con un efficace sostegno sul bacino accentuato da un rinforzo di 5 cm.<br \/>\n<\/span><span style=\"color: #000000;\">Lo strato superiore di Memory conferisce grande capacit\u00e0 di adattamento alla forma del corpo mantenendo portanza grazie alla Mousse Gel che <strong>dissipa il calore in eccesso<\/strong>, auto modellandosi al corpo per un materasso confortevole e correttamente sostenuto.<\/span><\/p>\n<p><span style=\"color: #000000;\"><strong>Una combinazione sofisticata di materiali performanti.<\/strong><\/span><\/p>\n<p><span style=\"color: #000000;\"><strong>Elisir 5000, <\/strong>presenta una struttura stratificata di materiale innovativi, sagomati e abbinati per dare il miglior adattamento anatomico. \u00c8 la scelta ottimale di chi predilige un sostegno efficace nella zona lombare ma adattamento e comfort nelle zone pi\u00f9 sensibili come spalle e polpaccio.<strong> Elisir 5000<\/strong> inoltre \u00e8 la soluzione ottimale per chi ama un materasso fresco e termoregolato grazie alla presenza del gel nello strato superficiale.<\/span><\/p>\n<p>&nbsp;<\/p>\n<p style=\"text-align: center;\"><strong><span style=\"color: #000000;\">Struttura portante:<\/span><\/strong><\/p>\n<p><img decoding=\"async\" class=\"wp-image-14097 alignright\" src=\"https:\/\/gittoletto.it\/it\/wp-content\/uploads\/2020\/05\/Lastra-Elisir-5000-300x182.webp\" alt=\"lastra elisir 5000\" width=\"262\" height=\"159\" srcset=\"https:\/\/gittoletto.it\/it\/wp-content\/uploads\/2020\/05\/Lastra-Elisir-5000-300x182.webp 300w, https:\/\/gittoletto.it\/it\/wp-content\/uploads\/2020\/05\/Lastra-Elisir-5000.webp 421w\" sizes=\"(max-width: 262px) 100vw, 262px\" \/><\/p>\n<ol>\n<li><span style=\"color: #000000;\">Lato di contatto superiore in Gel 5 cm<\/span><\/li>\n<li><span style=\"color: #000000;\">Comfort zone spalle e polpacci in Mousse 5 cm<\/span><\/li>\n<li><span style=\"color: #000000;\">Zona centrale Mono Cell 5 cm<\/span><\/li>\n<li><span style=\"color: #000000;\">Strato inferiore altamente reattivo, portanza medio sostenuta 13,5 cm<\/span><\/li>\n<li><span style=\"color: #000000;\">Altezza totale del materasso 25cm<\/span><\/li>\n<\/ol>\n<p>&nbsp;<\/p>\n<p>&nbsp;<\/p>\n<p style=\"text-align: center;\"><strong><span style=\"color: #000000;\">Rivestimento esterno: Naturargento nt 50<\/span><\/strong><\/p>\n<ul style=\"list-style-type: circle;\">\n<li><span style=\"color: #000000;\">Rivestimento in filato in alta grammatura 500gr\/m2<\/span><\/li>\n<li><span style=\"color: #000000;\">Tessuti coordinati dal design accattivante e contemporaneo<\/span><\/li>\n<li><span style=\"color: #000000;\">Sfoderabile con cerniera sui 4 lati<\/span><\/li>\n<li><span style=\"color: #000000;\">Lavabile in lavatrice a 30\u00b0<\/span><\/li>\n<\/ul>\n<p>&nbsp;<\/p>\n<p style=\"text-align: center;\"><strong><span style=\"color: #000000;\">Certificazioni<\/span><\/strong><\/p>\n<p style=\"text-align: left;\"><span style=\"color: #000000;\"><strong>Dorsal<\/strong> coltiva da sempre un&#8217;attenzione particolare alla sostenibilit\u00e0, all&#8217;ambiente ed all&#8217;uomo e per questo ha sviluppato i suoi processi produttivi nella direzione del rispetto della natura e della salvaguardia del pianeta.<\/span><\/p>\n<ul>\n<li><span style=\"color: #000000;\"><em><strong>FSC<sup>\u00a9<\/sup><\/strong><\/em><\/span>\u00a0 \u00e8<span style=\"color: #000000;\"> una certificazione internazionale, indipendente e di parte terza, specifica per il settore forestale e i prodotti, legnosi e non legnosi, derivati dalle foreste<\/span>.<span style=\"text-decoration: underline;\"><span style=\"color: #008000;\"> <a style=\"color: #008000;\" href=\"http:\/\/www.dorsal.it\/downloads\/certificati\/Certificate_DNV-COC-001159_FSC.pdf\"><em><span style=\"color: #008000; text-decoration: underline;\">Scarica<\/span>\u00a0<span style=\"color: #008000; text-decoration: underline;\">il certificato<\/span><\/em><\/a><\/span><\/span><\/li>\n<li><span style=\"color: #000000;\"><em><strong>PEFC\u2122<\/strong><\/em>\u00a0\u00e8 un sistema di certificazione per la gestione sostenibile delle foreste. Inoltre, gestione ecologicamente appropriata, ma anche mirata al conseguimento di benefici sociale ed economicamente valida.\u00a0 <span style=\"text-decoration: underline;\"><span style=\"color: #008000;\"><a style=\"color: #008000;\" href=\"http:\/\/www.dorsal.it\/downloads\/certificati\/Certificate_No._2015-SKM-PEFC-124_1-25QZV0H_CC.pdf\"><em><span style=\"color: #008000; text-decoration: underline;\">Scarica il certificato<\/span><\/em><\/a><\/span><\/span><\/span><\/li>\n<li><span style=\"color: #000000;\"><strong>Dorsal<\/strong> \u00e8 tra le 57 aziende che hanno sottoscritto la dichiarazione di Vancouver promossa da <strong>FSC<\/strong>. <\/span><span style=\"color: #000000;\">Una carta comune per la salvaguardia delle foreste del mondo, attraverso al quale le aziende si impegnano per una filiera pi\u00f9 sostenibile ed a utilizzare prodotti in legno e prodotti forestali certificati FSC.\u00a0 <span style=\"text-decoration: underline;\"><span style=\"color: #008000;\"><a style=\"color: #008000; text-decoration: underline;\" href=\"https:\/\/ic.fsc.org\/en\/for-business\/vancouver-declaration\">Maggiori informazioni<\/a><\/span><\/span><\/span><\/li>\n<\/ul>\n<p><span style=\"color: #000000;\">Oltre ad utilizzare processi di produzione eco-compatibili, i materassi <strong>Dorsal<\/strong> contengono materie prime provenienti in gran parte da risorse rinnovabili.<br \/>\nMaterie prime naturali come olio di girasole ed acqua ed <strong>escludono totalmente l&#8217;utilizzo di derivati del petrolio.<\/strong><\/span><\/p>\n<p>&nbsp;<\/p>\n<p><img decoding=\"async\" class=\"size-full wp-image-11683 alignleft\" src=\"https:\/\/gittoletto.it\/it\/wp-content\/uploads\/2020\/05\/logo-prova-test.png\" alt=\"\" width=\"191\" height=\"70\" \/><\/p>\n<p><span style=\"color: #000000;\">I materassi Dorsal sono sicuri e durevoli perch\u00e9 sottoposti a collaudo presso i pi\u00f9 autorevoli laboratori indipendenti italiani ed esteri. Una garanzia in pi\u00f9 per il consumatore.<\/span><\/p>\n<p>&nbsp;<\/p>\n<p>&nbsp;<\/p>\n<p><img decoding=\"async\" class=\"wp-image-11677 alignleft\" src=\"https:\/\/gittoletto.it\/it\/wp-content\/uploads\/2020\/05\/aifi_LOGO_1024x1024.png\" alt=\"\" width=\"98\" height=\"98\" srcset=\"https:\/\/gittoletto.it\/it\/wp-content\/uploads\/2020\/05\/aifi_LOGO_1024x1024.png 1024w, https:\/\/gittoletto.it\/it\/wp-content\/uploads\/2020\/05\/aifi_LOGO_1024x1024-300x300.webp 300w, https:\/\/gittoletto.it\/it\/wp-content\/uploads\/2020\/05\/aifi_LOGO_1024x1024-100x100.webp 100w, https:\/\/gittoletto.it\/it\/wp-content\/uploads\/2020\/05\/aifi_LOGO_1024x1024-600x600.webp 600w, https:\/\/gittoletto.it\/it\/wp-content\/uploads\/2020\/05\/aifi_LOGO_1024x1024-150x150.webp 150w, https:\/\/gittoletto.it\/it\/wp-content\/uploads\/2020\/05\/aifi_LOGO_1024x1024-768x768.webp 768w\" sizes=\"(max-width: 98px) 100vw, 98px\" \/><\/p>\n<p><span style=\"color: #000000;\">I prodotti per il riposo Dorsal sono gli unici supporti per il riposo in Italia co-progettati, testati e garantiti dall&#8217; A.I.Fi,<span style=\"text-decoration: underline; color: #0000ff;\"> <a style=\"color: #0000ff; text-decoration: underline;\" href=\"http:\/\/www.dorsal.it\/aifi\">l&#8217;Associazione Italiana Fisioterapisti<\/a><\/span>, riconosciuta dal Ministero della Salute.<\/span><\/p>\n<p>&nbsp;<\/p>\n<p>&nbsp;<\/p>\n<p>&nbsp;<\/p>\n<p><img loading=\"lazy\" decoding=\"async\" class=\" wp-image-11682 alignleft\" src=\"https:\/\/gittoletto.it\/it\/wp-content\/uploads\/2020\/05\/dispositivo-medico-dorsal-2.jpg\" alt=\"\" width=\"94\" height=\"94\" \/> <span style=\"color: #000000;\">I materassi e le reti Dorsal certificate come Dispositivo Medico rispondono ai requisiti ministeriali per la prevenzione delle patologie da decubito.<\/span><br \/>\n<span style=\"color: #000000;\">I materassi Elisir sono un dispositivo Medico Classe 1 marcato CE, conforme alla Direttiva Europea 2017\/745. Detraibile fiscalmente.<\/span><\/p>\n<p>&nbsp;<\/p>\n<p style=\"text-align: center;\"><strong><span style=\"color: #000000;\">Prodotto su misura<\/span><\/strong><\/p>\n<p style=\"text-align: left;\"><span style=\"color: #000000;\">Le misure presenti non si adattano alla rete o alla stanza?<\/span><br \/>\n<span style=\"color: #000000;\">Il Materasso Elisir 5000 \u00e8 realizzabile su misura. <strong>Contattaci<\/strong> per un preventivo chiamandoci al numero (+39)0902935373 , via mail a info@gittoletto.it, tramite l&#8217;apposito form che trovi <a style=\"color: #0000ff;\" href=\"https:\/\/gittoletto.it\/it\/contattaci\/\"><span style=\"text-decoration: underline;\">cliccando qui<\/span><\/a><\/span>o via whatsapp al numero (+39)3420442155<\/p>\n<p>&nbsp;<\/p>\n<p style=\"text-align: center;\"><span style=\"color: #000000;\"><strong>Garanzia ed altre informazioni<\/strong><\/span><\/p>\n<p><span style=\"color: #000000;\">Tutti i prodotti Dorsal sono realizzati con materiali scelti, resistenti, duraturi e sottoposti a test di controllo. Ne risultano prodotti di alta qualit\u00e0 per i quali Dorsal offre la garanzia di legge ex D.L. 2 febbraio 2002 n\u00b0 24, che consiste in<strong> 2 anni<\/strong> di garanzia sul prodotto.<\/span><\/p>\n<p><span style=\"color: #000000;\">Collegandosi nell&#8217;area di registrazione della garanzia Dorsal, in soli 5 minuti <strong>potrete estendere la garanzia del prodotto da 2 a 5 anni.\u00a0\u00a0<a href=\"http:\/\/garanzia.dorsal.it\/\">http:\/\/garanzia.dorsal.it\/<\/a><\/strong><\/span><\/p>\n","protected":false},"excerpt":{"rendered":"<h4><span style=\"color: #000000; font-size: 12pt;\">Materasso ergonomico con rivestimento sfoderabile. Struttura interna a 3 lastre con rinforzo centrale.<\/span><\/h4>\n<p>&nbsp;<\/p>\n<p>Disponibilit\u00e0 di misure personalizzate, <a href=\"https:\/\/gittoletto.it\/it\/contattaci\/\">contattaci<\/a> per ulteriori informazioni.<\/p>\n","protected":false},"featured_media":14911,"template":"","meta":[],"product_brand":[],"product_cat":[118],"product_tag":[129,154],"class_list":{"0":"post-11676","1":"product","2":"type-product","3":"status-publish","4":"has-post-thumbnail","6":"product_cat-materassi-memory-e-poliuretano","7":"product_tag-detrazione-fiscale","8":"product_tag-dispositivo-medico","9":"product_shipping_class-ingombranti","11":"first","12":"instock","13":"sale","14":"shipping-taxable","15":"purchasable","16":"product-type-variable"},"_links":{"self":[{"href":"https:\/\/gittoletto.it\/it\/wp-json\/wp\/v2\/product\/11676","targetHints":{"allow":["GET"]}}],"collection":[{"href":"https:\/\/gittoletto.it\/it\/wp-json\/wp\/v2\/product"}],"about":[{"href":"https:\/\/gittoletto.it\/it\/wp-json\/wp\/v2\/types\/product"}],"wp:featuredmedia":[{"embeddable":true,"href":"https:\/\/gittoletto.it\/it\/wp-json\/wp\/v2\/media\/14911"}],"wp:attachment":[{"href":"https:\/\/gittoletto.it\/it\/wp-json\/wp\/v2\/media?parent=11676"}],"wp:term":[{"taxonomy":"product_brand","embeddable":true,"href":"https:\/\/gittoletto.it\/it\/wp-json\/wp\/v2\/product_brand?post=11676"},{"taxonomy":"product_cat","embeddable":true,"href":"https:\/\/gittoletto.it\/it\/wp-json\/wp\/v2\/product_cat?post=11676"},{"taxonomy":"product_tag","embeddable":true,"href":"https:\/\/gittoletto.it\/it\/wp-json\/wp\/v2\/product_tag?post=11676"}],"curies":[{"name":"wp","href":"https:\/\/api.w.org\/{rel}","templated":true}]}}