{"id":11687,"date":"2020-05-03T20:05:19","date_gmt":"2020-05-03T18:05:19","guid":{"rendered":"https:\/\/gittoletto.it\/it\/?post_type=product&#038;p=11687"},"modified":"2025-12-02T19:27:58","modified_gmt":"2025-12-02T18:27:58","slug":"fitness-memory","status":"publish","type":"product","link":"https:\/\/gittoletto.it\/it\/prodotto\/fitness-memory\/","title":{"rendered":"Dorsal Fitness Memory"},"content":{"rendered":"<p><span style=\"color: #000000;\">Ogni notte, mentre riposi, il corpo attiva speciali funzioni metaboliche e rigenerative fondamentali per la tua salute. Per muoverti bene, devi dormire bene.\u00a0<strong>Fitness memory<\/strong> favorisce questa delicata fase: le incisioni sulla struttura esercitano una leggera trazione stretch sui dischi intervertebrali che si rigenerano durante il sonno<\/span><\/p>\n<p><span style=\"color: #000000;\"><b>Dorsal Fitness Memory\u00a0<\/b>\u00e8 il primo materasso pensato per individui che prediligono uno stile di vita all&#8217;insegna dell&#8217;attivit\u00e0 sportiva.<br \/>\nL&#8217;altezza del materasso \u00e8 di 21 cm rivestimento esterno <strong>sfoderabile<\/strong> compreso.<\/span><\/p>\n<p>&nbsp;<\/p>\n<ul>\n<li><span style=\"color: #000000;\">La struttura del materasso esercita una trazione stretch sui dischi intervertebrali,<strong> agevolando le naturali funzioni metaboliche.<\/strong><\/span><\/li>\n<li><strong><span style=\"color: #000000;\">Atossico, anallergico ed ecosostenibile grazie all&#8217;adozione dello schiumato all&#8217;acqua, prodotto senza uso di C.F.C.\u00a0<\/span><\/strong><span style=\"color: #000000;\"> con sette zone di accoglimento<\/span><\/li>\n<li><span style=\"color: #000000;\"><b>Fitness Memory<\/b> accelera il recupero psicofisico durante il sonno attraverso particolari stimolazioni sul tessuto muscolo-fasciali, favorendo il rilassamento ed il recupero delle energie<\/span><\/li>\n<li><span style=\"color: #000000;\">Con la sua<strong> ergonomia ed anatomicit\u00e0<\/strong> aiuta il corpo a mantenere una posizione corretta durante il sonno, liberandolo da tensioni e rigidit\u00e0.<\/span><\/li>\n<li><span style=\"color: #000000;\">Il tessuto in Bioceramica, molto presente nell&#8217;abbigliamento sportivo, \u00e8 impiegato in Fitness come termoregolatore, garantendo sempre <strong>freschezza e comfort.<\/strong><\/span><\/li>\n<\/ul>\n<p>&nbsp;<\/p>\n<p><span style=\"color: #000000;\"><strong>Altamente performante e traspirante<\/strong>, Fitness Memory \u00e8 un materasso studiato per tutte le persone che cercano, anche durante il riposo notturno, una postura ottimale a completamento di uno stile di vita sano, dinamico e sportivo.<br \/>\nLa struttura portante \u00e8 composta da 2 lastre schiumate di Memory (4,5 cm) e poliuretano a zone di accoglimento differenziato (13,5 cm):<br \/>\nIl <strong>memory automodellante, <\/strong>grazie alla sua particolare struttura, <strong>allevia la pressione del peso corporeo con conseguente rilassamento dell&#8217;intera struttura vertebrale<\/strong>, la quale viene accolta assecondandone le naturali curvature e rilasciando le tensioni accumulate durante il giorno, <strong>per un sonno veramente rigenerante<\/strong>.<br \/>\nLa lastra inferiore \u00e8 modellata a sette zone di accoglimento differenziato, con lavorazione stretch e strato superiore in visco elastico automodellante e termosensibile.<\/span><\/p>\n<p>&nbsp;<\/p>\n<p style=\"text-align: center;\"><strong><span style=\"color: #000000;\">Caratteristiche:<\/span><\/strong><\/p>\n<ul style=\"list-style-type: circle;\">\n<li><span style=\"color: #000000;\">Strato superiore in Memory automodellante (4,5 cm)<\/span><\/li>\n<li><span style=\"color: #000000;\">Lavorazioni Stretch<\/span><\/li>\n<li><span style=\"color: #000000;\">Strato schiumato a base d&#8217;acqua a 7 zone differenziate (13,5 cm)<\/span><\/li>\n<\/ul>\n<p style=\"text-align: center;\"><strong><span style=\"color: #000000;\">Rivestimento esterno: Bioceramica TN47<\/span><\/strong><\/p>\n<ul style=\"list-style-type: circle;\">\n<li><span style=\"color: #000000;\">Rivestimento con un lato in bioceramica e cotone e un lato in viscosa<\/span><\/li>\n<li><span style=\"color: #000000;\">Imbottitura in fibra anallergica con zeoliti d&#8217;argento 300gr\/m<sup>2<\/sup> su entrambi i lati<\/span><\/li>\n<li><span style=\"color: #000000;\">Dotato di 4 maniglie<\/span><\/li>\n<li><span style=\"color: #000000;\">Sfoderabile con cerniera sui 4 lati<\/span><\/li>\n<li><span style=\"color: #000000;\">Lavabile in lavatrice a 40\u00b0<\/span><\/li>\n<\/ul>\n<p>&nbsp;<\/p>\n<p><span style=\"color: #000000;\">Naturalit\u00e0 e tecnologia si uniscono in Fitness in un rivestimento realizzato con due tessuti complementari per le loro differenti propriet\u00e0:<\/span><\/p>\n<ul>\n<li><span style=\"color: #000000;\">la Bioceramica, per le sue caratteristiche di <strong>regolazione della temperatura.<\/strong><\/span><\/li>\n<li><span style=\"color: #000000;\">la Viscosa, fibra di origine naturale derivata dalla cellulosa, per <strong>l&#8217;eccellente capacit\u00e0 di assorbimento e dispersione dell&#8217;umidit\u00e0<\/strong> dispersa dal corpo durante la notte. <\/span><\/li>\n<\/ul>\n<p><span style=\"color: #000000;\">Ulteriori vantaggi di Bioceramica sono le <strong>caratteristiche anti-odore e antibatteriche permanenti<\/strong>.<\/span><\/p>\n<p>&nbsp;<\/p>\n<p>&nbsp;<\/p>\n<p style=\"text-align: center;\"><strong><span style=\"color: #000000;\">Certificazioni<\/span><\/strong><\/p>\n<p style=\"text-align: left;\"><span style=\"color: #000000;\"><strong>Dorsal<\/strong> coltiva da sempre un&#8217;attenzione particolare alla sostenibilit\u00e0, all&#8217;ambiente ed all&#8217;uomo e per questo ha sviluppato i suoi processi produttivi nella direzione del rispetto della natura e della salvaguardia del pianeta.<\/span><\/p>\n<ul>\n<li><span style=\"color: #000000;\"><em><strong>FSC<sup>\u00a9<\/sup><\/strong><\/em><\/span>\u00a0 \u00e8<span style=\"color: #000000;\"> una certificazione internazionale, indipendente e di parte terza, specifica per il settore forestale e i prodotti, legnosi e non legnosi, derivati dalle foreste<\/span>.<span style=\"text-decoration: underline;\"><span style=\"color: #008000;\"> <a style=\"color: #008000;\" href=\"http:\/\/www.dorsal.it\/downloads\/certificati\/Certificate_DNV-COC-001159_FSC.pdf\"><em><span style=\"color: #008000; text-decoration: underline;\">Scarica<\/span>\u00a0<span style=\"color: #008000; text-decoration: underline;\">il certificato<\/span><\/em><\/a><\/span><\/span><\/li>\n<li><span style=\"color: #000000;\"><em><strong>PEFC\u2122<\/strong><\/em>\u00a0\u00e8 un sistema di certificazione per la gestione sostenibile delle foreste. Inoltre, gestione ecologicamente appropriata, ma anche mirata al conseguimento di benefici sociale ed economicamente valida.\u00a0<span style=\"text-decoration: underline;\"> <span style=\"color: #008000; text-decoration: underline;\"><a style=\"color: #008000; text-decoration: underline;\" href=\"http:\/\/www.dorsal.it\/downloads\/certificati\/Certificate_No._2015-SKM-PEFC-124_1-25QZV0H_CC.pdf\"><em><span style=\"color: #008000; text-decoration: underline;\">Scarica il certificato<\/span><\/em><\/a><\/span><\/span><\/span><\/li>\n<li><span style=\"color: #000000;\"><strong>Dorsal<\/strong> \u00e8 tra le 57 aziende che hanno sottoscritto la dichiarazione di Vancouver promossa da <strong>FSC<\/strong>. <\/span><span style=\"color: #000000;\">Una carta comune per la salvaguardia delle foreste del mondo, attraverso al quale le aziende si impegnano per una filiera pi\u00f9 sostenibile ed a utilizzare prodotti in legno e prodotti forestali certificati FSC.\u00a0 <span style=\"text-decoration: underline;\"><span style=\"color: #008000;\"><a style=\"color: #008000; text-decoration: underline;\" href=\"https:\/\/ic.fsc.org\/en\/for-business\/vancouver-declaration\">Maggiori informazioni<\/a><\/span><\/span><\/span><\/li>\n<\/ul>\n<p><span style=\"color: #000000;\">Oltre ad utilizzare processi di produzione eco-compatibili, i materassi <strong>Dorsal<\/strong> contengono materie prime provenienti in gran parte da risorse rinnovabili.<br \/>\nMaterie prime naturali come olio di girasole ed acqua ed <strong>escludono totalmente l&#8217;utilizzo di derivati del petrolio.<\/strong><\/span><\/p>\n<p>&nbsp;<\/p>\n<p><img decoding=\"async\" class=\"size-full wp-image-11683 alignleft\" src=\"https:\/\/gittoletto.it\/it\/wp-content\/uploads\/2020\/05\/logo-prova-test.png\" alt=\"\" width=\"191\" height=\"70\" \/><\/p>\n<p><span style=\"color: #000000;\">I materassi Dorsal sono sicuri e durevoli perch\u00e9 sottoposti a collaudo presso i pi\u00f9 autorevoli laboratori indipendenti italiani ed esteri. Una garanzia in pi\u00f9 per il consumatore.<\/span><\/p>\n<p>&nbsp;<\/p>\n<p>&nbsp;<\/p>\n<p><img decoding=\"async\" class=\"wp-image-11677 alignleft\" src=\"https:\/\/gittoletto.it\/it\/wp-content\/uploads\/2020\/05\/aifi_LOGO_1024x1024.png\" alt=\"\" width=\"98\" height=\"98\" srcset=\"https:\/\/gittoletto.it\/it\/wp-content\/uploads\/2020\/05\/aifi_LOGO_1024x1024.png 1024w, https:\/\/gittoletto.it\/it\/wp-content\/uploads\/2020\/05\/aifi_LOGO_1024x1024-300x300.webp 300w, https:\/\/gittoletto.it\/it\/wp-content\/uploads\/2020\/05\/aifi_LOGO_1024x1024-100x100.webp 100w, https:\/\/gittoletto.it\/it\/wp-content\/uploads\/2020\/05\/aifi_LOGO_1024x1024-600x600.webp 600w, https:\/\/gittoletto.it\/it\/wp-content\/uploads\/2020\/05\/aifi_LOGO_1024x1024-150x150.webp 150w, https:\/\/gittoletto.it\/it\/wp-content\/uploads\/2020\/05\/aifi_LOGO_1024x1024-768x768.webp 768w\" sizes=\"(max-width: 98px) 100vw, 98px\" \/><\/p>\n<p><span style=\"color: #000000;\">I prodotti per il riposo Dorsal sono gli unici supporti per il riposo in Italia co-progettati, testati e garantiti dall&#8217; A.I.Fi, <a href=\"http:\/\/www.dorsal.it\/aifi\">l&#8217;Associazione Italiana Fisioterapisti<\/a>, riconosciuta dal Ministero della Salute.<\/span><\/p>\n<p>&nbsp;<\/p>\n<p>&nbsp;<\/p>\n<p>&nbsp;<\/p>\n<p><img decoding=\"async\" class=\" wp-image-11682 alignleft\" src=\"https:\/\/gittoletto.it\/it\/wp-content\/uploads\/2020\/05\/dispositivo-medico-dorsal-2.jpg\" alt=\"\" width=\"94\" height=\"94\" \/> <span style=\"color: #000000;\">I materassi e le reti Dorsal certificate come Dispositivo Medico rispondono ai requisiti ministeriali per la prevenzione delle patologie da decubito.<\/span><br \/>\n<span style=\"color: #000000;\">I materassi Elisir sono un dispositivo Medico Classe 1 marcato CE, conforme alla Direttiva Europea 93\/42\/CEE. Detraibile fiscalmente.<\/span><\/p>\n<p>&nbsp;<\/p>\n<p style=\"text-align: center;\"><strong><span style=\"color: #000000;\">Prodotto su misura<\/span><\/strong><\/p>\n<p style=\"text-align: left;\"><span style=\"color: #000000;\">Le misure presenti non si adattano alla rete o alla stanza?<\/span><br \/>\n<span style=\"color: #000000;\">Il Materasso Fitness Memory \u00e8 realizzabile su misura. Contattaci per un preventivo chiamandoci al numero (+39)0902935373 , via mail a info@gittoletto.it, tramite l&#8217;apposito form che trovi <a href=\"https:\/\/gittoletto.it\/it\/contattaci\/\">cliccando qui <\/a>o via whatsapp al numero (+39)3420442155<\/span><\/p>\n<p>&nbsp;<\/p>\n<p style=\"text-align: center;\"><span style=\"color: #000000;\"><strong>Garanzia ed altre informazioni<\/strong><\/span><\/p>\n<p><span style=\"color: #000000;\">Tutti i prodotti Dorsal sono realizzati con materiali scelti, resistenti, duraturi e sottoposti a test di controllo. Ne risultano prodotti di alta qualit\u00e0 per i quali Dorsal offre la garanzia di legge ex D.L. 2 febbraio 2002 n\u00b0 24, che consiste in<strong> 2 anni<\/strong> di garanzia sul prodotto.<\/span><\/p>\n<p><span style=\"color: #000000;\">Collegandosi nell&#8217;area di registrazione della garanzia Dorsal, in soli 5 minuti <strong>potrete estendere la garanzia del prodotto da 2 a 5 anni.<\/strong><\/span> <a style=\"color: #0000ff;\" href=\"http:\/\/garanzia.dorsal.it\/\">http:\/\/garanzia.dorsal.it\/<\/a><\/p>\n<p>&nbsp;<\/p>\n","protected":false},"excerpt":{"rendered":"<h4>Materasso ergonomico ed anatomico con rivestimento sfoderabile in bioceramica e viscosa.\u00a0 Ideale per gli sportivi.<\/h4>\n<p>&nbsp;<\/p>\n<p>Disponibilit\u00e0 di misure personalizzate, <span style=\"color: #0000ff;\"><a style=\"color: #0000ff;\" href=\"https:\/\/gittoletto.it\/it\/contattaci\/\">contattaci<\/a><\/span> per ulteriori informazioni.<\/p>\n","protected":false},"featured_media":11985,"template":"","meta":[],"product_brand":[],"product_cat":[118],"product_tag":[129,154,128],"class_list":{"0":"post-11687","1":"product","2":"type-product","3":"status-publish","4":"has-post-thumbnail","6":"product_cat-materassi-memory-e-poliuretano","7":"product_tag-detrazione-fiscale","8":"product_tag-dispositivo-medico","9":"product_tag-soluzioni-per-il-riposo","10":"product_shipping_class-ingombranti","12":"first","13":"instock","14":"sale","15":"shipping-taxable","16":"purchasable","17":"product-type-variable"},"_links":{"self":[{"href":"https:\/\/gittoletto.it\/it\/wp-json\/wp\/v2\/product\/11687","targetHints":{"allow":["GET"]}}],"collection":[{"href":"https:\/\/gittoletto.it\/it\/wp-json\/wp\/v2\/product"}],"about":[{"href":"https:\/\/gittoletto.it\/it\/wp-json\/wp\/v2\/types\/product"}],"wp:featuredmedia":[{"embeddable":true,"href":"https:\/\/gittoletto.it\/it\/wp-json\/wp\/v2\/media\/11985"}],"wp:attachment":[{"href":"https:\/\/gittoletto.it\/it\/wp-json\/wp\/v2\/media?parent=11687"}],"wp:term":[{"taxonomy":"product_brand","embeddable":true,"href":"https:\/\/gittoletto.it\/it\/wp-json\/wp\/v2\/product_brand?post=11687"},{"taxonomy":"product_cat","embeddable":true,"href":"https:\/\/gittoletto.it\/it\/wp-json\/wp\/v2\/product_cat?post=11687"},{"taxonomy":"product_tag","embeddable":true,"href":"https:\/\/gittoletto.it\/it\/wp-json\/wp\/v2\/product_tag?post=11687"}],"curies":[{"name":"wp","href":"https:\/\/api.w.org\/{rel}","templated":true}]}}