{"id":11752,"date":"2021-01-28T12:56:15","date_gmt":"2021-01-28T11:56:15","guid":{"rendered":"https:\/\/gittoletto.it\/it\/?post_type=product&#038;p=11752"},"modified":"2025-02-05T21:12:09","modified_gmt":"2025-02-05T20:12:09","slug":"sommier","status":"publish","type":"product","link":"https:\/\/gittoletto.it\/it\/prodotto\/sommier\/","title":{"rendered":"Sommier"},"content":{"rendered":"<p><strong>Sommier<\/strong>\u00a0\u00e8 un letto disponibile in tutte le misure: Matrimoniale, Francese, Piazza e mezzo e singolo.<\/p>\n<p>Il non avere una testata rende il prodotto essenziale e minimalista. La possibilit\u00e0 di scelta tra tessuti ed ecopelle di diversi colori lo rende <strong>versatile per ogni tipo di stanza da quella pi\u00f9 moderna a quella pi\u00f9 classica.<\/strong><\/p>\n<p><strong>Il giroletto \u00e8 sfoderabile e, quindi, facile da pulire.<\/strong><\/p>\n<p>Diversi i giroletto tra cui poter scegliere per personalizzare il letto Sommier<br \/>\n<img fetchpriority=\"high\" decoding=\"async\" class=\"alignnone size-full wp-image-11739\" src=\"https:\/\/gittoletto.it\/it\/wp-content\/uploads\/2021\/01\/Lineare.webp\" alt=\"\" width=\"258\" height=\"300\" srcset=\"https:\/\/gittoletto.it\/it\/wp-content\/uploads\/2021\/01\/Lineare.webp 258w, https:\/\/gittoletto.it\/it\/wp-content\/uploads\/2021\/01\/Lineare-86x100.webp 86w\" sizes=\"(max-width: 258px) 100vw, 258px\" \/> <img decoding=\"async\" class=\"alignnone size-full wp-image-11740\" src=\"https:\/\/gittoletto.it\/it\/wp-content\/uploads\/2021\/01\/Piatto.webp\" alt=\"\" width=\"258\" height=\"300\" srcset=\"https:\/\/gittoletto.it\/it\/wp-content\/uploads\/2021\/01\/Piatto.webp 258w, https:\/\/gittoletto.it\/it\/wp-content\/uploads\/2021\/01\/Piatto-86x100.webp 86w\" sizes=\"(max-width: 258px) 100vw, 258px\" \/> <img decoding=\"async\" class=\"alignnone size-full wp-image-11741\" src=\"https:\/\/gittoletto.it\/it\/wp-content\/uploads\/2021\/01\/Goccia-rovesciata.webp\" alt=\"\" width=\"258\" height=\"300\" srcset=\"https:\/\/gittoletto.it\/it\/wp-content\/uploads\/2021\/01\/Goccia-rovesciata.webp 258w, https:\/\/gittoletto.it\/it\/wp-content\/uploads\/2021\/01\/Goccia-rovesciata-86x100.webp 86w\" sizes=\"(max-width: 258px) 100vw, 258px\" \/> <img loading=\"lazy\" decoding=\"async\" class=\"alignnone size-full wp-image-11742\" src=\"https:\/\/gittoletto.it\/it\/wp-content\/uploads\/2021\/01\/Giroletto-Goccia.webp\" alt=\"\" width=\"258\" height=\"300\" srcset=\"https:\/\/gittoletto.it\/it\/wp-content\/uploads\/2021\/01\/Giroletto-Goccia.webp 258w, https:\/\/gittoletto.it\/it\/wp-content\/uploads\/2021\/01\/Giroletto-Goccia-86x100.webp 86w\" sizes=\"(max-width: 258px) 100vw, 258px\" \/> <img loading=\"lazy\" decoding=\"async\" class=\"alignnone size-full wp-image-11743\" src=\"https:\/\/gittoletto.it\/it\/wp-content\/uploads\/2021\/01\/Medio.webp\" alt=\"\" width=\"258\" height=\"300\" srcset=\"https:\/\/gittoletto.it\/it\/wp-content\/uploads\/2021\/01\/Medio.webp 258w, https:\/\/gittoletto.it\/it\/wp-content\/uploads\/2021\/01\/Medio-86x100.webp 86w\" sizes=\"(max-width: 258px) 100vw, 258px\" \/><\/p>\n<p>Inoltre si pu\u00f2 optare tra il box contenitore con:<\/p>\n<ul>\n<li><strong>alzata singola<\/strong> <img loading=\"lazy\" decoding=\"async\" class=\"wp-image-11750 aligncenter\" src=\"https:\/\/gittoletto.it\/it\/wp-content\/uploads\/2021\/01\/alzata-singola.webp\" alt=\"\" width=\"266\" height=\"111\" srcset=\"https:\/\/gittoletto.it\/it\/wp-content\/uploads\/2021\/01\/alzata-singola.webp 600w, https:\/\/gittoletto.it\/it\/wp-content\/uploads\/2021\/01\/alzata-singola-300x125.webp 300w, https:\/\/gittoletto.it\/it\/wp-content\/uploads\/2021\/01\/alzata-singola-100x42.webp 100w\" sizes=\"(max-width: 266px) 100vw, 266px\" \/><\/li>\n<li><strong>alzata doppia<\/strong> <img loading=\"lazy\" decoding=\"async\" class=\"wp-image-11749 aligncenter\" src=\"https:\/\/gittoletto.it\/it\/wp-content\/uploads\/2021\/01\/alzata-doppia.webp\" alt=\"\" width=\"403\" height=\"114\" srcset=\"https:\/\/gittoletto.it\/it\/wp-content\/uploads\/2021\/01\/alzata-doppia.webp 600w, https:\/\/gittoletto.it\/it\/wp-content\/uploads\/2021\/01\/alzata-doppia-300x85.webp 300w, https:\/\/gittoletto.it\/it\/wp-content\/uploads\/2021\/01\/alzata-doppia-100x28.webp 100w\" sizes=\"(max-width: 403px) 100vw, 403px\" \/><\/li>\n<\/ul>\n<p>Se pensate di dover rinunciare al box contenitore perch\u00e9 sarebbe troppo difficile pulire al centro del letto, abbiamo la soluzione ideale. Il letto Sommier si pu\u00f2 dotare del fantastico <strong>sistema Easy clean<\/strong>, un modo rapido e facile per rimuovere i pannelli e pulire facilmente e bene sotto al letto <strong>senza rinunciare alla solidit\u00e0 della struttura.<\/strong><\/p>\n<p><img loading=\"lazy\" decoding=\"async\" class=\"alignnone size-full wp-image-11748\" style=\"font-size: 1rem\" src=\"https:\/\/gittoletto.it\/it\/wp-content\/uploads\/2021\/01\/easy-clean.webp\" alt=\"\" width=\"300\" height=\"251\" srcset=\"https:\/\/gittoletto.it\/it\/wp-content\/uploads\/2021\/01\/easy-clean.webp 300w, https:\/\/gittoletto.it\/it\/wp-content\/uploads\/2021\/01\/easy-clean-100x84.webp 100w\" sizes=\"(max-width: 300px) 100vw, 300px\" \/> <img loading=\"lazy\" decoding=\"async\" class=\"alignnone wp-image-11747\" src=\"https:\/\/gittoletto.it\/it\/wp-content\/uploads\/2021\/01\/Easy-Clean-1.webp\" alt=\"\" width=\"249\" height=\"249\" srcset=\"https:\/\/gittoletto.it\/it\/wp-content\/uploads\/2021\/01\/Easy-Clean-1.webp 728w, https:\/\/gittoletto.it\/it\/wp-content\/uploads\/2021\/01\/Easy-Clean-1-300x300.webp 300w, https:\/\/gittoletto.it\/it\/wp-content\/uploads\/2021\/01\/Easy-Clean-1-100x100.webp 100w, https:\/\/gittoletto.it\/it\/wp-content\/uploads\/2021\/01\/Easy-Clean-1-600x600.webp 600w, https:\/\/gittoletto.it\/it\/wp-content\/uploads\/2021\/01\/Easy-Clean-1-150x150.webp 150w\" sizes=\"(max-width: 249px) 100vw, 249px\" \/>\u00a0<span style=\"font-size: 1rem\">\u00a0<\/span><span style=\"font-size: 1rem\"> <img loading=\"lazy\" decoding=\"async\" class=\"alignnone wp-image-11746\" src=\"https:\/\/gittoletto.it\/it\/wp-content\/uploads\/2021\/01\/easy-clean-2.webp\" alt=\"\" width=\"251\" height=\"251\" srcset=\"https:\/\/gittoletto.it\/it\/wp-content\/uploads\/2021\/01\/easy-clean-2.webp 727w, https:\/\/gittoletto.it\/it\/wp-content\/uploads\/2021\/01\/easy-clean-2-300x300.webp 300w, https:\/\/gittoletto.it\/it\/wp-content\/uploads\/2021\/01\/easy-clean-2-100x100.webp 100w, https:\/\/gittoletto.it\/it\/wp-content\/uploads\/2021\/01\/easy-clean-2-600x600.webp 600w, https:\/\/gittoletto.it\/it\/wp-content\/uploads\/2021\/01\/easy-clean-2-150x150.webp 150w\" sizes=\"(max-width: 251px) 100vw, 251px\" \/><img loading=\"lazy\" decoding=\"async\" class=\"alignnone wp-image-11745\" src=\"https:\/\/gittoletto.it\/it\/wp-content\/uploads\/2021\/01\/easy-clean-3.webp\" alt=\"\" width=\"297\" height=\"242\" srcset=\"https:\/\/gittoletto.it\/it\/wp-content\/uploads\/2021\/01\/easy-clean-3.webp 1483w, https:\/\/gittoletto.it\/it\/wp-content\/uploads\/2021\/01\/easy-clean-3-600x489.webp 600w, https:\/\/gittoletto.it\/it\/wp-content\/uploads\/2021\/01\/easy-clean-3-300x244.webp 300w, https:\/\/gittoletto.it\/it\/wp-content\/uploads\/2021\/01\/easy-clean-3-768x626.webp 768w, https:\/\/gittoletto.it\/it\/wp-content\/uploads\/2021\/01\/easy-clean-3-1024x834.webp 1024w, https:\/\/gittoletto.it\/it\/wp-content\/uploads\/2021\/01\/easy-clean-3-1170x953.webp 1170w, https:\/\/gittoletto.it\/it\/wp-content\/uploads\/2021\/01\/easy-clean-3-100x81.webp 100w\" sizes=\"(max-width: 297px) 100vw, 297px\" \/><img loading=\"lazy\" decoding=\"async\" class=\"alignnone wp-image-11744\" src=\"https:\/\/gittoletto.it\/it\/wp-content\/uploads\/2021\/01\/easy-clean-4.webp\" alt=\"\" width=\"249\" height=\"243\" srcset=\"https:\/\/gittoletto.it\/it\/wp-content\/uploads\/2021\/01\/easy-clean-4.webp 1508w, https:\/\/gittoletto.it\/it\/wp-content\/uploads\/2021\/01\/easy-clean-4-600x586.webp 600w, https:\/\/gittoletto.it\/it\/wp-content\/uploads\/2021\/01\/easy-clean-4-300x293.webp 300w, https:\/\/gittoletto.it\/it\/wp-content\/uploads\/2021\/01\/easy-clean-4-768x750.webp 768w, https:\/\/gittoletto.it\/it\/wp-content\/uploads\/2021\/01\/easy-clean-4-1024x1000.webp 1024w, https:\/\/gittoletto.it\/it\/wp-content\/uploads\/2021\/01\/easy-clean-4-1170x1142.webp 1170w, https:\/\/gittoletto.it\/it\/wp-content\/uploads\/2021\/01\/easy-clean-4-100x98.webp 100w\" sizes=\"(max-width: 249px) 100vw, 249px\" \/><\/span><\/p>\n<p><span style=\"text-decoration: underline;font-size: 12pt\"><span style=\"color: #0000ff\"><a style=\"color: #0000ff\" href=\"https:\/\/www.cosmoletti.com\/wp-content\/uploads\/2020\/11\/sommier.pdf\"><strong>SCHEDA TECNICA PRODOTTO<\/strong><\/a><\/span><\/span><\/p>\n<p><strong>Contattaci<\/strong> per ulteriori informazioni chiamandoci al numero\u00a0<a href=\"tel:+390902935373\"><span style=\"color: #0000ff\">(+39) 0902935373<\/span><\/a> , via mail a<span style=\"color: #0000ff\">\u00a0<a style=\"color: #0000ff\" href=\"info@gittoletto.it\">info@gittoletto.it<\/a> <\/span>, tramite l&#8217;apposito form che trovi cliccando<span style=\"color: #0000ff\"> <a style=\"color: #0000ff\" href=\"https:\/\/gittoletto.it\/it\/contattaci\/\">qui<\/a><\/span> o via whatsapp al numero<span style=\"color: #0000ff\">\u00a0<a style=\"color: #0000ff\" href=\"https:\/\/wa.me\/393420442155\">(+39) 3420442155<\/a><\/span><\/p>\n<p>&nbsp;<\/p>\n","protected":false},"excerpt":{"rendered":"<p><strong>Sommier, giroletto totalmente sfoderabile e personalizzabile.<\/strong><br \/>\nRete a doghe con doppio longherone centrale<br \/>\nDisponibile con o senza contenitore, in tessuto o in ecopelle, piedi in legno o metallo di diverse altezze.<\/p>\n<p><span style=\"color: #ff0000\"><a style=\"color: #ff0000\" href=\"https:\/\/gittoletto.it\/it\/contattaci\/\">Contattaci<\/a><\/span> per ulteriori informazioni<\/p>\n","protected":false},"featured_media":11753,"template":"","meta":[],"product_brand":[],"product_cat":[115],"product_tag":[311,140,138,310],"class_list":{"0":"post-11752","1":"product","2":"type-product","3":"status-publish","4":"has-post-thumbnail","6":"product_cat-letti","7":"product_tag-box-contenitore","8":"product_tag-contenitore","9":"product_tag-letto-contenitore","10":"product_tag-letto-sommier","11":"product_shipping_class-ingombranti","13":"first","14":"instock","15":"shipping-taxable","16":"product-type-simple"},"_links":{"self":[{"href":"https:\/\/gittoletto.it\/it\/wp-json\/wp\/v2\/product\/11752","targetHints":{"allow":["GET"]}}],"collection":[{"href":"https:\/\/gittoletto.it\/it\/wp-json\/wp\/v2\/product"}],"about":[{"href":"https:\/\/gittoletto.it\/it\/wp-json\/wp\/v2\/types\/product"}],"wp:featuredmedia":[{"embeddable":true,"href":"https:\/\/gittoletto.it\/it\/wp-json\/wp\/v2\/media\/11753"}],"wp:attachment":[{"href":"https:\/\/gittoletto.it\/it\/wp-json\/wp\/v2\/media?parent=11752"}],"wp:term":[{"taxonomy":"product_brand","embeddable":true,"href":"https:\/\/gittoletto.it\/it\/wp-json\/wp\/v2\/product_brand?post=11752"},{"taxonomy":"product_cat","embeddable":true,"href":"https:\/\/gittoletto.it\/it\/wp-json\/wp\/v2\/product_cat?post=11752"},{"taxonomy":"product_tag","embeddable":true,"href":"https:\/\/gittoletto.it\/it\/wp-json\/wp\/v2\/product_tag?post=11752"}],"curies":[{"name":"wp","href":"https:\/\/api.w.org\/{rel}","templated":true}]}}