{"id":11770,"date":"2021-02-01T19:16:37","date_gmt":"2021-02-01T18:16:37","guid":{"rendered":"https:\/\/gittoletto.it\/it\/?post_type=product&#038;p=11770"},"modified":"2025-12-02T20:01:10","modified_gmt":"2025-12-02T19:01:10","slug":"elisir-3000","status":"publish","type":"product","link":"https:\/\/gittoletto.it\/it\/prodotto\/elisir-3000\/","title":{"rendered":"Dorsal Elisir 3000"},"content":{"rendered":"<p><span style=\"color: #000000;\">Il modello <strong>Elisir 3000 <\/strong>presenta una doppia superficie di contatto utilizzabile.<\/span><\/p>\n<p><span style=\"color: #000000;\">Un lato in Gel fresco e termoregolante per la stagione pi\u00f9 calda e l&#8217;altro in Memory Active automodellante, anatomico ma traspirante grazie alla sua struttura a cella aperta. <strong>Ideale per chi dorme di lato<\/strong>, lo studio dello strato interno risulta calibrato e reattivo, con zona spalle\/polpacci confortevole e una area bacino pi\u00f9 sostenuta. <\/span><\/p>\n<p><span style=\"color: #000000;\">La particolare lavorazione stretch favorisce il naturale allungamento della colonna vertebrale.\u00a0<\/span><\/p>\n<p><span style=\"color: #000000;\"><strong>Elisir veste il rivestimento Naturargento, uno dei tessuti pi\u00f9 apprezzati nel campo della lotta contro le allergie.<\/strong> \u00c8 certificato Nano Technology (Hohenstein) in quanto le nano particelle d\u2019argento sono intrinseche alla fibra.<br \/>\nLa composizione naturale in fibra Tencel\u00ae lo rende morbido e piacevole al tatto. Naturargento \u00e8 innovativo per molte ragioni: \u00e8 efficace contro germi patogeni ed un vasto numero di batteri e salmonelle, dotato di alti valori di conduttivit\u00e0, contribuisce a disperdere le cariche elettromagnetiche presenti nell\u2019ambiente, previene i cattivi odori garantendo igiene e freschezza al materasso.<br \/>\n<\/span><\/p>\n<p><strong><span style=\"color: #000000;\">Elisir: speciale fuori, unico dentro. Dispositivo medico, richiedi la detrazione fiscale al 19% per le spese mediche<\/span><\/strong><\/p>\n<ul>\n<li><span style=\"color: #000000;\"><img decoding=\"async\" class=\" wp-image-11776 alignright\" src=\"https:\/\/gittoletto.it\/it\/wp-content\/uploads\/2021\/02\/Schermata-2021-02-01-alle-18.26.53.webp\" alt=\"\" width=\"110\" height=\"140\" srcset=\"https:\/\/gittoletto.it\/it\/wp-content\/uploads\/2021\/02\/Schermata-2021-02-01-alle-18.26.53.webp 180w, https:\/\/gittoletto.it\/it\/wp-content\/uploads\/2021\/02\/Schermata-2021-02-01-alle-18.26.53-79x100.webp 79w\" sizes=\"(max-width: 110px) 100vw, 110px\" \/>Fresco, termoregolante, traspirante e anatomico. Il Gel Dorsal e\u0300 un materiale ad alta densita\u0300 e\u00a0 realizzato con una tecnologia esclusiva che garantisce una elevata sensazione di freschezza. E\u2019 indeformabile ed estremamente traspirante. Disperde il calore e si adatta alle forme del corpo. Gel e\u0300 inserito in tutti i materassi Elisir.<\/span><\/li>\n<\/ul>\n<p>&nbsp;<\/p>\n<ul>\n<li><span style=\"color: #000000;\"><img decoding=\"async\" class=\" wp-image-11775 alignright\" src=\"https:\/\/gittoletto.it\/it\/wp-content\/uploads\/2021\/02\/Schermata-2021-02-01-alle-18.27.02.webp\" alt=\"\" width=\"128\" height=\"141\" srcset=\"https:\/\/gittoletto.it\/it\/wp-content\/uploads\/2021\/02\/Schermata-2021-02-01-alle-18.27.02.webp 208w, https:\/\/gittoletto.it\/it\/wp-content\/uploads\/2021\/02\/Schermata-2021-02-01-alle-18.27.02-91x100.webp 91w\" sizes=\"(max-width: 128px) 100vw, 128px\" \/>Il Memory Active \u00e8 una nuova tecnologia di viscoelastico che grazie ad una struttura a cellula aperta, permette il libero passaggio dell\u2019aria e la dispersione del calore. La sua particolare composizione combina le elevate caratteristiche di aerazione con una struttura a memoria di forma, calibrata, non eccessiva, che sa adattarsi alle esigenze di ognuno lasciando ampia liberta\u0300 di movimento nei cambi di posizione notturna.<\/span><\/li>\n<\/ul>\n<p>&nbsp;<\/p>\n<ul>\n<li><span style=\"color: #000000;\"><img decoding=\"async\" class=\"wp-image-11774 alignright\" src=\"https:\/\/gittoletto.it\/it\/wp-content\/uploads\/2021\/02\/Schermata-2021-02-01-alle-18.27.07.webp\" alt=\"\" width=\"118\" height=\"140\" srcset=\"https:\/\/gittoletto.it\/it\/wp-content\/uploads\/2021\/02\/Schermata-2021-02-01-alle-18.27.07.webp 192w, https:\/\/gittoletto.it\/it\/wp-content\/uploads\/2021\/02\/Schermata-2021-02-01-alle-18.27.07-84x100.webp 84w\" sizes=\"(max-width: 118px) 100vw, 118px\" \/>Materiale tecnologico che compone le zone interne o di sostegno. Calibrato e reattivo, garantisce un sostegno equilibrato al corpo enfatizzando gli strati di comfort.<\/span><\/li>\n<\/ul>\n<p>&nbsp;<\/p>\n<p>&nbsp;<\/p>\n<p>&nbsp;<\/p>\n<ul>\n<li><span style=\"color: #000000;\"><img loading=\"lazy\" decoding=\"async\" class=\"wp-image-11773 alignright\" src=\"https:\/\/gittoletto.it\/it\/wp-content\/uploads\/2021\/02\/Schermata-2021-02-01-alle-18.27.14.webp\" alt=\"\" width=\"123\" height=\"148\" srcset=\"https:\/\/gittoletto.it\/it\/wp-content\/uploads\/2021\/02\/Schermata-2021-02-01-alle-18.27.14.webp 185w, https:\/\/gittoletto.it\/it\/wp-content\/uploads\/2021\/02\/Schermata-2021-02-01-alle-18.27.14-83x100.webp 83w\" sizes=\"(max-width: 123px) 100vw, 123px\" \/>Il rivestimento Elisir e\u0300 facilmente riconoscibile dalla cerniera di un verde energetico e dalla trapuntatura personalizzata. Dotato di 4 maniglie, sfoderabile con cerniera sui 4 lati e lavabile in lavatrice fino a 40\u00b0. L\u2019imbottitura del rivestimento Elisir, in sintonia con il tessuto Naturargento, e\u0300 composta da fibra anallergica con zeoliti d\u2019argento. L\u2019imbottitura \u00e8 di 420 gr\/m2 su entrambi i lati, aumentando cosi\u0300 il comfort generale del materasso.<\/span><\/li>\n<\/ul>\n<p>&nbsp;<\/p>\n<p>&nbsp;<\/p>\n<p style=\"text-align: center;\"><span style=\"color: #000000;\">Certificazioni<\/span><\/p>\n<p style=\"text-align: left;\"><span style=\"color: #000000;\"><strong>Dorsal<\/strong> coltiva da sempre un&#8217;attenzione particolare alla sostenibilit\u00e0, all&#8217;ambiente ed all&#8217;uomo e per questo ha sviluppato i suoi processi produttivi nella direzione del rispetto della natura e della salvaguardia del pianeta.<\/span><\/p>\n<ul>\n<li><span style=\"color: #000000;\"><em><strong>FSC<sup>\u00a9<\/sup><\/strong><\/em>\u00a0 \u00e8 una certificazione internazionale, indipendente e di parte terza, specifica per il settore forestale e i prodotti, legnosi e non legnosi, derivati dalle foreste<\/span>.<a style=\"color: #008000; text-decoration: underline;\" href=\"http:\/\/www.dorsal.it\/downloads\/certificati\/Certificate_DNV-COC-001159_FSC.pdf\">Scarica il certificato<\/a><\/li>\n<li><span style=\"color: #000000;\"><em><strong>PEFC\u2122<\/strong><\/em>\u00a0\u00e8 un sistema di certificazione per la gestione sostenibile delle foreste. Inoltre, gestione ecologicamente appropriata, ma anche mirata al conseguimento di benefici sociale ed economicamente valida.\u00a0 <a style=\"color: #008000; text-decoration: underline;\" href=\"http:\/\/www.dorsal.it\/downloads\/certificati\/Certificate_No._2015-SKM-PEFC-124_1-25QZV0H_CC.pdf\">Scarica il certificato<\/a><\/span><\/li>\n<li><span style=\"color: #000000;\"><strong>Dorsal<\/strong> \u00e8 tra le 57 aziende che hanno sottoscritto la dichiarazione di Vancouver promossa da <strong>FSC<\/strong>. Una carta comune per la salvaguardia delle foreste del mondo, attraverso al quale le aziende si impegnano per una filiera pi\u00f9 sostenibile ed a utilizzare prodotti in legno e prodotti forestali certificati FSC.<\/span>\u00a0<a style=\"color: #008000; text-decoration: underline;\" href=\"https:\/\/ic.fsc.org\/en\/for-business\/vancouver-declaration\">Maggiori informazioni<\/a><\/li>\n<\/ul>\n<p><span style=\"color: #000000;\">Oltre ad utilizzare processi di produzione eco-compatibili, i materassi <strong>Dorsal<\/strong> contengono materie prime provenienti in gran parte da risorse rinnovabili.<br \/>\nMaterie prime naturali come olio di girasole ed acqua ed <strong>escludono totalmente l&#8217;utilizzo di derivati del petrolio.<\/strong><\/span><\/p>\n<p>&nbsp;<\/p>\n<p><img loading=\"lazy\" decoding=\"async\" class=\"size-full wp-image-11683 alignleft\" src=\"https:\/\/gittoletto.it\/it\/wp-content\/uploads\/2020\/05\/logo-prova-test.webp\" alt=\"\" width=\"191\" height=\"70\" srcset=\"https:\/\/gittoletto.it\/it\/wp-content\/uploads\/2020\/05\/logo-prova-test.webp 191w, https:\/\/gittoletto.it\/it\/wp-content\/uploads\/2020\/05\/logo-prova-test-100x37.webp 100w\" sizes=\"(max-width: 191px) 100vw, 191px\" \/><\/p>\n<p><span style=\"color: #000000;\">I materassi Dorsal sono sicuri e durevoli perch\u00e9 sottoposti a collaudo presso i pi\u00f9 autorevoli laboratori indipendenti italiani ed esteri. Una garanzia in pi\u00f9 per il consumatore.<\/span><\/p>\n<p>&nbsp;<\/p>\n<p>&nbsp;<\/p>\n<p><img loading=\"lazy\" decoding=\"async\" class=\"wp-image-11677 alignleft\" src=\"https:\/\/gittoletto.it\/it\/wp-content\/uploads\/2020\/05\/aifi_LOGO_1024x1024.png\" alt=\"\" width=\"98\" height=\"98\" srcset=\"https:\/\/gittoletto.it\/it\/wp-content\/uploads\/2020\/05\/aifi_LOGO_1024x1024.png 1024w, https:\/\/gittoletto.it\/it\/wp-content\/uploads\/2020\/05\/aifi_LOGO_1024x1024-300x300.webp 300w, https:\/\/gittoletto.it\/it\/wp-content\/uploads\/2020\/05\/aifi_LOGO_1024x1024-100x100.webp 100w, https:\/\/gittoletto.it\/it\/wp-content\/uploads\/2020\/05\/aifi_LOGO_1024x1024-600x600.webp 600w, https:\/\/gittoletto.it\/it\/wp-content\/uploads\/2020\/05\/aifi_LOGO_1024x1024-150x150.webp 150w, https:\/\/gittoletto.it\/it\/wp-content\/uploads\/2020\/05\/aifi_LOGO_1024x1024-768x768.webp 768w\" sizes=\"(max-width: 98px) 100vw, 98px\" \/><\/p>\n<p><span style=\"color: #000000;\">I prodotti per il riposo Dorsal sono gli unici supporti per il riposo in Italia co-progettati, testati e garantiti dall&#8217; A.I.Fi,<span style=\"text-decoration: underline; color: #0000ff;\"> <a style=\"color: #0000ff; text-decoration: underline;\" href=\"http:\/\/www.dorsal.it\/aifi\">l&#8217;Associazione Italiana Fisioterapisti<\/a><\/span>, riconosciuta dal Ministero della Salute.<\/span><\/p>\n<p>&nbsp;<\/p>\n<p>&nbsp;<\/p>\n<p>&nbsp;<\/p>\n<p><img loading=\"lazy\" decoding=\"async\" class=\" wp-image-11682 alignleft\" src=\"https:\/\/gittoletto.it\/it\/wp-content\/uploads\/2020\/05\/dispositivo-medico-dorsal-2.webp\" alt=\"\" width=\"94\" height=\"94\" \/> <span style=\"color: #000000;\">I materassi e le reti Dorsal certificate come Dispositivo Medico rispondono ai requisiti ministeriali per la prevenzione delle patologie da decubito.<\/span><br \/>\n<span style=\"color: #000000;\">I materassi Elisir sono un dispositivo Medico Classe 1 marcato CE, conforme alla Direttiva Europea 93\/42\/CEE. Detraibile fiscalmente.<\/span><\/p>\n<p>&nbsp;<\/p>\n<p style=\"text-align: center;\"><strong><span style=\"color: #000000;\">Prodotto su misura<\/span><\/strong><\/p>\n<p style=\"text-align: left;\"><span style=\"color: #000000;\">Le misure presenti non si adattano alla rete o alla stanza?<\/span><br \/>\n<span style=\"color: #000000;\">Il Materasso Elisir 3000 \u00e8 realizzabile su misura. <strong>Contattaci<\/strong> per un preventivo chiamandoci al numero (+39)0902935373 , via mail a info@gittoletto.it, tramite l&#8217;apposito form che trovi <span style=\"color: #0000ff;\"><a style=\"color: #0000ff;\" href=\"https:\/\/gittoletto.it\/it\/contattaci\/\"><span style=\"text-decoration: underline;\">cliccando qui<\/span> <\/a><\/span>o via whatsapp al numero (+39)3420442155<\/span><\/p>\n<p>&nbsp;<\/p>\n<p style=\"text-align: center;\"><span style=\"color: #000000;\"><strong>Garanzia ed altre informazioni<\/strong><\/span><\/p>\n<p><span style=\"color: #000000;\">Tutti i prodotti Dorsal sono realizzati con materiali scelti, resistenti, duraturi e sottoposti a test di controllo. Ne risultano prodotti di alta qualit\u00e0 per i quali Dorsal offre la garanzia di legge ex D.L. 2 febbraio 2002 n\u00b0 24, che consiste in<strong> 2 anni<\/strong> di garanzia sul prodotto.<\/span><\/p>\n<p><span style=\"color: #000000;\">Collegandosi nell&#8217;area di registrazione della garanzia Dorsal, in soli 5 minuti <strong>potrete<\/strong> <strong>estendere la garanzia del prodotto da 2 a 5 anni.\u00a0\u00a0<a href=\"http:\/\/garanzia.dorsal.it\/\">http:\/\/garanzia.dorsal.it\/<\/a><\/strong><\/span><\/p>\n","protected":false},"excerpt":{"rendered":"<p><span style=\"color: #000000;\">Materasso Elisir 3000\u00a0<\/span><br \/>\n<span style=\"color: #000000;\">E&#8217; un dispositivo medico, richiedi la detrazione fiscale al 19% come spese mediche<\/span><\/p>\n","protected":false},"featured_media":11877,"template":"","meta":[],"product_brand":[],"product_cat":[110,118],"product_tag":[129,154],"class_list":{"0":"post-11770","1":"product","2":"type-product","3":"status-publish","4":"has-post-thumbnail","6":"product_cat-materassi","7":"product_cat-materassi-memory-e-poliuretano","8":"product_tag-detrazione-fiscale","9":"product_tag-dispositivo-medico","10":"product_shipping_class-ingombranti","12":"first","13":"instock","14":"sale","15":"shipping-taxable","16":"purchasable","17":"product-type-variable"},"_links":{"self":[{"href":"https:\/\/gittoletto.it\/it\/wp-json\/wp\/v2\/product\/11770","targetHints":{"allow":["GET"]}}],"collection":[{"href":"https:\/\/gittoletto.it\/it\/wp-json\/wp\/v2\/product"}],"about":[{"href":"https:\/\/gittoletto.it\/it\/wp-json\/wp\/v2\/types\/product"}],"wp:featuredmedia":[{"embeddable":true,"href":"https:\/\/gittoletto.it\/it\/wp-json\/wp\/v2\/media\/11877"}],"wp:attachment":[{"href":"https:\/\/gittoletto.it\/it\/wp-json\/wp\/v2\/media?parent=11770"}],"wp:term":[{"taxonomy":"product_brand","embeddable":true,"href":"https:\/\/gittoletto.it\/it\/wp-json\/wp\/v2\/product_brand?post=11770"},{"taxonomy":"product_cat","embeddable":true,"href":"https:\/\/gittoletto.it\/it\/wp-json\/wp\/v2\/product_cat?post=11770"},{"taxonomy":"product_tag","embeddable":true,"href":"https:\/\/gittoletto.it\/it\/wp-json\/wp\/v2\/product_tag?post=11770"}],"curies":[{"name":"wp","href":"https:\/\/api.w.org\/{rel}","templated":true}]}}