{"id":11889,"date":"2022-09-12T09:19:02","date_gmt":"2022-09-12T07:19:02","guid":{"rendered":"https:\/\/gittoletto.it\/it\/?post_type=product&#038;p=11889"},"modified":"2025-12-02T17:42:25","modified_gmt":"2025-12-02T16:42:25","slug":"zefiro-mousse","status":"publish","type":"product","link":"https:\/\/gittoletto.it\/it\/prodotto\/zefiro-mousse\/","title":{"rendered":"Dorsal Zefiro Mousse"},"content":{"rendered":"<p>Lasciati ispirare dal benessere del Zefiro Mousse. Un&#8217;esperienza di riposo unica che nasce dall&#8217;unione di materiali eccellenti, naturali e tecnologici.<\/p>\n<p style=\"text-align: center;\"><strong>Caratteristiche materasso:<\/strong><\/p>\n<p><img fetchpriority=\"high\" decoding=\"async\" class=\"alignright\" src=\"https:\/\/cdn.shopify.com\/s\/files\/1\/0049\/1261\/1421\/products\/Zefiro_mousse_dettagli_1024x1024@2x.png?v=1554914180\" width=\"343\" height=\"343\" \/><\/p>\n<ul style=\"list-style-type: disc;\">\n<li>Strato automodellante in <strong>Natur Memory Mousse<\/strong> di 7 cm.<\/li>\n<li>Sistema combinato di <strong>aerazione tubes<\/strong> a portanza differenziata.<\/li>\n<li>Fascia perimetrale ad alta reattivit\u00e0 di 8 cm.<\/li>\n<li>Strato inferiore in <strong>GrandSoleil trio cell <\/strong> portanza medium 8,5cm.<\/li>\n<li>L&#8217;altezza totale del materasso \u00e8 24 cm.<\/li>\n<\/ul>\n<p>&nbsp;<\/p>\n<p style=\"text-align: center;\"><strong>I punti di forza del Zefiro mousse:<\/strong><\/p>\n<p><strong>Altamente traspirante e confortevole<\/strong><\/p>\n<p>realizzato con l&#8217;esclusiva tecnologica tubes, Zefiro \u00e8 un efficace sistema di aerazione brevettato, capace di deviare l&#8217;umidit\u00e0 in eccesso e mantenere il totale riciclo dell&#8217;aria al suo interno. Lo strato automodellante in Natur Memory mousse presente nello strato superiore , si <strong>adatta velocemente al corpo<\/strong> e lo asseconda con facilit\u00e0 durante gli spostamenti notturni.<\/p>\n<p>&nbsp;<\/p>\n<p><strong>Naturale e tecnologico<\/strong><\/p>\n<p><strong>realizzato con materie prime provenienti da risorse rinnovabili<\/strong>, Zefiro bandisce il metallo dal materasso e libera il corpo dall&#8217;elettricit\u00e0 statica. La tecnologia Tubes, cuore di zefiro, reagisce agli spostamenti notturni, assecondando il corpo in qualsiasi posizione.<\/p>\n<p>&nbsp;<\/p>\n<p><strong>Durevole e performante<\/strong><\/p>\n<p>l&#8217;elasticit\u00e0 e l&#8217;indeformabilit\u00e0 degli elementi tubes sviluppano una perfetta contropressione che impedisce al corpo di affossarsi e di assumere cattive posizioni.<\/p>\n<p>&nbsp;<\/p>\n<p><strong>Igienicamente perfetto<\/strong><\/p>\n<p>l&#8217;alta traspirazione del materasso, evita il formarsi di un ambiente favorevole a batteri e agenti allergenici. la manutenzione del materasso \u00e8 molto semplice \u00e8 <strong>facile <\/strong> perch\u00e9 Zefiro Mousse <strong> \u00e8\u00a0 sfoderabile e lavabile <\/strong>\u00a0anche in casa per un&#8217;igiene totale.<\/p>\n<p style=\"line-height: 1.71429; margin-bottom: 1.71429rem;\">\u00a0\u00a0<strong style=\"font-size: 1rem;\"><img decoding=\"async\" class=\"alignnone size-medium wp-image-11890\" src=\"https:\/\/gittoletto.it\/it\/wp-content\/uploads\/2022\/09\/ZEFIRO-268x300.webp\" alt=\"\" width=\"268\" height=\"300\" srcset=\"https:\/\/gittoletto.it\/it\/wp-content\/uploads\/2022\/09\/ZEFIRO-268x300.webp 268w, https:\/\/gittoletto.it\/it\/wp-content\/uploads\/2022\/09\/ZEFIRO-89x100.webp 89w, https:\/\/gittoletto.it\/it\/wp-content\/uploads\/2022\/09\/ZEFIRO.webp 526w\" sizes=\"(max-width: 268px) 100vw, 268px\" \/><\/strong><\/p>\n<p>Il rivestimento di\u00a0 Zefiro mousse \u00e8 contemporaneo ed elegante.<\/p>\n<ul>\n<li style=\"list-style-type: none;\">\n<ul>\n<li>tessuto in pregiato tencel alta grammatura, 420 gr\/m<sup>2<\/sup><\/li>\n<li>lato inferiore in tessuto antiscivolo<\/li>\n<li>sfoderabile con cerniera sui 4 lati<\/li>\n<li>lavabile in lavatrice a 30\u00b0<\/li>\n<\/ul>\n<p>&nbsp;<\/p>\n<p><strong>Sistema letto consigliato\u00a0<\/strong><\/p>\n<p>zefiro enfatizza le sue caratteristiche in abbinamento ai supporti anatomici: Ergo, Human, Experience. Butterfly, Xpoint, Supernova e Supego. Ideale per tutte le reti a motore Dorsal.<\/p>\n<p>&nbsp;<\/p>\n<p style=\"text-align: center;\"><strong>\u00a0Certificazioni<\/strong><\/p>\n<p>&nbsp;<\/p>\n<p style=\"text-align: left;\"><span style=\"color: #000000;\"><strong>La Dorsal<\/strong> coltiva da sempre un&#8217;attenzione particolare alla sostenibilit\u00e0, all&#8217;ambiente ed all&#8217;uomo e per questo ha sviluppato i suoi processi produttivi nella direzione del rispetto della natura e della salvaguardia del pianeta.<\/span><\/p>\n<ul>\n<li><span style=\"color: #000000;\"><em><strong>FSC<sup>\u00a9<\/sup><\/strong><\/em> \u00e8 una certificazione internazionale, indipendente e di parte terza, specifica per il settore forestale e i prodotti, legnosi e non legnosi, derivati dalle foreste.<a style=\"color: #008000; text-decoration: underline;\" href=\"http:\/\/www.dorsal.it\/downloads\/certificati\/Certificate_DNV-COC-001159_FSC.pdf\"><em>Scarica\u00a0il certificato<\/em><\/a><\/span><\/li>\n<li><span style=\"color: #000000;\"><em><strong>PEFC\u2122<\/strong><\/em>\u00a0\u00e8 un sistema di certificazione per la gestione sostenibile delle foreste. Inoltre, gestione ecologicamente appropriata, ma anche mirata al conseguimento di benefici sociale ed economicamente valida.\u00a0 <a style=\"color: #008000; text-decoration: underline;\" href=\"http:\/\/www.dorsal.it\/downloads\/certificati\/Certificate_No._2015-SKM-PEFC-124_1-25QZV0H_CC.pdf\"><em>Scarica il certificato<\/em><\/a><\/span><\/li>\n<li><span style=\"color: #000000;\"><strong>Dorsal<\/strong> \u00e8 tra le 57 aziende che hanno sottoscritto la dichiarazione di Vancouver promossa da <strong>FSC<\/strong>. Una carta comune per la salvaguardia delle foreste del mondo, attraverso al quale le aziende si impegnano per una filiera pi\u00f9 sostenibile ed a utilizzare prodotti in legno e prodotti forestali certificati FSC.\u00a0<\/span> <a style=\"color: #008000; text-decoration: underline;\" href=\"https:\/\/ic.fsc.org\/en\/for-business\/vancouver-declaration\">Maggiori informazioni<\/a><\/li>\n<\/ul>\n<p><span style=\"color: #000000;\">Oltre ad utilizzare processi di produzione eco-compatibili, i materassi <strong>Dorsal<\/strong> contengono materie prime provenienti in gran parte da risorse rinnovabili.<br \/>\nMaterie prime naturali come olio di girasole ed acqua ed <strong>escludono totalmente l&#8217;utilizzo di derivati del petrolio.<\/strong><\/span><\/p>\n<p>&nbsp;<\/p>\n<p><img decoding=\"async\" class=\"size-full wp-image-11683 alignleft\" src=\"https:\/\/gittoletto.it\/it\/wp-content\/uploads\/2020\/05\/logo-prova-test.webp\" alt=\"\" width=\"191\" height=\"70\" srcset=\"https:\/\/gittoletto.it\/it\/wp-content\/uploads\/2020\/05\/logo-prova-test.webp 191w, https:\/\/gittoletto.it\/it\/wp-content\/uploads\/2020\/05\/logo-prova-test-100x37.webp 100w\" sizes=\"(max-width: 191px) 100vw, 191px\" \/><\/p>\n<p><span style=\"color: #000000;\">I materassi Dorsal sono sicuri e durevoli perch\u00e9 sottoposti a collaudo presso i pi\u00f9 autorevoli laboratori indipendenti italiani ed esteri. Una garanzia in pi\u00f9 per il consumatore.<\/span><\/p>\n<p>&nbsp;<\/p>\n<p>&nbsp;<\/p>\n<p><img loading=\"lazy\" decoding=\"async\" class=\"wp-image-11677 alignleft\" src=\"https:\/\/gittoletto.it\/it\/wp-content\/uploads\/2020\/05\/aifi_LOGO_1024x1024.png\" alt=\"\" width=\"98\" height=\"98\" srcset=\"https:\/\/gittoletto.it\/it\/wp-content\/uploads\/2020\/05\/aifi_LOGO_1024x1024.png 1024w, https:\/\/gittoletto.it\/it\/wp-content\/uploads\/2020\/05\/aifi_LOGO_1024x1024-300x300.webp 300w, https:\/\/gittoletto.it\/it\/wp-content\/uploads\/2020\/05\/aifi_LOGO_1024x1024-100x100.webp 100w, https:\/\/gittoletto.it\/it\/wp-content\/uploads\/2020\/05\/aifi_LOGO_1024x1024-600x600.webp 600w, https:\/\/gittoletto.it\/it\/wp-content\/uploads\/2020\/05\/aifi_LOGO_1024x1024-150x150.webp 150w, https:\/\/gittoletto.it\/it\/wp-content\/uploads\/2020\/05\/aifi_LOGO_1024x1024-768x768.webp 768w\" sizes=\"(max-width: 98px) 100vw, 98px\" \/><\/p>\n<p><span style=\"color: #000000;\">I prodotti per il riposo Dorsal sono gli unici supporti per il riposo in Italia co-progettati, testati e garantiti dall&#8217; A.I.Fi, <a style=\"color: #0000ff; text-decoration: underline;\" href=\"http:\/\/www.dorsal.it\/aifi\">l&#8217;Associazione Italiana Fisioterapisti<\/a>, riconosciuta dal Ministero della Salute.<\/span><\/p>\n<p>&nbsp;<\/p>\n<p>&nbsp;<\/p>\n<p>&nbsp;<\/p>\n<p><img loading=\"lazy\" decoding=\"async\" class=\" wp-image-11682 alignleft\" src=\"https:\/\/gittoletto.it\/it\/wp-content\/uploads\/2020\/05\/dispositivo-medico-dorsal-2.webp\" alt=\"\" width=\"94\" height=\"94\" \/> <span style=\"color: #000000;\">I materassi e le reti Dorsal certificate come Dispositivo Medico rispondono ai requisiti ministeriali per la prevenzione delle patologie da decubito.<\/span><br \/>\n<span style=\"color: #000000;\">I materassi ZEFIRO sono un dispositivo Medico Classe 1 marcato CE, conforme alla Direttiva Europea 2017\/745. Detraibile fiscalmente.<\/span><\/p>\n<p>&nbsp;<\/p>\n<p style=\"text-align: center;\"><strong><span style=\"color: #000000;\">Prodotto su misura<\/span><\/strong><\/p>\n<p style=\"text-align: left;\"><span style=\"color: #000000;\">Le misure presenti non si adattano alla rete o alla stanza?<\/span><br \/>\n<span style=\"color: #000000;\">Il Materasso Zefiro mousse\u00a0 \u00e8 realizzabile su misura. <strong>Contattaci<\/strong> per un preventivo chiamandoci al numero (+39)0902935373 , via mail a info@gittoletto.it, tramite l&#8217;apposito form che trovi <a style=\"color: #0000ff;\" href=\"https:\/\/gittoletto.it\/it\/contattaci\/\"><span style=\"text-decoration: underline;\">cliccando qui<\/span><\/a> o via whatsapp al numero (+39)3420442155<\/span><\/p>\n<p>&nbsp;<\/p>\n<p style=\"text-align: center;\"><span style=\"color: #000000;\"><strong>Garanzia ed altre informazioni<\/strong><\/span><\/p>\n<p><span style=\"color: #000000;\">Tutti i prodotti Dorsal sono realizzati con materiali scelti, resistenti, duraturi e sottoposti a test di controllo. Ne risultano prodotti di alta qualit\u00e0 per i quali Dorsal offre la garanzia di legge ex D.L. 2 febbraio 2002 n\u00b0 24, che consiste in<strong> 2 anni<\/strong> di garanzia sul prodotto.<\/span><\/p>\n<p><span style=\"color: #000000;\">Collegandosi nell&#8217;area di registrazione della garanzia Dorsal, in soli 5 minuti <strong>potrete estendere la garanzia del prodotto da 2 a 5 anni.\u00a0\u00a0<a href=\"http:\/\/garanzia.dorsal.it\/\">http:\/\/garanzia.dorsal.it\/<\/a><\/strong><\/span><\/li>\n<\/ul>\n","protected":false},"excerpt":{"rendered":"<p>Zefiro Mousse \u00e8 un prodotto <strong>Dorsal<\/strong>, dispositivo medico, \u00e8 dotato di uno strato in Natur Memory 7 cm, ha un sistema di areazione Tubes, estremo confort.<\/p>\n","protected":false},"featured_media":11904,"template":"","meta":[],"product_brand":[],"product_cat":[110,118],"product_tag":[333,154,332],"class_list":{"0":"post-11889","1":"product","2":"type-product","3":"status-publish","4":"has-post-thumbnail","6":"product_cat-materassi","7":"product_cat-materassi-memory-e-poliuretano","8":"product_tag-anallergico","9":"product_tag-dispositivo-medico","10":"product_tag-sfoderabile-e-facile-da-lavare","11":"product_shipping_class-ingombranti","13":"first","14":"instock","15":"sale","16":"shipping-taxable","17":"purchasable","18":"product-type-variable"},"_links":{"self":[{"href":"https:\/\/gittoletto.it\/it\/wp-json\/wp\/v2\/product\/11889","targetHints":{"allow":["GET"]}}],"collection":[{"href":"https:\/\/gittoletto.it\/it\/wp-json\/wp\/v2\/product"}],"about":[{"href":"https:\/\/gittoletto.it\/it\/wp-json\/wp\/v2\/types\/product"}],"wp:featuredmedia":[{"embeddable":true,"href":"https:\/\/gittoletto.it\/it\/wp-json\/wp\/v2\/media\/11904"}],"wp:attachment":[{"href":"https:\/\/gittoletto.it\/it\/wp-json\/wp\/v2\/media?parent=11889"}],"wp:term":[{"taxonomy":"product_brand","embeddable":true,"href":"https:\/\/gittoletto.it\/it\/wp-json\/wp\/v2\/product_brand?post=11889"},{"taxonomy":"product_cat","embeddable":true,"href":"https:\/\/gittoletto.it\/it\/wp-json\/wp\/v2\/product_cat?post=11889"},{"taxonomy":"product_tag","embeddable":true,"href":"https:\/\/gittoletto.it\/it\/wp-json\/wp\/v2\/product_tag?post=11889"}],"curies":[{"name":"wp","href":"https:\/\/api.w.org\/{rel}","templated":true}]}}