{"id":11917,"date":"2022-09-13T11:04:00","date_gmt":"2022-09-13T09:04:00","guid":{"rendered":"https:\/\/gittoletto.it\/it\/?post_type=product&#038;p=11917"},"modified":"2025-12-02T17:25:39","modified_gmt":"2025-12-02T16:25:39","slug":"suite-spa","status":"publish","type":"product","link":"https:\/\/gittoletto.it\/it\/prodotto\/suite-spa\/","title":{"rendered":"Dorsal Suite SPA"},"content":{"rendered":"<p><strong>Suite Spa<\/strong> esaudisce il <strong>desiderio di un relax nuovo e naturale<\/strong>. Assapora ogni notte il vero riposo,\u00a0finalmente rilassato e senza tensioni per un risveglio carico di energia e di voglia di vivere.<\/p>\n<p style=\"text-align: center;\"><strong>Caratteristiche del materasso:<\/strong><\/p>\n<ul>\n<li>Strato superiore combinato: <strong>Lattice Talay<\/strong>, confortevole traspirante 3,5 cm e <strong>Natur Memory,<\/strong>\u00a0 termosensibile ed avvolgente 4 cm.<\/li>\n<li>Box composto <strong>da 800 mini pock<\/strong><strong>et<\/strong>\u00a0indipendenti 12 cm.<\/li>\n<li>Strato di sostegno.<\/li>\n<li>Altezza totale del materasso 24 cm.<\/li>\n<\/ul>\n<p>&nbsp;<\/p>\n<p style=\"text-align: center;\"><strong>I punti di forza del Suite:<\/strong><\/p>\n<p><strong>Classico ma ecologico: <\/strong><\/p>\n<p>Spa, \u00e8 la combinazione perfetta fra lavorazione tradizionale a molle e materiali di contatto naturali e performanti.<\/p>\n<p><strong>Igienicamente perfetto:<\/strong><\/p>\n<p>semplice da sfoderare, il rivestimento \u00e8 facilmente lavabile in casa per una igiene totale, prima garanzia di un prodotto anallergico.<\/p>\n<p><strong>Fresco e traspirante:<\/strong><\/p>\n<p>assolutamente termoregolante grazie al rivestimento e alla superficie in Lattice talay.<\/p>\n<p><strong>Durevole e performante:<\/strong><\/p>\n<p>le elevate densit\u00e0 dei materiali 60 kg\/m rendono il materasso estremamente affidabile e duraturo, per prestazioni di alto livello che si mantengono inalterate nel tempo, confortevole ed equilibrato.<\/p>\n<p>&nbsp;<\/p>\n<p><strong>Il rivestimento Viscosa PA13\u00a0<\/strong><\/p>\n<p>il rivestimento di spa, contemporaneo ed elegante, \u00e8 il risultato di due tessuti coordinati che si completano per le differenti caratteristiche di morbidezza e adattabilit\u00e0\u00a0 al materasso.<\/p>\n<ul>\n<li>Tessuto pregiato con Viscosa bielastica, in entrambi i lati.<\/li>\n<li>Filato in alta grammatura 50 gr\/ m<\/li>\n<li>Sfoderabile con cerniera sui 4 lati.<\/li>\n<li>Lavabile in lavatrice a 30 \u00b0<\/li>\n<\/ul>\n<p><strong>Sistema letto consigliato:<\/strong><\/p>\n<p>SPA enfatizza le sue caratteristiche in abbinamento ai supporti anatomici: Super, Sana, Ergo, Human, Experience, Butterfly, Xpoint. Studiato e testato per tutte le reti a motore Dorsal.<\/p>\n<p>&nbsp;<\/p>\n<p style=\"text-align: center;\"><strong>Certificazioni:<\/strong><\/p>\n<p>&nbsp;<\/p>\n<p style=\"text-align: left;\"><span style=\"color: #000000;\"><strong>La Dorsal<\/strong> coltiva da sempre un&#8217;attenzione particolare alla sostenibilit\u00e0, all&#8217;ambiente ed all&#8217;uomo e per questo ha sviluppato i suoi processi produttivi nella direzione del rispetto della natura e della salvaguardia del pianeta.<\/span><\/p>\n<ul>\n<li><span style=\"color: #000000;\"><em><strong>FSC<sup>\u00a9<\/sup><\/strong><\/em> \u00e8 una certificazione internazionale, indipendente e di parte terza, specifica per il settore forestale e i prodotti, legnosi e non legnosi, derivati dalle foreste<\/span>. <a style=\"color: #008000; text-decoration: underline;\" href=\"http:\/\/www.dorsal.it\/downloads\/certificati\/Certificate_DNV-COC-001159_FSC.pdf\"><em>Scarica\u00a0il certificato<\/em><\/a><\/li>\n<li><span style=\"color: #000000;\"><em><strong>PEFC\u2122<\/strong><\/em>\u00a0\u00e8 un sistema di certificazione per la gestione sostenibile delle foreste. Inoltre, gestione ecologicamente appropriata, ma anche mirata al conseguimento di benefici sociale ed economicamente valida.<\/span>\u00a0<a style=\"color: #008000; text-decoration: underline;\" href=\"http:\/\/www.dorsal.it\/downloads\/certificati\/Certificate_No._2015-SKM-PEFC-124_1-25QZV0H_CC.pdf\"><em>Scarica il certificato<\/em><\/a><\/li>\n<li><span style=\"color: #000000;\"><strong>Dorsal<\/strong> \u00e8 tra le 57 aziende che hanno sottoscritto la dichiarazione di Vancouver promossa da <strong>FSC<\/strong>. Una carta comune per la salvaguardia delle foreste del mondo, attraverso la quale le aziende si impegnano per una filiera pi\u00f9 sostenibile ed a utilizzare prodotti in legno e prodotti forestali certificati FSC.<\/span><a style=\"color: #008000; text-decoration: underline;\" href=\"https:\/\/ic.fsc.org\/en\/for-business\/vancouver-declaration\">Maggiori informazioni<\/a><\/li>\n<\/ul>\n<p><span style=\"color: #000000;\">Oltre ad utilizzare processi di produzione eco-compatibili, i materassi <strong>Dorsal<\/strong> contengono materie prime provenienti in gran parte da risorse rinnovabili.<br \/>\nMaterie prime naturali come olio di girasole ed acqua ed <strong>escludono totalmente l&#8217;utilizzo di derivati del petrolio.<\/strong><\/span><\/p>\n<p>&nbsp;<\/p>\n<p>&nbsp;<\/p>\n<p>&nbsp;<\/p>\n<p><img decoding=\"async\" class=\"size-full wp-image-11683 alignleft\" src=\"https:\/\/gittoletto.it\/it\/wp-content\/uploads\/2020\/05\/logo-prova-test.webp\" alt=\"\" width=\"191\" height=\"70\" srcset=\"https:\/\/gittoletto.it\/it\/wp-content\/uploads\/2020\/05\/logo-prova-test.webp 191w, https:\/\/gittoletto.it\/it\/wp-content\/uploads\/2020\/05\/logo-prova-test-100x37.webp 100w\" sizes=\"(max-width: 191px) 100vw, 191px\" \/><\/p>\n<p><span style=\"color: #000000;\">I materassi Dorsal sono sicuri e durevoli perch\u00e9 sottoposti a collaudo presso i pi\u00f9 autorevoli laboratori indipendenti italiani ed esteri. Una garanzia in pi\u00f9 per il consumatore.<\/span><\/p>\n<p>&nbsp;<\/p>\n<p>&nbsp;<\/p>\n<p><img decoding=\"async\" class=\"wp-image-11677 alignleft\" src=\"https:\/\/gittoletto.it\/it\/wp-content\/uploads\/2020\/05\/aifi_LOGO_1024x1024.png\" alt=\"\" width=\"98\" height=\"98\" srcset=\"https:\/\/gittoletto.it\/it\/wp-content\/uploads\/2020\/05\/aifi_LOGO_1024x1024.png 1024w, https:\/\/gittoletto.it\/it\/wp-content\/uploads\/2020\/05\/aifi_LOGO_1024x1024-300x300.webp 300w, https:\/\/gittoletto.it\/it\/wp-content\/uploads\/2020\/05\/aifi_LOGO_1024x1024-100x100.webp 100w, https:\/\/gittoletto.it\/it\/wp-content\/uploads\/2020\/05\/aifi_LOGO_1024x1024-600x600.webp 600w, https:\/\/gittoletto.it\/it\/wp-content\/uploads\/2020\/05\/aifi_LOGO_1024x1024-150x150.webp 150w, https:\/\/gittoletto.it\/it\/wp-content\/uploads\/2020\/05\/aifi_LOGO_1024x1024-768x768.webp 768w\" sizes=\"(max-width: 98px) 100vw, 98px\" \/><\/p>\n<p><span style=\"color: #000000;\">I prodotti per il riposo Dorsal sono gli unici supporti per il riposo in Italia co-progettati, testati e garantiti dall&#8217; A.I.Fi, <a style=\"color: #0000ff; text-decoration: underline;\" href=\"http:\/\/www.dorsal.it\/aifi\">l&#8217;Associazione Italiana Fisioterapisti<\/a>, riconosciuta dal Ministero della Salute.<\/span><\/p>\n<p>&nbsp;<\/p>\n<p>&nbsp;<\/p>\n<p>&nbsp;<\/p>\n<p><img decoding=\"async\" class=\" wp-image-11682 alignleft\" src=\"https:\/\/gittoletto.it\/it\/wp-content\/uploads\/2020\/05\/dispositivo-medico-dorsal-2.webp\" alt=\"\" width=\"94\" height=\"94\" \/> <span style=\"color: #000000;\">I materassi e le reti Dorsal certificate come Dispositivo Medico rispondono ai requisiti ministeriali per la prevenzione delle patologie da decubito.<\/span><br \/>\n<span style=\"color: #000000;\">I materassi DORSAL\u00a0 sono un dispositivo Medico Classe 1 marcato CE, conforme alla Direttiva Europea 2017\/745. Detraibile fiscalmente.<\/span><\/p>\n<p>&nbsp;<\/p>\n<p>&nbsp;<\/p>\n<p>&nbsp;<\/p>\n<p>&nbsp;<\/p>\n<p>&nbsp;<\/p>\n<p style=\"text-align: center;\"><span style=\"color: #000000;\"><strong>Garanzia ed altre informazioni<\/strong><\/span><\/p>\n<p><span style=\"color: #000000;\">Tutti i prodotti Dorsal sono realizzati con materiali scelti, resistenti, duraturi e sottoposti a test di controllo. Ne risultano prodotti di alta qualit\u00e0 per i quali Dorsal offre la garanzia di legge ex D.L. 2 febbraio 2002 n\u00b0 24, che consiste in<strong> 2 anni<\/strong> di garanzia sul prodotto.<\/span><\/p>\n<p><span style=\"color: #000000;\">Collegandosi nell&#8217;area di registrazione della garanzia Dorsal, in soli 5 minuti <strong>potrete estendere la garanzia del prodotto da 2 a 5 anni.\u00a0<a href=\"http:\/\/garanzia.dorsal.it\/\">http:\/\/garanzia.dorsal.it\/<\/a><\/strong><\/span><\/p>\n","protected":false},"excerpt":{"rendered":"<p>Lasciati avvolgere dal benessere e dal confort del suite spa.<\/p>\n","protected":false},"featured_media":11920,"template":"","meta":[],"product_brand":[],"product_cat":[110,117],"product_tag":[186,129,154,338,345,434,128],"class_list":{"0":"post-11917","1":"product","2":"type-product","3":"status-publish","4":"has-post-thumbnail","6":"product_cat-materassi","7":"product_cat-materassi-molle-indipendenti","8":"product_tag-confortevole-e-traspirante","9":"product_tag-detrazione-fiscale","10":"product_tag-dispositivo-medico","11":"product_tag-molle-indipendenti","12":"product_tag-molle-insacchettate","13":"product_tag-qualita-garantita-dorsal","14":"product_tag-soluzioni-per-il-riposo","15":"product_shipping_class-ingombranti","16":"pa_formato-matrimoniale","17":"pa_formato-piazza-e-mezza","18":"pa_formato-singolo","20":"first","21":"instock","22":"sale","23":"shipping-taxable","24":"purchasable","25":"product-type-variable"},"_links":{"self":[{"href":"https:\/\/gittoletto.it\/it\/wp-json\/wp\/v2\/product\/11917","targetHints":{"allow":["GET"]}}],"collection":[{"href":"https:\/\/gittoletto.it\/it\/wp-json\/wp\/v2\/product"}],"about":[{"href":"https:\/\/gittoletto.it\/it\/wp-json\/wp\/v2\/types\/product"}],"wp:featuredmedia":[{"embeddable":true,"href":"https:\/\/gittoletto.it\/it\/wp-json\/wp\/v2\/media\/11920"}],"wp:attachment":[{"href":"https:\/\/gittoletto.it\/it\/wp-json\/wp\/v2\/media?parent=11917"}],"wp:term":[{"taxonomy":"product_brand","embeddable":true,"href":"https:\/\/gittoletto.it\/it\/wp-json\/wp\/v2\/product_brand?post=11917"},{"taxonomy":"product_cat","embeddable":true,"href":"https:\/\/gittoletto.it\/it\/wp-json\/wp\/v2\/product_cat?post=11917"},{"taxonomy":"product_tag","embeddable":true,"href":"https:\/\/gittoletto.it\/it\/wp-json\/wp\/v2\/product_tag?post=11917"}],"curies":[{"name":"wp","href":"https:\/\/api.w.org\/{rel}","templated":true}]}}