{"id":11930,"date":"2022-09-13T12:39:40","date_gmt":"2022-09-13T10:39:40","guid":{"rendered":"https:\/\/gittoletto.it\/it\/?post_type=product&#038;p=11930"},"modified":"2025-12-02T16:52:14","modified_gmt":"2025-12-02T15:52:14","slug":"dorsal_grand_soleil_greener","status":"publish","type":"product","link":"https:\/\/gittoletto.it\/it\/prodotto\/dorsal_grand_soleil_greener\/","title":{"rendered":"Dorsal Grand Soleil Greener"},"content":{"rendered":"<p>Per riposare finalmente bene e rigenerare mente e corpo basta un fiore.<\/p>\n<p>Grand Soileil <strong>Greener<\/strong>\u00a0 \u00e8 il materasso ecologico, altamente traspirante, a base naturale, che avete sempre sognato.<\/p>\n<p><strong> caratteristiche materasso:\u00a0<\/strong><\/p>\n<ul>\n<li>strato superiore combinato: Natur Memory confort 3 cm e Natur Memory accogliente 4 cm.<\/li>\n<li>Sagomature zona spalle per un accompagnamento ottimale in qualsiasi posizione assunta dal corpo<\/li>\n<li>Grand Soleil intermedio, soft ammortizzante 3cm.<\/li>\n<li>Grand Soleil sostegno altamente reattivo, portanza medio sostenuta 13,5cm<\/li>\n<li>altezza totale materasso 24.<\/li>\n<\/ul>\n<p>&nbsp;<\/p>\n<p>&nbsp;<\/p>\n<p><strong>\u00a0 \u00a0 \u00a0 \u00a0 \u00a0 \u00a0 \u00a0 \u00a0 \u00a0 \u00a0 \u00a0 \u00a0 \u00a0 \u00a0 \u00a0 \u00a0 \u00a0 \u00a0 \u00a0 \u00a0 \u00a0 \u00a0 \u00a0 \u00a0 \u00a0 \u00a0 \u00a0 \u00a0 \u00a0 \u00a0 \u00a0 \u00a0 \u00a0 \u00a0 \u00a0 \u00a0 \u00a0 \u00a0 \u00a0 \u00a0 \u00a0 \u00a0 \u00a0I punti di forza del Greener:<\/strong><\/p>\n<p><strong>Naturale ed ecologico:<\/strong><\/p>\n<p>realizzato con materie prime provenienti da risorse rinnovabili quali l&#8217;olio di girasole e l&#8217;acqua, per un materasso che rispetta l&#8217;uomo e l&#8217;ambiente. Igienicamente perfetto e di semplice manutenzione \u00e8 facile da sfoderare e lavare anche in casa per un igiene totale, prima garanzia di un prodotto anallergico.<\/p>\n<p><strong>altamente traspirante:<\/strong><\/p>\n<p>grazie al rivestimento e alla struttura cellulare di Grand Soleil a poro aperto, Greener \u00e8 il materasso ideale per chi non rinuncia al confort ma ricerca un materasso areato e traspirante, a garanzia di un perfetto microclima.<\/p>\n<p><strong>durevole e performante:<\/strong><\/p>\n<p>le elevate densit\u00e0 dei materiali 55kg\/m rendono questo materasso estremamente affidabile e duraturo per prestazioni di alto livello che si mantengono inalterate nel tempo.<\/p>\n<p><strong>confort:<\/strong><\/p>\n<p>accogliente e bilanciato.<\/p>\n<p>&nbsp;<\/p>\n<p><strong><img decoding=\"async\" class=\"wp-image-11941 aligncenter\" src=\"https:\/\/gittoletto.it\/it\/wp-content\/uploads\/2022\/09\/close-up-natur-memory-comfort.webp\" alt=\"\" width=\"194\" height=\"194\" srcset=\"https:\/\/gittoletto.it\/it\/wp-content\/uploads\/2022\/09\/close-up-natur-memory-comfort.webp 300w, https:\/\/gittoletto.it\/it\/wp-content\/uploads\/2022\/09\/close-up-natur-memory-comfort-100x100.webp 100w, https:\/\/gittoletto.it\/it\/wp-content\/uploads\/2022\/09\/close-up-natur-memory-comfort-150x150.webp 150w\" sizes=\"(max-width: 194px) 100vw, 194px\" \/><\/strong><\/p>\n<p>&nbsp;<\/p>\n<p><strong>il rivestimento viscosa EN12\u00a0<\/strong><\/p>\n<p>Il rivestimento di Greener contemporaneo ed elegante, \u00e8 il risultato di due tessuti coordinati che si completano per le differenti caratteristiche di morbidezza e adattabilit\u00e0 al materasso.<\/p>\n<ul>\n<li>tessuto pregiato con viscosa bielastica, in entrambi i lati.<\/li>\n<li>filato in alta grammatura 510 gr<\/li>\n<li>sfoderabile con cerniera sui 4 lati.<\/li>\n<li>lavabile in lavatrice a 30\u00b0<\/li>\n<\/ul>\n<p><strong>sistema letto consigliato:<\/strong><\/p>\n<p>Greener enfatizza le sue caratteristiche in abbinamento ai supporti anatomici: Super, Sana, Ergo, Human, Butterfly, Xpoint. Ideale per tutte le reti a motore Dorsal.<\/p>\n<p><strong>\u00a0 \u00a0 \u00a0 \u00a0 \u00a0 \u00a0 \u00a0 \u00a0 \u00a0 \u00a0 \u00a0 \u00a0 \u00a0 \u00a0 \u00a0 \u00a0 \u00a0 \u00a0 \u00a0 \u00a0 \u00a0 \u00a0 \u00a0 \u00a0 \u00a0 \u00a0 \u00a0 \u00a0 \u00a0 \u00a0 \u00a0 \u00a0 \u00a0 \u00a0 \u00a0 \u00a0 \u00a0 \u00a0<\/strong><\/p>\n<p>&nbsp;<\/p>\n<p><strong>\u00a0 \u00a0 \u00a0 \u00a0 \u00a0 \u00a0 \u00a0 \u00a0 \u00a0 \u00a0 \u00a0 \u00a0 \u00a0 \u00a0 \u00a0 \u00a0 \u00a0 \u00a0 \u00a0 \u00a0 \u00a0 \u00a0 \u00a0 \u00a0 \u00a0 \u00a0 \u00a0 \u00a0 \u00a0 \u00a0 \u00a0 \u00a0 \u00a0 \u00a0 \u00a0 \u00a0 \u00a0 \u00a0 \u00a0 \u00a0 \u00a0 \u00a0 \u00a0 \u00a0certificazioni<\/strong><\/p>\n<p>&nbsp;<\/p>\n<p style=\"text-align: left;\"><span style=\"color: #000000;\"><strong>La Dorsal<\/strong> coltiva da sempre un&#8217;attenzione particolare alla sostenibilit\u00e0, all&#8217;ambiente ed all&#8217;uomo e per questo ha sviluppato i suoi processi produttivi nella direzione del rispetto della natura e della salvaguardia del pianeta.<\/span><\/p>\n<ul>\n<li><span style=\"color: #000000;\"><em><strong>FSC<sup>\u00a9<\/sup><\/strong><\/em><\/span>\u00a0 \u00e8<span style=\"color: #000000;\"> una certificazione internazionale, indipendente e di parte terza, specifica per il settore forestale e i prodotti, legnosi e non legnosi, derivati dalle foreste<\/span>.<span style=\"text-decoration: underline;\"><span style=\"color: #008000; text-decoration: underline;\"> <a style=\"color: #008000; text-decoration: underline;\" href=\"http:\/\/www.dorsal.it\/downloads\/certificati\/Certificate_DNV-COC-001159_FSC.pdf\"><em>Scarica\u00a0il certificato<\/em><\/a><\/span><\/span><\/li>\n<li><span style=\"color: #000000;\"><em><strong>PEFC\u2122<\/strong><\/em>\u00a0\u00e8 un sistema di certificazione per la gestione sostenibile delle foreste. Inoltre, gestione ecologicamente appropriata, ma anche mirata al conseguimento di benefici sociale ed economicamente valida.\u00a0 <span style=\"text-decoration: underline;\"><span style=\"color: #008000; text-decoration: underline;\"><a style=\"color: #008000; text-decoration: underline;\" href=\"http:\/\/www.dorsal.it\/downloads\/certificati\/Certificate_No._2015-SKM-PEFC-124_1-25QZV0H_CC.pdf\"><em>Scarica il certificato<\/em><\/a><\/span><\/span><\/span><\/li>\n<li><span style=\"color: #000000;\"><strong>Dorsal<\/strong> \u00e8 tra le 57 aziende che hanno sottoscritto la dichiarazione di Vancouver promossa da <strong>FSC<\/strong>. <\/span><span style=\"color: #000000;\">Una carta comune per la salvaguardia delle foreste del mondo, attraverso al quale le aziende si impegnano per una filiera pi\u00f9 sostenibile ed a utilizzare prodotti in legno e prodotti forestali certificati FSC.\u00a0 <span style=\"text-decoration: underline;\"><span style=\"color: #008000; text-decoration: underline;\"><a style=\"color: #008000; text-decoration: underline;\" href=\"https:\/\/ic.fsc.org\/en\/for-business\/vancouver-declaration\">Maggiori informazioni<\/a><\/span><\/span><\/span><\/li>\n<\/ul>\n<p><span style=\"color: #000000;\">Oltre ad utilizzare processi di produzione eco-compatibili, i materassi <strong>Dorsal<\/strong> contengono materie prime provenienti in gran parte da risorse rinnovabili.<br \/>\nMaterie prime naturali come olio di girasole ed acqua ed <strong>escludono totalmente l&#8217;utilizzo di derivati del petrolio.<\/strong><\/span><\/p>\n<p>&nbsp;<\/p>\n<p><span style=\"color: #000000;\">\u00a0 \u00a0<\/span><\/p>\n<p><img decoding=\"async\" class=\"size-full wp-image-11683 alignleft\" src=\"https:\/\/gittoletto.it\/it\/wp-content\/uploads\/2020\/05\/logo-prova-test.webp\" alt=\"\" width=\"191\" height=\"70\" srcset=\"https:\/\/gittoletto.it\/it\/wp-content\/uploads\/2020\/05\/logo-prova-test.webp 191w, https:\/\/gittoletto.it\/it\/wp-content\/uploads\/2020\/05\/logo-prova-test-100x37.webp 100w\" sizes=\"(max-width: 191px) 100vw, 191px\" \/><\/p>\n<p><span style=\"color: #000000;\">I materassi Dorsal sono sicuri e durevoli perch\u00e9 sottoposti a collaudo presso i pi\u00f9 autorevoli laboratori indipendenti italiani ed esteri. Una garanzia in pi\u00f9 per il consumatore.<\/span><\/p>\n<p>&nbsp;<\/p>\n<p>&nbsp;<\/p>\n<p><img decoding=\"async\" class=\"wp-image-11677 alignleft\" src=\"https:\/\/gittoletto.it\/it\/wp-content\/uploads\/2020\/05\/aifi_LOGO_1024x1024.png\" alt=\"\" width=\"98\" height=\"98\" srcset=\"https:\/\/gittoletto.it\/it\/wp-content\/uploads\/2020\/05\/aifi_LOGO_1024x1024.png 1024w, https:\/\/gittoletto.it\/it\/wp-content\/uploads\/2020\/05\/aifi_LOGO_1024x1024-300x300.webp 300w, https:\/\/gittoletto.it\/it\/wp-content\/uploads\/2020\/05\/aifi_LOGO_1024x1024-100x100.webp 100w, https:\/\/gittoletto.it\/it\/wp-content\/uploads\/2020\/05\/aifi_LOGO_1024x1024-600x600.webp 600w, https:\/\/gittoletto.it\/it\/wp-content\/uploads\/2020\/05\/aifi_LOGO_1024x1024-150x150.webp 150w, https:\/\/gittoletto.it\/it\/wp-content\/uploads\/2020\/05\/aifi_LOGO_1024x1024-768x768.webp 768w\" sizes=\"(max-width: 98px) 100vw, 98px\" \/><\/p>\n<p><span style=\"color: #000000;\">I prodotti per il riposo Dorsal sono gli unici supporti per il riposo in Italia co-progettati, testati e garantiti dall&#8217; A.I.Fi,<span style=\"text-decoration: underline; color: #0000ff;\"> <a style=\"color: #0000ff; text-decoration: underline;\" href=\"http:\/\/www.dorsal.it\/aifi\">l&#8217;Associazione Italiana Fisioterapisti<\/a><\/span>, riconosciuta dal Ministero della Salute.<\/span><\/p>\n<p>&nbsp;<\/p>\n<p>&nbsp;<\/p>\n<p>&nbsp;<\/p>\n<p><img loading=\"lazy\" decoding=\"async\" class=\" wp-image-11682 alignleft\" src=\"https:\/\/gittoletto.it\/it\/wp-content\/uploads\/2020\/05\/dispositivo-medico-dorsal-2.webp\" alt=\"\" width=\"94\" height=\"94\" \/> <span style=\"color: #000000;\">I materassi e le reti Dorsal certificate come Dispositivo Medico rispondono ai requisiti ministeriali per la prevenzione delle patologie da decubito.<\/span><br \/>\n<span style=\"color: #000000;\">I materassi DORSAL\u00a0 sono un dispositivo Medico Classe 1 marcato CE, conforme alla Direttiva Europea 2017\/745. Detraibile fiscalmente.<\/span><\/p>\n<p>&nbsp;<\/p>\n<p style=\"text-align: center;\"><strong><span style=\"color: #000000;\">Prodotto su misura<\/span><\/strong><\/p>\n<p style=\"text-align: left;\"><span style=\"color: #000000;\">Le misure presenti non si adattano alla rete o alla stanza?<\/span><br \/>\n<span style=\"color: #000000;\">Il Materasso Zefiro mousse\u00a0 \u00e8 realizzabile su misura. <strong>Contattaci<\/strong> per un preventivo chiamandoci al numero (+39)0902935373 , via mail a info@gittoletto.it, tramite l&#8217;apposito form che trovi <span style=\"color: #0000ff;\"><a style=\"color: #0000ff;\" href=\"https:\/\/gittoletto.it\/it\/contattaci\/\"><span style=\"text-decoration: underline;\">cliccando qui<\/span> <\/a><\/span>o via whatsapp al numero (+39)3420442155<\/span><\/p>\n<p>&nbsp;<\/p>\n<p style=\"text-align: center;\"><span style=\"color: #000000;\"><strong>Garanzia ed altre informazioni<\/strong><\/span><\/p>\n<p><span style=\"color: #000000;\">Tutti i prodotti Dorsal sono realizzati con materiali scelti, resistenti, duraturi e sottoposti a test di controllo. Ne risultano prodotti di alta qualit\u00e0 per i quali Dorsal offre la garanzia di legge ex D.L. 2 febbraio 2002 n\u00b0 24, che consiste in<strong> 2 anni<\/strong> di garanzia sul prodotto.<\/span><\/p>\n<p><span style=\"color: #000000;\">Collegandosi nell&#8217;area di registrazione della garanzia Dorsal, in soli 5 minuti <strong>potrete<\/strong> <strong>estendere la garanzia del prodotto da 2 a 5 anni.\u00a0\u00a0<a href=\"http:\/\/garanzia.dorsal.it\/\">http:\/\/garanzia.dorsal.it\/<\/a><\/strong><\/span><\/p>\n<p>&nbsp;<\/p>\n<p>&nbsp;<\/p>\n<p>&nbsp;<\/p>\n<p>&nbsp;<\/p>\n","protected":false},"excerpt":{"rendered":"<p>Per riposare finalmente bene e rigenerare mente e corpo basta un fiore. Grand Soileil Greener\u00a0 \u00e8 il materasso ecologico, altamente traspirante, a base naturale, che avete sempre sognato. caratteristiche materasso:\u00a0 strato superiore combinato: Natur Memory confort 3 cm e Natur Memory accogliente 4 cm. Sagomature zona spalle per un accompagnamento ottimale in qualsiasi posizione assunta [&hellip;]<\/p>\n","protected":false},"featured_media":11932,"template":"","meta":[],"product_brand":[],"product_cat":[110,118],"product_tag":[154,332],"class_list":{"0":"post-11930","1":"product","2":"type-product","3":"status-publish","4":"has-post-thumbnail","6":"product_cat-materassi","7":"product_cat-materassi-memory-e-poliuretano","8":"product_tag-dispositivo-medico","9":"product_tag-sfoderabile-e-facile-da-lavare","10":"product_shipping_class-ingombranti","12":"first","13":"instock","14":"sale","15":"shipping-taxable","16":"purchasable","17":"product-type-variable","18":"has-default-attributes"},"_links":{"self":[{"href":"https:\/\/gittoletto.it\/it\/wp-json\/wp\/v2\/product\/11930","targetHints":{"allow":["GET"]}}],"collection":[{"href":"https:\/\/gittoletto.it\/it\/wp-json\/wp\/v2\/product"}],"about":[{"href":"https:\/\/gittoletto.it\/it\/wp-json\/wp\/v2\/types\/product"}],"wp:featuredmedia":[{"embeddable":true,"href":"https:\/\/gittoletto.it\/it\/wp-json\/wp\/v2\/media\/11932"}],"wp:attachment":[{"href":"https:\/\/gittoletto.it\/it\/wp-json\/wp\/v2\/media?parent=11930"}],"wp:term":[{"taxonomy":"product_brand","embeddable":true,"href":"https:\/\/gittoletto.it\/it\/wp-json\/wp\/v2\/product_brand?post=11930"},{"taxonomy":"product_cat","embeddable":true,"href":"https:\/\/gittoletto.it\/it\/wp-json\/wp\/v2\/product_cat?post=11930"},{"taxonomy":"product_tag","embeddable":true,"href":"https:\/\/gittoletto.it\/it\/wp-json\/wp\/v2\/product_tag?post=11930"}],"curies":[{"name":"wp","href":"https:\/\/api.w.org\/{rel}","templated":true}]}}