{"id":11949,"date":"2023-12-08T14:30:21","date_gmt":"2023-12-08T13:30:21","guid":{"rendered":"https:\/\/gittoletto.it\/it\/?post_type=product&#038;p=11949"},"modified":"2025-11-14T19:53:50","modified_gmt":"2025-11-14T18:53:50","slug":"dorsal-energia-soft-care-base-baby-cervicale","status":"publish","type":"product","link":"https:\/\/gittoletto.it\/it\/prodotto\/dorsal-energia-soft-care-base-baby-cervicale\/","title":{"rendered":"Dorsal Soft Care Energia:  Base &#8211; Cervicale &#8211; Baby"},"content":{"rendered":"<p><em><strong>Caratteristiche cuscino Soft Care Energia<\/strong><\/em><\/p>\n<p>La sua struttura a poro aperto rende il guanciale particolarmente traspirante, l&#8217;umidit\u00e0 evapora rapidamente per un microclima perfetto. So\u017ft Care \u00e8 l&#8217;unica imbottitura in schiumato con struttura alveolare completamente lavabile in acqua a garanzia di un guanciale sempre fresco e igienizzato.<\/p>\n<p>Prodotto consigliato dall&#8217;A.I.Fi. <a title=\"A.I.Fi. ASSOCIAZIONE ITALIANA FISIOTERAPISTI\" href=\"http:\/\/www.dorsal.it\/aifi\">l&#8217;Associazione Italiana di Fisioterapia<\/a><\/p>\n<p>&nbsp;<\/p>\n<p><em><strong>Energia Base<\/strong><\/em><\/p>\n<p>Garantisce una distribuzione uniforme della pressione, rendendo questo guanciale particolarmente accogliente; proposto con una particolare sagomatura che conferisce al guanciale un effetto massaggiante ed un comfort eccellente.<\/p>\n<ul>\n<li><span style=\"font-size: 1rem\">Completamente sfoderabile e lavabile a mano o in lavatrice a 30\u00b0, con ciclo delicato. Asciugare all&#8217;ombra e lontano da fonti di calore.<\/span><\/li>\n<li>Fodera esterna: 100% cotone.<\/li>\n<li><span style=\"font-size: 1rem\">Inodore, fresco e anallergico.<\/span><\/li>\n<li>Misure: 70&#215;40 h.10 &#8211; 70&#215;40 h.13 &#8211; 70&#215;40 h.15<\/li>\n<\/ul>\n<p><img fetchpriority=\"high\" decoding=\"async\" class=\"alignnone size-medium wp-image-12984\" src=\"https:\/\/gittoletto.it\/it\/wp-content\/uploads\/2022\/09\/guanciale-dorsal-energia-base-300x198.webp\" alt=\"Guanciale Dorsal Energia Base\" width=\"300\" height=\"198\" srcset=\"https:\/\/gittoletto.it\/it\/wp-content\/uploads\/2022\/09\/guanciale-dorsal-energia-base-300x198.webp 300w, https:\/\/gittoletto.it\/it\/wp-content\/uploads\/2022\/09\/guanciale-dorsal-energia-base-768x506.webp 768w, https:\/\/gittoletto.it\/it\/wp-content\/uploads\/2022\/09\/guanciale-dorsal-energia-base-600x395.webp 600w, https:\/\/gittoletto.it\/it\/wp-content\/uploads\/2022\/09\/guanciale-dorsal-energia-base.webp 832w\" sizes=\"(max-width: 300px) 100vw, 300px\" \/><\/p>\n<p>&nbsp;<\/p>\n<p><em><strong>Energia Cervicale<\/strong><\/em><\/p>\n<p>La speciale sagomatura a due livelli studiata per questo guanciale allevia la pressione da collo e spalle fornendo un giusto sostegno anatomico e favorendo un totale relax.<\/p>\n<ul>\n<li><span style=\"font-size: 1rem\">Completamente sfoderabile e lavabile in acqua a 40\u00b0. Asciugare all&#8217;ombra e lontano da fonti di calore.<\/span><\/li>\n<li>Fodera esterna: 100% cotone.<\/li>\n<li>Anatomico, anallergico ed antibatterico.<\/li>\n<li>Misure: 70&#215;40 h.6\/8 &#8211; 70&#215;40 h.8\/10 &#8211; 70&#215;40 h.10\/12 &#8211; 70&#215;40 h.12\/14<\/li>\n<\/ul>\n<p><img decoding=\"async\" class=\"alignnone size-medium wp-image-12985\" src=\"https:\/\/gittoletto.it\/it\/wp-content\/uploads\/2022\/09\/guanciale-dorsal-energia-cervicale-300x201.webp\" alt=\"Guanciale Dorsal Energia Cervicale\" width=\"300\" height=\"201\" srcset=\"https:\/\/gittoletto.it\/it\/wp-content\/uploads\/2022\/09\/guanciale-dorsal-energia-cervicale-300x201.webp 300w, https:\/\/gittoletto.it\/it\/wp-content\/uploads\/2022\/09\/guanciale-dorsal-energia-cervicale-768x515.webp 768w, https:\/\/gittoletto.it\/it\/wp-content\/uploads\/2022\/09\/guanciale-dorsal-energia-cervicale-600x402.webp 600w, https:\/\/gittoletto.it\/it\/wp-content\/uploads\/2022\/09\/guanciale-dorsal-energia-cervicale.webp 794w\" sizes=\"(max-width: 300px) 100vw, 300px\" \/><\/p>\n<p>&nbsp;<\/p>\n<p><em><strong>Energia B<\/strong><strong>aby<\/strong><\/em><\/p>\n<p>Per i pi\u00f9 piccoli: inodore, fresco ed anallergico, proposto nella classica forma a saponetta ha un effetto massaggiante ed offre un comfort eccellente.<\/p>\n<ul>\n<li>Completamente sfoderabile e lavabile a mano, con ciclo delicato. Asciugare all&#8217;ombra e lontano da fonti di calore.<\/li>\n<li>Fodera interna: 100% cotone.<\/li>\n<li>Fodera esterna: in morbido tessuto a girasoli.<\/li>\n<li>Anatomico, anallergico ed antibatterico.<\/li>\n<li>Misura: 55&#215;30 h.5<\/li>\n<\/ul>\n<p><img decoding=\"async\" class=\"alignnone size-medium wp-image-12977\" src=\"https:\/\/gittoletto.it\/it\/wp-content\/uploads\/2022\/09\/guanciale-dorsal-energia-baby-300x186.webp\" alt=\"Guanciale Dorsal Energia Baby\" width=\"300\" height=\"186\" srcset=\"https:\/\/gittoletto.it\/it\/wp-content\/uploads\/2022\/09\/guanciale-dorsal-energia-baby-300x186.webp 300w, https:\/\/gittoletto.it\/it\/wp-content\/uploads\/2022\/09\/guanciale-dorsal-energia-baby-768x475.webp 768w, https:\/\/gittoletto.it\/it\/wp-content\/uploads\/2022\/09\/guanciale-dorsal-energia-baby-600x371.webp 600w, https:\/\/gittoletto.it\/it\/wp-content\/uploads\/2022\/09\/guanciale-dorsal-energia-baby.webp 828w\" sizes=\"(max-width: 300px) 100vw, 300px\" \/><\/p>\n<p>&nbsp;<\/p>\n","protected":false},"excerpt":{"rendered":"<p>I guanciali Grand Soleil in versione <strong>Soft Care<\/strong> a base di olio di girasole e acqua, s<span style=\"font-size: 1rem\">ono rivestiti con tessuto di girasole in fibra Elastan.<\/span><\/p>\n<p>Soft Care \u00e8 inoltre l&#8217;unica imbottitura in schiumato con struttura alveolare che, grazie alla sua struttura a cellula aperta, rende il guanciale particolarmente traspirante, fresco e confortevole.<\/p>\n<p>Soft Care <strong>Energia<\/strong> \u00e8 particolarmente apprezzato per le sue elevate prestazioni di sostegno, assicurate dalla distribuzione uniforme della pressione, per un sereno riposo liberi da tensioni e rigidit\u00e0.<\/p>\n<p>&nbsp;<\/p>\n<p>&nbsp;<\/p>\n<p>&nbsp;<\/p>\n","protected":false},"featured_media":12984,"template":"","meta":[],"product_brand":[],"product_cat":[114,251],"product_tag":[333,348,352,351,433,350,421,416,434,128,432],"class_list":{"0":"post-11949","1":"product","2":"type-product","3":"status-publish","4":"has-post-thumbnail","6":"product_cat-guanciali","7":"product_cat-guanciali-memory","8":"product_tag-anallergico","9":"product_tag-antibatterico","10":"product_tag-comfort-cervicale","11":"product_tag-cuscino-per-bambini","12":"product_tag-fresco-e-traspirante","13":"product_tag-inodore","14":"product_tag-materiali-sicuri-e-certificati","15":"product_tag-prodotto-italiano","16":"product_tag-qualita-garantita-dorsal","17":"product_tag-soluzioni-per-il-riposo","18":"product_tag-sostegno-e-comfort","19":"product_shipping_class-pacco-voluminoso","21":"first","22":"instock","23":"sale","24":"shipping-taxable","25":"purchasable","26":"product-type-variable"},"_links":{"self":[{"href":"https:\/\/gittoletto.it\/it\/wp-json\/wp\/v2\/product\/11949","targetHints":{"allow":["GET"]}}],"collection":[{"href":"https:\/\/gittoletto.it\/it\/wp-json\/wp\/v2\/product"}],"about":[{"href":"https:\/\/gittoletto.it\/it\/wp-json\/wp\/v2\/types\/product"}],"wp:featuredmedia":[{"embeddable":true,"href":"https:\/\/gittoletto.it\/it\/wp-json\/wp\/v2\/media\/12984"}],"wp:attachment":[{"href":"https:\/\/gittoletto.it\/it\/wp-json\/wp\/v2\/media?parent=11949"}],"wp:term":[{"taxonomy":"product_brand","embeddable":true,"href":"https:\/\/gittoletto.it\/it\/wp-json\/wp\/v2\/product_brand?post=11949"},{"taxonomy":"product_cat","embeddable":true,"href":"https:\/\/gittoletto.it\/it\/wp-json\/wp\/v2\/product_cat?post=11949"},{"taxonomy":"product_tag","embeddable":true,"href":"https:\/\/gittoletto.it\/it\/wp-json\/wp\/v2\/product_tag?post=11949"}],"curies":[{"name":"wp","href":"https:\/\/api.w.org\/{rel}","templated":true}]}}