{"id":11994,"date":"2022-09-19T09:58:24","date_gmt":"2022-09-19T07:58:24","guid":{"rendered":"https:\/\/gittoletto.it\/it\/?post_type=product&#038;p=11994"},"modified":"2025-11-14T19:53:47","modified_gmt":"2025-11-14T18:53:47","slug":"trapunta-caleffi-vienna","status":"publish","type":"product","link":"https:\/\/gittoletto.it\/it\/prodotto\/trapunta-caleffi-vienna\/","title":{"rendered":"Trapunta Caleffi Vienna"},"content":{"rendered":"<p>La Trapunta Vienna Invernale in Cotone \u00e8 realizzata con imbottitura SOFY in fibra di poliestere anallergica di 300 gr\/mq ed \u00e8 particolarmente indicata per essere utilizzata durante le serate invernali. Grazie all\u2019imbottitura in fibra di poliestere anallergica di 300 gr\/mq ti doner\u00e0 il giusto calore nelle fredde sere invernali. Il Piumone Vienna \u00e8 realizzato con il pi\u00f9 pregiato tessuto di Cotone, morbidissimo e resistente ai lavaggi. I Coloranti utilizzati sono ecologici, certificati e privi di sostanze nocive per la tua salute e quella dei tuoi figli. <strong><a href=\"https:\/\/gittoletto.it\/it\/contattaci\/\">Acquista ora<\/a> Il Piumone Vienna e trascorrerai le freddi notti invernali in un caloroso abbraccio.<\/strong><\/p>\n<p><em><strong>color Ambra\u00a0<\/strong><\/em><\/p>\n<p><strong><img fetchpriority=\"high\" decoding=\"async\" class=\"size-medium wp-image-11997 alignleft\" style=\"margin-top: 0.857143rem; margin-bottom: 0.857143rem; font-weight: 400;\" src=\"https:\/\/gittoletto.it\/it\/wp-content\/uploads\/2022\/09\/vienna-trapunta-fantasia--300x300.webp\" alt=\"\" width=\"300\" height=\"300\" srcset=\"https:\/\/gittoletto.it\/it\/wp-content\/uploads\/2022\/09\/vienna-trapunta-fantasia--300x300.webp 300w, https:\/\/gittoletto.it\/it\/wp-content\/uploads\/2022\/09\/vienna-trapunta-fantasia--100x100.webp 100w, https:\/\/gittoletto.it\/it\/wp-content\/uploads\/2022\/09\/vienna-trapunta-fantasia--600x600.webp 600w, https:\/\/gittoletto.it\/it\/wp-content\/uploads\/2022\/09\/vienna-trapunta-fantasia--150x150.webp 150w, https:\/\/gittoletto.it\/it\/wp-content\/uploads\/2022\/09\/vienna-trapunta-fantasia--768x768.webp 768w, https:\/\/gittoletto.it\/it\/wp-content\/uploads\/2022\/09\/vienna-trapunta-fantasia-.webp 800w\" sizes=\"(max-width: 300px) 100vw, 300px\" \/><\/strong><\/p>\n<ul>\n<li><strong>Coloranti Certificati<\/strong>: Tutelerai la tua salute e quella dei tuoi figli.<strong><br \/>\n<\/strong><\/li>\n<li><strong>Miglior Qualit\u00e0<\/strong>: Riceverai un prodotto morbido e duraturo.<strong><br \/>\n<\/strong><\/li>\n<li><strong>Soddisfatti o Rimborsati:<\/strong> Non ne rimarrai deluso!<\/li>\n<li><strong>Made in Italy<\/strong>: Prodotto Sartorialmente a Mantova.<\/li>\n<\/ul>\n<p>&nbsp;<\/p>\n<p>&nbsp;<\/p>\n<p>&nbsp;<\/p>\n<p>&nbsp;<\/p>\n<p>&nbsp;<\/p>\n","protected":false},"excerpt":{"rendered":"<p>Qualit\u00e0 garantita con le nostre trapunte Caleffi 100% cotone, l&#8217;imbottitura in microfibra \u00e8 lavabile a 40\u00b0.<\/p>\n","protected":false},"featured_media":11995,"template":"","meta":[],"product_brand":[],"product_cat":[224,383],"product_tag":[362,147],"class_list":{"0":"post-11994","1":"product","2":"type-product","3":"status-publish","4":"has-post-thumbnail","6":"product_cat-trapunte-e-copriletti","7":"product_cat-trapunte-invernali","8":"product_tag-cotone-naturale","9":"product_tag-salute-e-benessere","10":"product_shipping_class-pacco-voluminoso","12":"first","13":"instock","14":"sale","15":"shipping-taxable","16":"purchasable","17":"product-type-variable"},"_links":{"self":[{"href":"https:\/\/gittoletto.it\/it\/wp-json\/wp\/v2\/product\/11994","targetHints":{"allow":["GET"]}}],"collection":[{"href":"https:\/\/gittoletto.it\/it\/wp-json\/wp\/v2\/product"}],"about":[{"href":"https:\/\/gittoletto.it\/it\/wp-json\/wp\/v2\/types\/product"}],"wp:featuredmedia":[{"embeddable":true,"href":"https:\/\/gittoletto.it\/it\/wp-json\/wp\/v2\/media\/11995"}],"wp:attachment":[{"href":"https:\/\/gittoletto.it\/it\/wp-json\/wp\/v2\/media?parent=11994"}],"wp:term":[{"taxonomy":"product_brand","embeddable":true,"href":"https:\/\/gittoletto.it\/it\/wp-json\/wp\/v2\/product_brand?post=11994"},{"taxonomy":"product_cat","embeddable":true,"href":"https:\/\/gittoletto.it\/it\/wp-json\/wp\/v2\/product_cat?post=11994"},{"taxonomy":"product_tag","embeddable":true,"href":"https:\/\/gittoletto.it\/it\/wp-json\/wp\/v2\/product_tag?post=11994"}],"curies":[{"name":"wp","href":"https:\/\/api.w.org\/{rel}","templated":true}]}}