{"id":12860,"date":"2023-12-02T16:05:44","date_gmt":"2023-12-02T15:05:44","guid":{"rendered":"https:\/\/gittoletto.it\/it\/?post_type=product&#038;p=12860"},"modified":"2025-11-14T19:53:47","modified_gmt":"2025-11-14T18:53:47","slug":"guanciale-permaflex-abbraccio","status":"publish","type":"product","link":"https:\/\/gittoletto.it\/it\/prodotto\/guanciale-permaflex-abbraccio\/","title":{"rendered":"Guanciale Permaflex Abbraccio"},"content":{"rendered":"<p>Caratteristiche cuscino Abbraccio<\/p>\n<ul>\n<li>Struttura: in Piflex\u00ae. Non lavabile.<\/li>\n<li>Federa esterna: 100% poliestere con chiusura lampo. Lavaggio delicato in lavatrice a 30\u00b0.<\/li>\n<\/ul>\n<p>&nbsp;<\/p>\n<p>Misure: 77&#215;44 \/h.10 &#8211; 72&#215;43\/h.13,5 &#8211; 72&#215;43 \/h.15<\/p>\n","protected":false},"excerpt":{"rendered":"<div class=\"short-description\">\n<div class=\"std\">\n<p><strong>Abbraccio<\/strong> \u00e8 il guanciale in PiFlex\u00ae sviluppato da Permaflex in 3 diverse altezze per consentire alla propria clientela di trovare ci\u00f2 che meglio si adatta alle diverse esigenze e conformazioni corporee, ad esempio uno spessore ridotto \u00e8 pi\u00f9 idoneo per chi dorme prono.<\/p>\n<p>La struttura \u00e8 in PiFlex\u00ae microforato che lo rende ancora pi\u00f9 confortevole e traspirante.<\/p>\n<\/div>\n<\/div>\n<div id=\"product-options-wrapper\" class=\"product-options\"><\/div>\n","protected":false},"featured_media":12880,"template":"","meta":[],"product_brand":[],"product_cat":[114,251],"product_tag":[186,415,421,416,366,147,423,128],"class_list":{"0":"post-12860","1":"product","2":"type-product","3":"status-publish","4":"has-post-thumbnail","6":"product_cat-guanciali","7":"product_cat-guanciali-memory","8":"product_tag-confortevole-e-traspirante","9":"product_tag-guanciale-permaflex-in-memory","10":"product_tag-materiali-sicuri-e-certificati","11":"product_tag-prodotto-italiano","12":"product_tag-qualita-garantita-permaflex","13":"product_tag-salute-e-benessere","14":"product_tag-si-adatta-alla-conformazione-corporea","15":"product_tag-soluzioni-per-il-riposo","16":"product_shipping_class-pacco-voluminoso","18":"first","19":"instock","20":"sale","21":"shipping-taxable","22":"purchasable","23":"product-type-variable"},"_links":{"self":[{"href":"https:\/\/gittoletto.it\/it\/wp-json\/wp\/v2\/product\/12860","targetHints":{"allow":["GET"]}}],"collection":[{"href":"https:\/\/gittoletto.it\/it\/wp-json\/wp\/v2\/product"}],"about":[{"href":"https:\/\/gittoletto.it\/it\/wp-json\/wp\/v2\/types\/product"}],"wp:featuredmedia":[{"embeddable":true,"href":"https:\/\/gittoletto.it\/it\/wp-json\/wp\/v2\/media\/12880"}],"wp:attachment":[{"href":"https:\/\/gittoletto.it\/it\/wp-json\/wp\/v2\/media?parent=12860"}],"wp:term":[{"taxonomy":"product_brand","embeddable":true,"href":"https:\/\/gittoletto.it\/it\/wp-json\/wp\/v2\/product_brand?post=12860"},{"taxonomy":"product_cat","embeddable":true,"href":"https:\/\/gittoletto.it\/it\/wp-json\/wp\/v2\/product_cat?post=12860"},{"taxonomy":"product_tag","embeddable":true,"href":"https:\/\/gittoletto.it\/it\/wp-json\/wp\/v2\/product_tag?post=12860"}],"curies":[{"name":"wp","href":"https:\/\/api.w.org\/{rel}","templated":true}]}}