{"id":13101,"date":"2023-12-13T12:53:15","date_gmt":"2023-12-13T11:53:15","guid":{"rendered":"https:\/\/gittoletto.it\/it\/?post_type=product&#038;p=13101"},"modified":"2025-11-14T19:53:37","modified_gmt":"2025-11-14T18:53:37","slug":"rete-dorsal-super","status":"publish","type":"product","link":"https:\/\/gittoletto.it\/it\/prodotto\/rete-dorsal-super\/","title":{"rendered":"Rete Dorsal Super"},"content":{"rendered":"<ul>\n<li><span style=\"color: #000000\">Supporto anatomico in acciaio 50&#215;30 mm (nella versione 120) e 40&#215;30 mm<\/span><\/li>\n<li><span style=\"color: #000000\">Verniciatura Dorsal a polveri.<\/span><\/li>\n<li><span style=\"color: #000000\">Doghe in faggio multistrato 68&#215;12 mm (nella versione 120) e 68&#215;8 mm<\/span><\/li>\n<li><span style=\"color: #000000\">Portanza rigida.<\/span><\/li>\n<\/ul>\n<p><strong><span style=\"color: #000000\">Super \u00e8 la rete pi\u00f9 robusta e collaudata dell&#8217;intera produzione.<\/span><\/strong><\/p>\n<p><span style=\"color: #000000\">La gamma Super, nata per soddisfare ogni esigenza, rappresenta il modello pi\u00f9 collaudato della produzione Dorsal e mantiene inalterata nel tempo la sua validit\u00e0.<\/span><\/p>\n<p><span style=\"color: #000000\">Il sistema di molleggio \u00e8 caratterizzato da <strong>quindici assi di faggio in strati lamellari a flessibilit\u00e0 indipendente. Ogni parte del corpo viene sostenuta in relazione al peso e alla forma anatomica. <\/strong><\/span><span style=\"color: #000000\">L&#8217;invaso che accoglie le doghe \u00e8 brevettato, calibrato e silenzioso \u00e8 capace di resistere a notevoli carichi di torsione e agli sbalzi di temperatura.<\/span><\/p>\n<p><img decoding=\"async\" class=\" wp-image-11816 alignleft\" src=\"https:\/\/gittoletto.it\/it\/wp-content\/uploads\/2021\/02\/doghe-zona-spalle-Super-300x300.webp\" alt=\"\" width=\"122\" height=\"122\" srcset=\"https:\/\/gittoletto.it\/it\/wp-content\/uploads\/2021\/02\/doghe-zona-spalle-Super-300x300.webp 300w, https:\/\/gittoletto.it\/it\/wp-content\/uploads\/2021\/02\/doghe-zona-spalle-Super-100x100.webp 100w, https:\/\/gittoletto.it\/it\/wp-content\/uploads\/2021\/02\/doghe-zona-spalle-Super-150x150.webp 150w, https:\/\/gittoletto.it\/it\/wp-content\/uploads\/2021\/02\/doghe-zona-spalle-Super.webp 500w\" sizes=\"(max-width: 122px) 100vw, 122px\" \/><\/p>\n<p><span style=\"color: #000000\">Doghe fresate conferiscono un comfort pi\u00f9 morbido e accogliente nella zona delle spalle.<\/span><\/p>\n<p>&nbsp;<\/p>\n<p>&nbsp;<\/p>\n<p>&nbsp;<\/p>\n<p>&nbsp;<\/p>\n<p><img decoding=\"async\" class=\" wp-image-11818 alignleft\" src=\"https:\/\/gittoletto.it\/it\/wp-content\/uploads\/2021\/02\/Cursori-regolabili-Super-300x300.webp\" alt=\"\" width=\"141\" height=\"141\" srcset=\"https:\/\/gittoletto.it\/it\/wp-content\/uploads\/2021\/02\/Cursori-regolabili-Super-300x300.webp 300w, https:\/\/gittoletto.it\/it\/wp-content\/uploads\/2021\/02\/Cursori-regolabili-Super-100x100.webp 100w, https:\/\/gittoletto.it\/it\/wp-content\/uploads\/2021\/02\/Cursori-regolabili-Super-150x150.webp 150w, https:\/\/gittoletto.it\/it\/wp-content\/uploads\/2021\/02\/Cursori-regolabili-Super.webp 500w\" sizes=\"(max-width: 141px) 100vw, 141px\" \/><\/p>\n<p><span style=\"color: #000000\">Cursori regolabili permettono di variare la risposta alle sollecitazioni del peso. In questo modo si pu\u00f2 decidere a piacere la maggiore o minore rigidit\u00e0 di questa parte del sistema anatomico.<\/span><\/p>\n<p>&nbsp;<\/p>\n<p>&nbsp;<\/p>\n<p>&nbsp;<\/p>\n<p>&nbsp;<\/p>\n<p><img decoding=\"async\" class=\"wp-image-11819 alignleft\" src=\"https:\/\/gittoletto.it\/it\/wp-content\/uploads\/2021\/02\/doghe-Dorsal-Super-300x300.webp\" alt=\"\" width=\"155\" height=\"155\" srcset=\"https:\/\/gittoletto.it\/it\/wp-content\/uploads\/2021\/02\/doghe-Dorsal-Super-300x300.webp 300w, https:\/\/gittoletto.it\/it\/wp-content\/uploads\/2021\/02\/doghe-Dorsal-Super-100x100.webp 100w, https:\/\/gittoletto.it\/it\/wp-content\/uploads\/2021\/02\/doghe-Dorsal-Super-150x150.webp 150w, https:\/\/gittoletto.it\/it\/wp-content\/uploads\/2021\/02\/doghe-Dorsal-Super.webp 500w\" sizes=\"(max-width: 155px) 100vw, 155px\" \/> <span style=\"color: #000000\">a 7 strati, robuste, affidabili e antiumidit\u00e0 su tutto il supporto.<\/span><br \/>\n<span style=\"color: #000000\">Nei modelli matrimoniali a doga unica lo spessore del multistrato \u00e8 maggiorato per una grande resistenza alle sollecitazioni del peso. Utilizza doghe ecosostenibili e certificate.<\/span><\/p>\n<p>&nbsp;<\/p>\n<p>&nbsp;<\/p>\n<p>&nbsp;<\/p>\n<p>&nbsp;<\/p>\n<p><img loading=\"lazy\" decoding=\"async\" class=\" wp-image-11820 alignleft\" src=\"https:\/\/gittoletto.it\/it\/wp-content\/uploads\/2021\/02\/verniciatura-Super-300x300.webp\" alt=\"\" width=\"153\" height=\"153\" srcset=\"https:\/\/gittoletto.it\/it\/wp-content\/uploads\/2021\/02\/verniciatura-Super-300x300.webp 300w, https:\/\/gittoletto.it\/it\/wp-content\/uploads\/2021\/02\/verniciatura-Super-100x100.webp 100w, https:\/\/gittoletto.it\/it\/wp-content\/uploads\/2021\/02\/verniciatura-Super-150x150.webp 150w, https:\/\/gittoletto.it\/it\/wp-content\/uploads\/2021\/02\/verniciatura-Super.webp 500w\" sizes=\"(max-width: 153px) 100vw, 153px\" \/><\/p>\n<p><span style=\"color: #000000\">La verniciatura di Super \u00e8 curata all&#8217;interno dell&#8217;azienda, personalizzata con un caldo colore sabl\u00e8, \u00e8 atossica e antigraffio.<\/span><\/p>\n<p>&nbsp;<\/p>\n<p>&nbsp;<\/p>\n<p>&nbsp;<\/p>\n<p>&nbsp;<\/p>\n<p><span style=\"color: #000000\">Il programma Super coniuga una qualit\u00e0 del riposo unica con una robustezza eccezionale. La rete <\/span><span style=\"color: #000000\">Dorsal Super \u00e8 disponibile in 11 modelli. Oltre le versioni qui rappresentate \u00e8 possibile richiedere informazioni anche per le versioni motorizzate singole e matrimoniali.<\/span><\/p>\n<p>&nbsp;<\/p>\n<p style=\"text-align: center\"><span style=\"color: #000000\"><strong>Certificazioni<\/strong><\/span><\/p>\n<p style=\"text-align: left\"><span style=\"color: #000000\"><strong>Dorsal<\/strong> coltiva da sempre un&#8217;attenzione particolare alla sostenibilit\u00e0, all&#8217;ambiente ed all&#8217;uomo e per questo ha sviluppato i suoi processi produttivi nella direzione del rispetto della natura e della salvaguardia del pianeta.<\/span><\/p>\n<ul>\n<li><span style=\"color: #000000\"><em><strong>FSC<sup>\u00a9<\/sup><\/strong><\/em><\/span>\u00a0 \u00e8<span style=\"color: #000000\"> una certificazione internazionale, indipendente e di parte terza, specifica per il settore forestale e i prodotti, legnosi e non legnosi, derivati dalle foreste<\/span>.<span style=\"text-decoration: underline\"><span style=\"color: #008000\"> <a style=\"color: #008000\" href=\"http:\/\/www.dorsal.it\/downloads\/certificati\/Certificate_DNV-COC-001159_FSC.pdf\"><em><span style=\"color: #008000;text-decoration: underline\">Scarica<\/span>\u00a0<span style=\"color: #008000;text-decoration: underline\">il certificato<\/span><\/em><\/a><\/span><\/span><\/li>\n<li><span style=\"color: #000000\"><em><strong>PEFC\u2122<\/strong><\/em>\u00a0\u00e8 un sistema di certificazione per la gestione sostenibile delle foreste. Inoltre, gestione ecologicamente appropriata, ma anche mirata al conseguimento di benefici sociale ed economicamente valida.\u00a0 <span style=\"text-decoration: underline\"><span style=\"color: #008000\"><a style=\"color: #008000\" href=\"http:\/\/www.dorsal.it\/downloads\/certificati\/Certificate_No._2015-SKM-PEFC-124_1-25QZV0H_CC.pdf\"><em><span style=\"color: #008000;text-decoration: underline\">Scarica il certificato<\/span><\/em><\/a><\/span><\/span><\/span><\/li>\n<li><span style=\"color: #000000\"><strong>Dorsal<\/strong> \u00e8 tra le 57 aziende che hanno sottoscritto la dichiarazione di Vancouver promossa da <strong>FSC<\/strong>. <\/span><span style=\"color: #000000\">Una carta comune per la salvaguardia delle foreste del mondo, attraverso al quale le aziende si impegnano per una filiera pi\u00f9 sostenibile ed a utilizzare prodotti in legno e prodotti forestali certificati FSC.\u00a0 <span style=\"text-decoration: underline\"><span style=\"color: #008000\"><a style=\"color: #008000;text-decoration: underline\" href=\"https:\/\/ic.fsc.org\/en\/for-business\/vancouver-declaration\">Maggiori informazioni<\/a><\/span><\/span><\/span><\/li>\n<\/ul>\n<p><span style=\"color: #000000\">Oltre ad utilizzare processi di produzione eco-compatibili, i materassi <strong>Dorsal<\/strong> contengono materie prime provenienti in gran parte da risorse rinnovabili.<br \/>\nMaterie prime naturali come olio di girasole ed acqua ed <strong>escludono totalmente l&#8217;utilizzo di derivati del petrolio.<\/strong><\/span><\/p>\n<p>&nbsp;<\/p>\n<p><img loading=\"lazy\" decoding=\"async\" class=\"size-full wp-image-11683 alignleft\" src=\"https:\/\/gittoletto.it\/it\/wp-content\/uploads\/2020\/05\/logo-prova-test.webp\" alt=\"\" width=\"191\" height=\"70\" srcset=\"https:\/\/gittoletto.it\/it\/wp-content\/uploads\/2020\/05\/logo-prova-test.webp 191w, https:\/\/gittoletto.it\/it\/wp-content\/uploads\/2020\/05\/logo-prova-test-100x37.webp 100w\" sizes=\"(max-width: 191px) 100vw, 191px\" \/><\/p>\n<p><span style=\"color: #000000\">I materassi Dorsal sono sicuri e durevoli perch\u00e9 sottoposti a collaudo presso i pi\u00f9 autorevoli laboratori indipendenti italiani ed esteri. Una garanzia in pi\u00f9 per il consumatore.<\/span><\/p>\n<p>&nbsp;<\/p>\n<p>&nbsp;<\/p>\n<p><img loading=\"lazy\" decoding=\"async\" class=\"wp-image-11677 alignleft\" src=\"https:\/\/gittoletto.it\/it\/wp-content\/uploads\/2020\/05\/aifi_LOGO_1024x1024.png\" alt=\"\" width=\"98\" height=\"98\" srcset=\"https:\/\/gittoletto.it\/it\/wp-content\/uploads\/2020\/05\/aifi_LOGO_1024x1024.png 1024w, https:\/\/gittoletto.it\/it\/wp-content\/uploads\/2020\/05\/aifi_LOGO_1024x1024-300x300.webp 300w, https:\/\/gittoletto.it\/it\/wp-content\/uploads\/2020\/05\/aifi_LOGO_1024x1024-100x100.webp 100w, https:\/\/gittoletto.it\/it\/wp-content\/uploads\/2020\/05\/aifi_LOGO_1024x1024-600x600.webp 600w, https:\/\/gittoletto.it\/it\/wp-content\/uploads\/2020\/05\/aifi_LOGO_1024x1024-150x150.webp 150w, https:\/\/gittoletto.it\/it\/wp-content\/uploads\/2020\/05\/aifi_LOGO_1024x1024-768x768.webp 768w\" sizes=\"(max-width: 98px) 100vw, 98px\" \/><\/p>\n<p><span style=\"color: #000000\">I prodotti per il riposo Dorsal sono gli unici supporti per il riposo in Italia co-progettati, testati e garantiti dall&#8217; A.I.Fi,<span style=\"text-decoration: underline;color: #0000ff\"> <a style=\"color: #0000ff;text-decoration: underline\" href=\"http:\/\/www.dorsal.it\/aifi\">l&#8217;Associazione Italiana Fisioterapisti<\/a><\/span>, riconosciuta dal Ministero della Salute.<\/span><\/p>\n<p>&nbsp;<\/p>\n<p>&nbsp;<\/p>\n<p>&nbsp;<\/p>\n<p><img loading=\"lazy\" decoding=\"async\" class=\" wp-image-11682 alignleft\" src=\"https:\/\/gittoletto.it\/it\/wp-content\/uploads\/2020\/05\/dispositivo-medico-dorsal-2.webp\" alt=\"\" width=\"94\" height=\"94\" \/> <span style=\"color: #000000\">I materassi e le reti Dorsal certificate come Dispositivo Medico rispondono ai requisiti ministeriali per la prevenzione delle patologie da decubito.<\/span><br \/>\n<span style=\"color: #000000\">Le reti Super sono un dispositivo Medico Classe 1 marcato CE, conforme alla Direttiva Europea 2017\/745. Detraibile fiscalmente. Inoltre acquistando un dispositivo medico \u00e8 possibile usufruire dell\u2019 IVA agevolata al 4%, se sussistono i presupposti dettati dalla legge n. 104 del 05\/02\/1992.<\/span><\/p>\n<p>&nbsp;<\/p>\n<p style=\"text-align: center\"><strong><span style=\"color: #000000\">Prodotto su misura<\/span><\/strong><\/p>\n<p><span style=\"color: #000000\">Misure: 80&#215;190 \/ 90&#215;190 \/ 90&#215;200 \/ 120&#215;190 \/ 140&#215;190 \/ 140&#215;200 \/ 160&#215;190 \/ 160&#215;200 \/170&#215;200 \/ 180&#215;200<\/span><br \/>\n<span style=\"color: #000000\">Le misure presenti non si adattano alla rete o alla stanza?<\/span><br \/>\n<span style=\"color: #000000\">La rete <strong>Super<\/strong>\u00a0\u00e8 realizzabile su misura. <strong>Contattaci<\/strong> per un preventivo chiamandoci al numero (+39)0902935373 , via mail a info@gittoletto.it o tramite l&#8217;apposito form che trovi <a style=\"color: #0000ff\" href=\"https:\/\/gittoletto.it\/it\/contattaci\/\"><span style=\"text-decoration: underline\">cliccando qui<\/span>\u00a0<\/a><\/span><\/p>\n<p>&nbsp;<\/p>\n<p style=\"text-align: center\"><span style=\"color: #000000\"><strong>Garanzia ed altre informazioni<\/strong><\/span><\/p>\n<p><span style=\"color: #000000\">Tutti i prodotti Dorsal sono realizzati con materiali scelti, resistenti, duraturi e sottoposti a test di controllo. Ne risultano prodotti di alta qualit\u00e0 per i quali Dorsal offre la garanzia di legge ex D.L. 2 febbraio 2002 n\u00b0 24, che consiste in<strong> 2 anni<\/strong> di garanzia sul prodotto.<\/span><\/p>\n<p><span style=\"color: #000000\">Collegandosi nell&#8217;area di registrazione della garanzia Dorsal, in soli 5 minuti <strong>potrete estendere la garanzia del prodotto da 2 a 5 anni.\u00a0\u00a0<a href=\"http:\/\/garanzia.dorsal.it\/\">http:\/\/garanzia.dorsal.it\/<\/a><\/strong><\/span><\/p>\n","protected":false},"excerpt":{"rendered":"<p>La rete <strong>Super<\/strong> di Dorsal \u00e8 la pi\u00f9 robusta e collaudata dell\u2019intera produzione; nata per soddisfare ogni esigenza, mantiene inalterata nel tempo la sua validit\u00e0.<\/p>\n<p>\u00c8 caratterizzata da un sistema di molleggio a quindici assi di faggio, in strati lamellari a flessibilit\u00e0 indipendente; ogni parte del corpo viene sostenuta in relazione al peso e alla forma anatomica; la struttura brevettata che accoglie le doghe, rende il prodotto calibrato, silenzioso e capace di resistere a notevoli carichi di torsione e sbalzi di temperatura.<\/p>\n<p><span style=\"color: #000000\">E&#8217; un dispositivo medico. Richiedi la detrazione fiscale al 19% come spese mediche; inoltre acquistando un dispositivo medico \u00e8 possibile usufruire dell\u2019 IVA agevolata al 4%, se sussistono i presupposti dettati dalla legge n. 104 del 05\/02\/1992.<\/span><\/p>\n","protected":false},"featured_media":11814,"template":"","meta":[],"product_brand":[],"product_cat":[113],"product_tag":[129,154,437,421,416,434,438,436,128],"class_list":{"0":"post-13101","1":"product","2":"type-product","3":"status-publish","4":"has-post-thumbnail","6":"product_cat-reti","7":"product_tag-detrazione-fiscale","8":"product_tag-dispositivo-medico","9":"product_tag-igiene-e-sicurezza-garantita","10":"product_tag-materiali-sicuri-e-certificati","11":"product_tag-prodotto-italiano","12":"product_tag-qualita-garantita-dorsal","13":"product_tag-resistenza-nel-tempo","14":"product_tag-robustezza-e-stabilita","15":"product_tag-soluzioni-per-il-riposo","16":"product_shipping_class-ingombranti","18":"first","19":"instock","20":"sale","21":"shipping-taxable","22":"purchasable","23":"product-type-variable"},"_links":{"self":[{"href":"https:\/\/gittoletto.it\/it\/wp-json\/wp\/v2\/product\/13101","targetHints":{"allow":["GET"]}}],"collection":[{"href":"https:\/\/gittoletto.it\/it\/wp-json\/wp\/v2\/product"}],"about":[{"href":"https:\/\/gittoletto.it\/it\/wp-json\/wp\/v2\/types\/product"}],"wp:featuredmedia":[{"embeddable":true,"href":"https:\/\/gittoletto.it\/it\/wp-json\/wp\/v2\/media\/11814"}],"wp:attachment":[{"href":"https:\/\/gittoletto.it\/it\/wp-json\/wp\/v2\/media?parent=13101"}],"wp:term":[{"taxonomy":"product_brand","embeddable":true,"href":"https:\/\/gittoletto.it\/it\/wp-json\/wp\/v2\/product_brand?post=13101"},{"taxonomy":"product_cat","embeddable":true,"href":"https:\/\/gittoletto.it\/it\/wp-json\/wp\/v2\/product_cat?post=13101"},{"taxonomy":"product_tag","embeddable":true,"href":"https:\/\/gittoletto.it\/it\/wp-json\/wp\/v2\/product_tag?post=13101"}],"curies":[{"name":"wp","href":"https:\/\/api.w.org\/{rel}","templated":true}]}}