{"id":13114,"date":"2023-12-14T10:23:19","date_gmt":"2023-12-14T09:23:19","guid":{"rendered":"https:\/\/gittoletto.it\/it\/?post_type=product&#038;p=13114"},"modified":"2025-11-14T19:53:37","modified_gmt":"2025-11-14T18:53:37","slug":"rete-dorsal-super-elettrica","status":"publish","type":"product","link":"https:\/\/gittoletto.it\/it\/prodotto\/rete-dorsal-super-elettrica\/","title":{"rendered":"Rete Dorsal Super &#8211; Elettrica"},"content":{"rendered":"<p>Coniuga una migliore qualit\u00e0 del riposo con una robustezza eccezionale, avendo anche la possibilit\u00e0 di regolare l&#8217;inclinazione della rete in base alle proprie esigenze; grazie anche alle doghe fresate, che conferiscono un comfort piu\u0300 morbido e accogliente nella zona delle spalle.<\/p>\n<p>E&#8217; caratterizzata da un sistema di molleggio a quindici assi di faggio, in strati lamellari a flessibilit\u00e0 indipendente; ogni parte del corpo viene sostenuta in relazione al peso e alla forma anatomica.<\/p>\n<p>Misure: 80&#215;190 \/ 90&#215;190 \/ 90&#215;200 \/ 120&#215;190 \/ 140&#215;190 \/ 140&#215;200 \/ 160&#215;190 \/ 160&#215;200 \/ 170&#215;200 \/ 180&#215;200. Per altre varianti di misura o ulteriori informazioni contattaci al nostro indirizzo e-mail: <a href=\"mailto:ordini@gittoletto.it\">ordini@gittoletto.it<\/a><\/p>\n<ul>\n<li>Verniciatura Dorsal a polveri, atossica e antigraffio.<\/li>\n<li>Supporto anatomico in acciaio 40&#215;30 mm\/50&#215;30 mm.<\/li>\n<li>Doghe in faggio multistrato 68&#215;8 mm\/68&#215;12 mm.<\/li>\n<\/ul>\n<p>&nbsp;<\/p>\n<p><img decoding=\"async\" class=\"wp-image-10916 alignleft\" src=\"https:\/\/gittoletto.it\/it\/wp-content\/uploads\/2019\/06\/DIspositivo-medico.png\" alt=\"\" width=\"159\" height=\"83\" srcset=\"https:\/\/gittoletto.it\/it\/wp-content\/uploads\/2019\/06\/DIspositivo-medico.png 269w, https:\/\/gittoletto.it\/it\/wp-content\/uploads\/2019\/06\/DIspositivo-medico-100x52.png 100w\" sizes=\"(max-width: 159px) 100vw, 159px\" \/>Dispositivo medico &#8211; Classe I, detraibile nella dichiarazione dei redditi nella misura del 19%.<\/p>\n<p>&nbsp;<\/p>\n<p class=\"p1\"><span class=\"s1\">Acquistando un dispositivo medico \u00e8 possibile usufruire dell&#8217; IVA agevolata al 4%, se sussistono i presupposti dettati dalla legge n. 104 del 05\/02\/1992.<\/span><\/p>\n<p>&nbsp;<\/p>\n<p><strong><em>Super Elettrica &#8211; Singola<\/em><\/strong><\/p>\n<p>Versione singola a 2 motori; \u00e8 possibile variare la rigidit\u00e0 della rete grazie ai cursori regolabili, fino alla misura 100.<\/p>\n<p>&nbsp;<\/p>\n<p><img fetchpriority=\"high\" decoding=\"async\" class=\"alignnone size-medium wp-image-13125\" src=\"https:\/\/gittoletto.it\/it\/wp-content\/uploads\/2023\/12\/rete-dorsal-super-elettrica-ra-300x180.jpg\" alt=\"Rete Dorsal Super - Elettrica RA\" width=\"300\" height=\"180\" \/><\/p>\n<p>&nbsp;<br \/>\n&nbsp;<\/p>\n<p><strong><em>Super Elettrica &#8211; Matrimoniale (alzata separata)<\/em><\/strong><\/p>\n<p>Rete dotata di due motori separati, si ha cos\u00ec la possibilit\u00e0 di scegliere un&#8217;alzata differente per ogni singolo lato; grazie ai cursori regolabili \u00e8 possibile variare la rigidit\u00e0 del supporto, maggiore o minore, in base alle proprie esigenze.<\/p>\n<p>&nbsp;<\/p>\n<p><img decoding=\"async\" class=\"alignnone size-medium wp-image-13124\" src=\"https:\/\/gittoletto.it\/it\/wp-content\/uploads\/2023\/12\/rete-dorsal-super-elettrica-fra-1-300x185.webp\" alt=\"Rete Dorsal Super - elettrica FRA\" width=\"300\" height=\"185\" srcset=\"https:\/\/gittoletto.it\/it\/wp-content\/uploads\/2023\/12\/rete-dorsal-super-elettrica-fra-1-300x185.webp 300w, https:\/\/gittoletto.it\/it\/wp-content\/uploads\/2023\/12\/rete-dorsal-super-elettrica-fra-1-768x473.webp 768w, https:\/\/gittoletto.it\/it\/wp-content\/uploads\/2023\/12\/rete-dorsal-super-elettrica-fra-1-600x369.webp 600w, https:\/\/gittoletto.it\/it\/wp-content\/uploads\/2023\/12\/rete-dorsal-super-elettrica-fra-1.webp 786w\" sizes=\"(max-width: 300px) 100vw, 300px\" \/><\/p>\n<p>&nbsp;<br \/>\n&nbsp;<\/p>\n<p><strong><em>Super Elettrica &#8211; Matrimoniale (alzata unica)<\/em><\/strong><\/p>\n<p>Versione matrimoniale a doga unica regolabile elettricamente, ad un solo motore.<\/p>\n<p>&nbsp;<\/p>\n<p>&nbsp;<br \/>\n<img loading=\"lazy\" decoding=\"async\" class=\"alignnone size-medium wp-image-13126\" src=\"https:\/\/gittoletto.it\/it\/wp-content\/uploads\/2023\/12\/rete-dorsal-super-elettrica-mra-300x180.jpg\" alt=\"Rete Dorsal Super - Elettrica MRA\" width=\"300\" height=\"180\" \/><\/p>\n","protected":false},"excerpt":{"rendered":"<div class=\"short-description\">\n<div class=\"std\">\n<div class=\"column\">\n<p class=\"s-panoramica__lead-text\">La versione <strong>Elettrica<\/strong> della rete <strong>Super<\/strong> di Dorsal nasce per adattarsi e soddisfare le diverse esigenze, donando il massimo comfort, mantenendo inalterata nel tempo la sua validit\u00e0.<\/p>\n<p class=\"s-panoramica__lead-text\">La gamma permette di scegliere pi\u00f9 soluzioni nelle versioni a motore, tutte permettono di regolare la testiera e la pediera nella pi\u00f9 ampia libert\u00e0; la struttura brevettata che accoglie le doghe, rende il prodotto calibrato, silenzioso e capace di resistere a notevoli carichi di torsione e sbalzi di temperatura.<\/p>\n<\/div>\n<div class=\"page\" title=\"Page 11\">\n<div class=\"layoutArea\">\n<div class=\"column\">\n<div class=\"page\" title=\"Page 16\">\n<div class=\"layoutArea\">\n<div class=\"column\"><em><strong>Dispositivo Medico &#8211; Classe I<\/strong><\/em><\/div>\n<\/div>\n<\/div>\n<\/div>\n<\/div>\n<\/div>\n<div class=\"page\" title=\"Page 11\">\n<div class=\"layoutArea\">\n<div class=\"column\">\n<div class=\"page\" title=\"Page 16\">\n<div class=\"layoutArea\">\n<div class=\"column\"><\/div>\n<\/div>\n<\/div>\n<\/div>\n<\/div>\n<\/div>\n<p>&nbsp;<\/p>\n<\/div>\n<\/div>\n","protected":false},"featured_media":13125,"template":"","meta":[],"product_brand":[],"product_cat":[113],"product_tag":[129,154,437,421,416,434,131,436,128],"class_list":{"0":"post-13114","1":"product","2":"type-product","3":"status-publish","4":"has-post-thumbnail","6":"product_cat-reti","7":"product_tag-detrazione-fiscale","8":"product_tag-dispositivo-medico","9":"product_tag-igiene-e-sicurezza-garantita","10":"product_tag-materiali-sicuri-e-certificati","11":"product_tag-prodotto-italiano","12":"product_tag-qualita-garantita-dorsal","13":"product_tag-rete-motorizzata","14":"product_tag-robustezza-e-stabilita","15":"product_tag-soluzioni-per-il-riposo","16":"product_shipping_class-ingombranti","18":"first","19":"instock","20":"sale","21":"shipping-taxable","22":"purchasable","23":"product-type-variable"},"_links":{"self":[{"href":"https:\/\/gittoletto.it\/it\/wp-json\/wp\/v2\/product\/13114","targetHints":{"allow":["GET"]}}],"collection":[{"href":"https:\/\/gittoletto.it\/it\/wp-json\/wp\/v2\/product"}],"about":[{"href":"https:\/\/gittoletto.it\/it\/wp-json\/wp\/v2\/types\/product"}],"wp:featuredmedia":[{"embeddable":true,"href":"https:\/\/gittoletto.it\/it\/wp-json\/wp\/v2\/media\/13125"}],"wp:attachment":[{"href":"https:\/\/gittoletto.it\/it\/wp-json\/wp\/v2\/media?parent=13114"}],"wp:term":[{"taxonomy":"product_brand","embeddable":true,"href":"https:\/\/gittoletto.it\/it\/wp-json\/wp\/v2\/product_brand?post=13114"},{"taxonomy":"product_cat","embeddable":true,"href":"https:\/\/gittoletto.it\/it\/wp-json\/wp\/v2\/product_cat?post=13114"},{"taxonomy":"product_tag","embeddable":true,"href":"https:\/\/gittoletto.it\/it\/wp-json\/wp\/v2\/product_tag?post=13114"}],"curies":[{"name":"wp","href":"https:\/\/api.w.org\/{rel}","templated":true}]}}