{"id":13266,"date":"2023-12-24T11:57:25","date_gmt":"2023-12-24T10:57:25","guid":{"rendered":"https:\/\/gittoletto.it\/it\/?post_type=product&#038;p=13266"},"modified":"2025-11-14T19:53:27","modified_gmt":"2025-11-14T18:53:27","slug":"lenzuola-dondi-phidra-copia","status":"publish","type":"product","link":"https:\/\/gittoletto.it\/it\/prodotto\/lenzuola-dondi-phidra-copia\/","title":{"rendered":"Lenzuola Dondi Sarah"},"content":{"rendered":"<p>Completo lenzuola matrimoniale Dondi, collezione Forever; made in Italy.<\/p>\n<ul>\n<li>Tessuto: 100% cotone stampato.<\/li>\n<li>Colore: menta.<\/li>\n<li>lenzuolo sopra 250&#215;290 cm.<\/li>\n<li>lenzuolo sotto con angoli 180x200x30 cm.<\/li>\n<li>2 federe 50\u00d780 cm.<\/li>\n<\/ul>\n<p>&nbsp;<\/p>\n<div id=\"item_sharing\" class=\"clearfix\"><\/div>\n<p>&nbsp;<\/p>\n","protected":false},"excerpt":{"rendered":"<p>Completo lenzuola matrimoniale <strong>Sarah<\/strong>, linea Forever, in cotone stampato di un delicato color menta e federe a sacchetto.<\/p>\n<p>La biancheria da letto <strong>Dondi<\/strong>, frutto di anni di esperienza nel settore, \u00e8 sinonimo di alta qualit\u00e0, conmfort ed eleganza; ogni prodotto \u00e8 realizzato con materiali pregiati, curato nei minimi dettagli, per soddisfare le esigenze di ogni cliente.<\/p>\n","protected":false},"featured_media":13267,"template":"","meta":[],"product_brand":[],"product_cat":[222,390,223,377],"product_tag":[457,418,416,445],"class_list":{"0":"post-13266","1":"product","2":"type-product","3":"status-publish","4":"has-post-thumbnail","6":"product_cat-biancheria","7":"product_cat-set-lenzuola-completo","8":"product_cat-lenzuola","9":"product_cat-letto","10":"product_tag-biancheria-da-letto-dondi","11":"product_tag-lavorazione-sartoriale-elegante-e-di-qualita","12":"product_tag-prodotto-italiano","13":"product_tag-qualita-garantita-100-cotone","14":"product_shipping_class-pacco-standard","16":"first","17":"instock","18":"sale","19":"shipping-taxable","20":"purchasable","21":"product-type-simple"},"_links":{"self":[{"href":"https:\/\/gittoletto.it\/it\/wp-json\/wp\/v2\/product\/13266","targetHints":{"allow":["GET"]}}],"collection":[{"href":"https:\/\/gittoletto.it\/it\/wp-json\/wp\/v2\/product"}],"about":[{"href":"https:\/\/gittoletto.it\/it\/wp-json\/wp\/v2\/types\/product"}],"wp:featuredmedia":[{"embeddable":true,"href":"https:\/\/gittoletto.it\/it\/wp-json\/wp\/v2\/media\/13267"}],"wp:attachment":[{"href":"https:\/\/gittoletto.it\/it\/wp-json\/wp\/v2\/media?parent=13266"}],"wp:term":[{"taxonomy":"product_brand","embeddable":true,"href":"https:\/\/gittoletto.it\/it\/wp-json\/wp\/v2\/product_brand?post=13266"},{"taxonomy":"product_cat","embeddable":true,"href":"https:\/\/gittoletto.it\/it\/wp-json\/wp\/v2\/product_cat?post=13266"},{"taxonomy":"product_tag","embeddable":true,"href":"https:\/\/gittoletto.it\/it\/wp-json\/wp\/v2\/product_tag?post=13266"}],"curies":[{"name":"wp","href":"https:\/\/api.w.org\/{rel}","templated":true}]}}