{"id":13272,"date":"2023-12-24T19:07:58","date_gmt":"2023-12-24T18:07:58","guid":{"rendered":"https:\/\/gittoletto.it\/it\/?post_type=product&#038;p=13272"},"modified":"2025-11-14T19:53:28","modified_gmt":"2025-11-14T18:53:28","slug":"coppia-asciugamani-spugna-pip-studio-good-evening","status":"publish","type":"product","link":"https:\/\/gittoletto.it\/it\/prodotto\/coppia-asciugamani-spugna-pip-studio-good-evening\/","title":{"rendered":"Coppia Asciugamani Spugna Pip Studio Good Evening"},"content":{"rendered":"<p>Coppia di asciugamani realizzato in velluto di spugna 100% cotone di alta qualit\u00e0; eccellente qualit\u00e0 di assorbimento dell&#8217;umidit\u00e0, traspirabilit\u00e0 e asciugatura rapida.<\/p>\n<ul>\n<li>Set: asciugamano + ospite.<\/li>\n<li>Misure: viso 55\u00d7100 cm, ospite 30\u00d750 cm.<\/li>\n<li>Tessuto: 100% spugna di cotone di alta qualit\u00e0.<\/li>\n<li>Lavare con colori simili fino a 60\u00b0.<\/li>\n<li>Adatto per l&#8217;asciugatrice.<\/li>\n<\/ul>\n<p>&nbsp;<\/p>\n","protected":false},"excerpt":{"rendered":"<p>Coppia asciugamani e ospite <strong>Good Evening<\/strong>, Pip Studio, in velluto di spugna di cotone di alta qualit\u00e0, morbidissimo.<\/p>\n<p>Questo set spugna, caratterizzato da una stampa di fiori orientali dal design elegante, doner\u00e0 al bagno un tocco di stile,\u00a0 originalit\u00e0 e colore<\/p>\n<p>&nbsp;<\/p>\n","protected":false},"featured_media":13282,"template":"","meta":[],"product_brand":[],"product_cat":[397,378,222],"product_tag":[442,459,458],"class_list":{"0":"post-13272","1":"product","2":"type-product","3":"status-publish","4":"has-post-thumbnail","6":"product_cat-asciugamani-viso-e-ospite","7":"product_cat-bagno","8":"product_cat-biancheria","9":"product_tag-elegante-e-di-qualita","10":"product_tag-set-spugna-pip-studio","11":"product_tag-spugna-di-cotone-100","12":"product_shipping_class-pacco-standard","14":"first","15":"instock","16":"sale","17":"shipping-taxable","18":"purchasable","19":"product-type-variable"},"_links":{"self":[{"href":"https:\/\/gittoletto.it\/it\/wp-json\/wp\/v2\/product\/13272","targetHints":{"allow":["GET"]}}],"collection":[{"href":"https:\/\/gittoletto.it\/it\/wp-json\/wp\/v2\/product"}],"about":[{"href":"https:\/\/gittoletto.it\/it\/wp-json\/wp\/v2\/types\/product"}],"wp:featuredmedia":[{"embeddable":true,"href":"https:\/\/gittoletto.it\/it\/wp-json\/wp\/v2\/media\/13282"}],"wp:attachment":[{"href":"https:\/\/gittoletto.it\/it\/wp-json\/wp\/v2\/media?parent=13272"}],"wp:term":[{"taxonomy":"product_brand","embeddable":true,"href":"https:\/\/gittoletto.it\/it\/wp-json\/wp\/v2\/product_brand?post=13272"},{"taxonomy":"product_cat","embeddable":true,"href":"https:\/\/gittoletto.it\/it\/wp-json\/wp\/v2\/product_cat?post=13272"},{"taxonomy":"product_tag","embeddable":true,"href":"https:\/\/gittoletto.it\/it\/wp-json\/wp\/v2\/product_tag?post=13272"}],"curies":[{"name":"wp","href":"https:\/\/api.w.org\/{rel}","templated":true}]}}