{"id":14170,"date":"2024-02-02T19:42:12","date_gmt":"2024-02-02T18:42:12","guid":{"rendered":"https:\/\/gittoletto.it\/it\/?post_type=product&#038;p=14170"},"modified":"2025-11-14T19:53:13","modified_gmt":"2025-11-14T18:53:13","slug":"coppia-spugna-asciugamani-dandy-nk-home","status":"publish","type":"product","link":"https:\/\/gittoletto.it\/it\/prodotto\/coppia-spugna-asciugamani-dandy-nk-home\/","title":{"rendered":"Coppia Spugna Asciugamani Dandy NK Home"},"content":{"rendered":"<p>Coppia di asciugamani in spugna 100% cotone pettinato 600gr\/mq.<\/p>\n<ul>\n<li>Set: asciugamano + ospite.<\/li>\n<li>Misure: viso 60\u00d7110 cm, ospite 40\u00d760 cm.<\/li>\n<li>Tessuto: 100% spugna di cotone di alta qualit\u00e0.<\/li>\n<li>Adatto per l&#8217;asciugatrice.<\/li>\n<\/ul>\n","protected":false},"excerpt":{"rendered":"<p>Coppia di asciugamani in spugna 100% cotone pettinato 600gr\/mq. Set: asciugamano + ospite. Misure: viso 60\u00d7110 cm, ospite 40\u00d760 cm. Tessuto: 100% spugna di cotone di alta qualit\u00e0. Adatto per l&#8217;asciugatrice.<\/p>\n","protected":false},"featured_media":14172,"template":"","meta":[],"product_brand":[],"product_cat":[397],"product_tag":[],"class_list":{"0":"post-14170","1":"product","2":"type-product","3":"status-publish","4":"has-post-thumbnail","6":"product_cat-asciugamani-viso-e-ospite","7":"product_shipping_class-pacco-standard","9":"first","10":"instock","11":"sale","12":"shipping-taxable","13":"purchasable","14":"product-type-variable"},"_links":{"self":[{"href":"https:\/\/gittoletto.it\/it\/wp-json\/wp\/v2\/product\/14170","targetHints":{"allow":["GET"]}}],"collection":[{"href":"https:\/\/gittoletto.it\/it\/wp-json\/wp\/v2\/product"}],"about":[{"href":"https:\/\/gittoletto.it\/it\/wp-json\/wp\/v2\/types\/product"}],"wp:featuredmedia":[{"embeddable":true,"href":"https:\/\/gittoletto.it\/it\/wp-json\/wp\/v2\/media\/14172"}],"wp:attachment":[{"href":"https:\/\/gittoletto.it\/it\/wp-json\/wp\/v2\/media?parent=14170"}],"wp:term":[{"taxonomy":"product_brand","embeddable":true,"href":"https:\/\/gittoletto.it\/it\/wp-json\/wp\/v2\/product_brand?post=14170"},{"taxonomy":"product_cat","embeddable":true,"href":"https:\/\/gittoletto.it\/it\/wp-json\/wp\/v2\/product_cat?post=14170"},{"taxonomy":"product_tag","embeddable":true,"href":"https:\/\/gittoletto.it\/it\/wp-json\/wp\/v2\/product_tag?post=14170"}],"curies":[{"name":"wp","href":"https:\/\/api.w.org\/{rel}","templated":true}]}}