{"id":14657,"date":"2025-10-21T19:12:41","date_gmt":"2025-10-21T17:12:41","guid":{"rendered":"https:\/\/gittoletto.it\/it\/?post_type=product&#038;p=14657"},"modified":"2026-03-04T11:00:21","modified_gmt":"2026-03-04T10:00:21","slug":"il-benessere-comoda","status":"publish","type":"product","link":"https:\/\/gittoletto.it\/it\/prodotto\/il-benessere-comoda\/","title":{"rendered":"Il benessere Comoda"},"content":{"rendered":"<p>La poltrona relax<strong><em>\u00a0Il\u00a0Benessere<\/em> Comoda\u00a0<\/strong> \u00e8 un <strong>presidio medico sanitario<\/strong>, in quanto dispositivo medico di classe 1 si pu\u00f2 richiedere la <strong>detrazione fiscale del 19%.<\/strong><\/p>\n<p>Prodotta e realizzata con<strong> materiale ad alta tecnologia e a bassa tensione<\/strong>, \u00e8 dotata di seduta e schienale in materiali ad elevata adattabilit\u00e0 e traspirabilit\u00e0, progettata per favorire il comfort durante la permanenza prolungata<\/p>\n<p style=\"text-align: center;\"><strong>BENEFICI:<\/strong><\/p>\n<ul>\n<li><strong>Riduce i fattori di rischio per le lesioni da pressione<\/strong><\/li>\n<li><strong>Si adatta ad ogni movimento<\/strong><\/li>\n<li><strong>Riduce l&#8217;accumulo di umidit\u00e0 e calore<\/strong><\/li>\n<\/ul>\n<p style=\"text-align: center;\"><strong>CARATTERISTICHE PRINCIPALI:<\/strong><\/p>\n<ul>\n<li>Seduta con lavorazione a sagomatura basculante ed ergonomica per <strong>adattarsi perfettamente ad ogni minimo spostamento e ridurre i punti di pressione<\/strong>, grazie ai canali passanti permette un passaggio dell&#8217;aria e una traspirazione mai vista prima<\/li>\n<li>Schienale con imbottitura in fibra cava siliconata che, grazie alle sue propriet\u00e0 permette un&#8217;ottima circolazione dell&#8217;aria riducendo l&#8217;accumulo di umidit\u00e0 e calore, questa condizione \u00e8 fondamentale per <strong>prevenire fattori di rischio per le lesioni da pressione<\/strong><\/li>\n<\/ul>\n<p>&nbsp;<\/p>\n<p><span style=\"color: #000000;\">Inoltre \u00e8 dotata di:<\/span><\/p>\n<div class=\"page\" title=\"Page 2\">\n<div class=\"section\">\n<div class=\"layoutArea\">\n<div class=\"column\">\n<p style=\"text-align: justify;\"><span style=\"color: #000000;\"><strong>1-<\/strong> Meccanica<strong> EMMEPLUS <\/strong>con due<strong> motori<\/strong>, <strong>consente<\/strong>\u00a0di raggiungere la posizione di relax con lo <strong>schienale e la pediera che si muovono indipendentemente<\/strong> con in pi\u00f9 il <b>DISPOSITIVO LIFT- ALZAPERSONA<\/b>.<\/span><\/p>\n<p>&nbsp;<\/p>\n<p style=\"line-height: 1.71429; margin-bottom: 1.71429rem;\"><img decoding=\"async\" class=\"size-full wp-image-10851 alignright\" style=\"margin-top: 0.857143rem; margin-bottom: 0.857143rem; margin-left: 1.71429rem;\" src=\"https:\/\/gittoletto.it\/it\/wp-content\/uploads\/2019\/06\/Screenshot_2.jpg\" alt=\"\" width=\"236\" height=\"68\" srcset=\"https:\/\/gittoletto.it\/it\/wp-content\/uploads\/2019\/06\/Screenshot_2.jpg 236w, https:\/\/gittoletto.it\/it\/wp-content\/uploads\/2019\/06\/Screenshot_2-100x29.jpg 100w\" sizes=\"(max-width: 236px) 100vw, 236px\" \/><\/p>\n<p style=\"text-align: justify;\"><span style=\"color: #000000;\">Il movimento <strong>lift alzapersona<\/strong> \u00e8 ideale per semplificare l&#8217;assunzione della posizione eretta.\u00a0Azionando tale\u00a0<\/span><span style=\"color: #000000;\">movimento si ha <strong>nella fase iniziale<\/strong> un <strong>sollevamento orizzontale<\/strong> della poltrona che permette, rimanendo seduti, di essere sollevati all&#8217;altezza di una normale sedia, quindi di avvicinarsi ad un tavolo ed avere la possibilit\u00e0 di <strong>operare su di esso con facilit\u00e0<\/strong>.<\/span><\/p>\n<p>&nbsp;<\/p>\n<p>&nbsp;<\/p>\n<p><img decoding=\"async\" class=\"wp-image-10860 alignright\" style=\"margin-top: 0.857143rem; margin-bottom: 0.857143rem; margin-left: 1.71429rem;\" src=\"https:\/\/gittoletto.it\/it\/wp-content\/uploads\/2019\/06\/Screenshot_4.jpg\" alt=\"\" width=\"247\" height=\"73\" srcset=\"https:\/\/gittoletto.it\/it\/wp-content\/uploads\/2019\/06\/Screenshot_4.jpg 298w, https:\/\/gittoletto.it\/it\/wp-content\/uploads\/2019\/06\/Screenshot_4-100x30.jpg 100w\" sizes=\"(max-width: 247px) 100vw, 247px\" \/><\/p>\n<p style=\"text-align: justify;\"><span style=\"color: #000000;\"><strong>2-<\/strong>\u00a0 S<\/span><span style=\"color: #000000;\">istema <strong>KIT ROLLER<\/strong>, grazie ad un pedale posto dietro alla poltrona si fanno <strong>fuoriuscire<\/strong> delle <strong>ruote<\/strong> che\u00a0<\/span><\/p>\n<p style=\"text-align: justify;\"><span style=\"color: #000000;\">permettono\u00a0di <strong>spostare agevolmente<\/strong> la poltrona anche con una <strong>persona seduta<\/strong>.<\/span><\/p>\n<p>&nbsp;<\/p>\n<p>&nbsp;<\/p>\n<p><span style=\"color: #000000;\"><strong>5- Seduta\u00a0<\/strong>in\u00a0<strong> blocchi di memory indipendenti\u00a0<\/strong> e tasca laterale porta oggetti.<img decoding=\"async\" class=\"wp-image-10876 alignright\" src=\"https:\/\/gittoletto.it\/it\/wp-content\/uploads\/2019\/06\/calidi-portaoggetti-212x300.jpg\" alt=\"\" width=\"117\" height=\"166\" srcset=\"https:\/\/gittoletto.it\/it\/wp-content\/uploads\/2019\/06\/calidi-portaoggetti-212x300.jpg 212w, https:\/\/gittoletto.it\/it\/wp-content\/uploads\/2019\/06\/calidi-portaoggetti-600x848.jpg 600w, https:\/\/gittoletto.it\/it\/wp-content\/uploads\/2019\/06\/calidi-portaoggetti-768x1086.jpg 768w, https:\/\/gittoletto.it\/it\/wp-content\/uploads\/2019\/06\/calidi-portaoggetti-724x1024.jpg 724w, https:\/\/gittoletto.it\/it\/wp-content\/uploads\/2019\/06\/calidi-portaoggetti-1170x1655.jpg 1170w, https:\/\/gittoletto.it\/it\/wp-content\/uploads\/2019\/06\/calidi-portaoggetti-71x100.jpg 71w, https:\/\/gittoletto.it\/it\/wp-content\/uploads\/2019\/06\/calidi-portaoggetti-scaled.jpg 1810w\" sizes=\"(max-width: 117px) 100vw, 117px\" \/><img loading=\"lazy\" decoding=\"async\" class=\"wp-image-10871 alignleft\" src=\"https:\/\/gittoletto.it\/it\/wp-content\/uploads\/2019\/06\/Memory-Foam.jpg\" alt=\"\" width=\"185\" height=\"104\" srcset=\"https:\/\/gittoletto.it\/it\/wp-content\/uploads\/2019\/06\/Memory-Foam.jpg 217w, https:\/\/gittoletto.it\/it\/wp-content\/uploads\/2019\/06\/Memory-Foam-100x56.jpg 100w\" sizes=\"(max-width: 185px) 100vw, 185px\" \/><\/span><\/p>\n<p>&nbsp;<\/p>\n<p>&nbsp;<\/p>\n<p>&nbsp;<\/p>\n<p>&nbsp;<\/p>\n<\/div>\n<\/div>\n<\/div>\n<\/div>\n<div class=\"column\">\n<div class=\"page\" title=\"Page 2\">\n<div class=\"section\">\n<div class=\"layoutArea\">\n<div class=\"column\">\n<div class=\"page\" title=\"Page 2\">\n<div class=\"section\">\n<div class=\"layoutArea\"><\/div>\n<\/div>\n<\/div>\n<\/div>\n<\/div>\n<\/div>\n<\/div>\n<\/div>\n<p>&nbsp;<\/p>\n<p><span style=\"color: #000000;\"><strong>Dimensioni:<\/strong><\/span><\/p>\n<p><img loading=\"lazy\" decoding=\"async\" class=\"wp-image-10878 aligncenter\" style=\"margin-top: 0.857143rem; margin-bottom: 0.857143rem;\" src=\"https:\/\/gittoletto.it\/it\/wp-content\/uploads\/2019\/06\/Dimensioni-300x113.jpg\" alt=\"\" width=\"303\" height=\"114\" srcset=\"https:\/\/gittoletto.it\/it\/wp-content\/uploads\/2019\/06\/Dimensioni-300x113.jpg 300w, https:\/\/gittoletto.it\/it\/wp-content\/uploads\/2019\/06\/Dimensioni-100x38.jpg 100w, https:\/\/gittoletto.it\/it\/wp-content\/uploads\/2019\/06\/Dimensioni.jpg 332w\" sizes=\"(max-width: 303px) 100vw, 303px\" \/><\/p>\n<p>&nbsp;<\/p>\n<div class=\"page\" title=\"Page 2\">\n<div class=\"section\">\n<div class=\"layoutArea\">\n<div class=\"column\">\n<div class=\"page\" title=\"Page 2\">\n<div class=\"section\">\n<div class=\"layoutArea\">\n<div class=\"column\">\n<p style=\"text-align: center;\"><strong><span style=\"color: #000000;\">Opzioni Extra<\/span><\/strong><\/p>\n<p style=\"text-align: justify;\"><span style=\"color: #000000;\">Su richiesta \u00e8 possibile montare diversi optional:<\/span><\/p>\n<ul style=\"text-align: justify;\">\n<li><span style=\"color: #000000;\"><strong>Nuovo Kit Vibro<\/strong>: All\u2019interno della poltrona si posizionano\u00a0<strong>5 placche vibranti<\/strong>. Generano vibrazioni programmate e stimolano la circolazione sanguigna favorendo il <strong>rilassamento delle masse muscolari.<\/strong><\/span><\/li>\n<li><span style=\"color: #000000;\"><strong>Seduta con molle insacchettate:<\/strong> da inserire nei cuscini della seduta con una lastra di Poliuretano Memory beneform da\u00a0<strong>3 cm<\/strong> per ottenere il massimo comfort e durata della poltrona.<\/span><\/li>\n<li><span style=\"color: #000000;\"><strong>Poltrone per taglie XL<\/strong>: poltrone rinforzate con capacit\u00e0 di sollevamento fino a 180kg e con dimensioni di seduta aumentate di 11cm<\/span><\/li>\n<li><strong><span style=\"color: #000000;\">Kit Roller:<\/span><\/strong><span style=\"color: #000000;\"> posto al di sotto della seduta, con un semplice movimento del pedale si fanno fuoriuscire <strong>4 ruote<\/strong> gommate che permettono di spostare la poltrona <strong>senza nessuno sforzo<\/strong> anche con una <strong>persona seduta<\/strong> sopra.<\/span><\/li>\n<li><strong style=\"color: #000000;\">Fodere di protezione:<\/strong><span style=\"color: #000000;\">\u00a0fodere facilmente rimovibili e lavabili da utilizzare pr le parti della poltrona pi\u00f9 soggette ad usura come\u00a0<\/span><strong><span style=\"color: #000000;\">schienale, seduta e braccioli<\/span><\/strong><span style=\"color: #000000;\">.<\/span><\/li>\n<\/ul>\n<p>&nbsp;<\/p>\n<p style=\"text-align: justify;\"><span style=\"color: #000000;\"><strong>Contattaci<\/strong> per un preventivo chiamandoci al <strong>numero<\/strong>:\u00a0<span style=\"color: #3366ff;\"><a style=\"color: #3366ff;\" href=\"tel:+390902935373\"><strong><span style=\"color: #3366ff;\">(+39) 0902935373<\/span><\/strong><\/a>,<\/span> via mail a<strong>\u00a0<span style=\"color: #3366ff;\"><a style=\"color: #3366ff;\" href=\"mailto:info@gittoletto.it\">info@gittoletto.it<\/a><\/span><\/strong><strong>\u00a0,\u00a0<\/strong>tramite <strong>l\u2019apposito form\u00a0<\/strong>che trovi\u00a0<a style=\"color: #000000;\" href=\"https:\/\/gittoletto.it\/it\/contattaci\/\"><strong><span style=\"color: #3366ff;\">cliccando qui<\/span>\u00a0<\/strong><\/a>o via whatsapp al\u00a0<strong>numero<\/strong>:\u00a0<strong><a style=\"color: #000000;\" href=\"https:\/\/wa.me\/393420442155\"><span style=\"color: #3366ff;\">(+39) 3420442155<\/span><\/a><\/strong><\/span><\/p>\n<p style=\"text-align: center;\"><span style=\"color: #000000;\"><strong>Garanzia e altre informazioni<\/strong><\/span><\/p>\n<p><span style=\"color: #000000;\">Le poltrone de\u00a0<b><em>Il Benessere<\/em><\/b>\u00a0sono tutte\u00a0<strong>MADE IN ITALY<\/strong>\u00a0con\u00a0<strong>GARANZIA DI 2 ANNI.<\/strong><\/span><\/p>\n<p><span style=\"color: #000000;\">Per qualsiasi ulteriore informazione non esitare a contattarci.<\/span><\/p>\n<p><span style=\"color: #000000;\"><img loading=\"lazy\" decoding=\"async\" class=\"wp-image-10859 alignleft\" src=\"https:\/\/gittoletto.it\/it\/wp-content\/uploads\/2019\/06\/icomed2.png\" alt=\"\" width=\"127\" height=\"127\" srcset=\"https:\/\/gittoletto.it\/it\/wp-content\/uploads\/2019\/06\/icomed2.png 172w, https:\/\/gittoletto.it\/it\/wp-content\/uploads\/2019\/06\/icomed2-100x100.png 100w, https:\/\/gittoletto.it\/it\/wp-content\/uploads\/2019\/06\/icomed2-150x150.png 150w\" sizes=\"(max-width: 127px) 100vw, 127px\" \/><\/span><\/p>\n<p>&nbsp;<\/p>\n<p>&nbsp;<\/p>\n<\/div>\n<\/div>\n<\/div>\n<\/div>\n<\/div>\n<\/div>\n<\/div>\n<\/div>\n<p>&nbsp;<\/p>\n","protected":false},"excerpt":{"rendered":"<h3><span style=\"color: #000000;\">Poltrona IL BENESSERE Comoda, dispositivo medico con kit roller, sistema alza-persone,<span style=\"color: #000000;\"> seduta in memory foam, telecomando wireless e tasca laterale porta oggetti.<\/span><\/span><\/h3>\n<p><span style=\"color: #000000;\">Disponibile in diversi tessuti e colorazioni, <span style=\"color: #ff0000;\"><a style=\"color: #ff0000;\" href=\"https:\/\/gittoletto.it\/it\/contattaci\/\">contattaci<\/a><\/span> per un preventivo o per ulteriori informazioni.<\/span><\/p>\n<p>&nbsp;<\/p>\n<h2 data-start=\"1609\" data-end=\"1645\">Come scegliere una poltrona relax<\/h2>\n<p data-start=\"1647\" data-end=\"1706\">Quando si sceglie una poltrona relax \u00e8 importante valutare:<\/p>\n<ul data-start=\"1708\" data-end=\"1800\">\n<li data-start=\"1708\" data-end=\"1726\">\n<p data-start=\"1710\" data-end=\"1726\">numero di motori<\/p>\n<\/li>\n<li data-start=\"1727\" data-end=\"1739\">\n<p data-start=\"1729\" data-end=\"1739\">dimensioni<\/p>\n<\/li>\n<li data-start=\"1740\" data-end=\"1754\">\n<p data-start=\"1742\" data-end=\"1754\">rivestimento<\/p>\n<\/li>\n<li data-start=\"1755\" data-end=\"1777\">\n<p data-start=\"1757\" data-end=\"1777\">funzione alzapersona<\/p>\n<\/li>\n<li data-start=\"1778\" data-end=\"1800\">\n<p data-start=\"1780\" data-end=\"1800\">facilit\u00e0 di utilizzo<\/p>\n<\/li>\n<\/ul>\n<h3 data-start=\"1802\" data-end=\"1836\">Poltrone relax con alzapersona<\/h3>\n<p data-start=\"1837\" data-end=\"1891\">Ideali per chi ha difficolt\u00e0 ad alzarsi autonomamente.<\/p>\n<h3 data-start=\"1893\" data-end=\"1922\">Poltrone relax elettriche<\/h3>\n<p data-start=\"1923\" data-end=\"1972\">Permettono di regolare posizione con telecomando.<\/p>\n<h3 data-start=\"1974\" data-end=\"1990\">Rivestimenti<\/h3>\n<p data-start=\"1991\" data-end=\"2046\">Disponibili in tessuto, microfibra o materiali tecnici.<\/p>\n<p data-start=\"1991\" data-end=\"2046\">\n<h2 data-start=\"1991\" data-end=\"2046\">FAQ<\/h2>\n<h3 data-start=\"2100\" data-end=\"2136\">Quanto costa una poltrona relax?<\/h3>\n<p data-start=\"2137\" data-end=\"2214\">Il prezzo varia in base a materiali, numero di motori e funzioni disponibili.<\/p>\n<h3 data-start=\"2216\" data-end=\"2258\">Qual \u00e8 la differenza tra 1 e 2 motori?<\/h3>\n<p data-start=\"2259\" data-end=\"2333\">Con due motori \u00e8 possibile regolare separatamente schienale e poggiapiedi.<\/p>\n<h3 data-start=\"2335\" data-end=\"2382\">Le poltrone relax sono adatte agli anziani?<\/h3>\n<p data-start=\"2383\" data-end=\"2433\">S\u00ec, soprattutto i modelli con sistema alzapersona.<\/p>\n","protected":false},"featured_media":14658,"template":"","meta":[],"product_brand":[],"product_cat":[116],"product_tag":[149,148,129,154,147,153],"class_list":{"0":"post-14657","1":"product","2":"type-product","3":"status-publish","4":"has-post-thumbnail","6":"product_cat-poltrone-relax-elettriche-e-reclinabili-confort-benessere","7":"product_tag-alzapersona","8":"product_tag-comfort-e-relax","9":"product_tag-detrazione-fiscale","10":"product_tag-dispositivo-medico","11":"product_tag-salute-e-benessere","12":"product_tag-termoterapia","13":"product_shipping_class-ingombranti","15":"first","16":"instock","17":"shipping-taxable","18":"product-type-simple"},"_links":{"self":[{"href":"https:\/\/gittoletto.it\/it\/wp-json\/wp\/v2\/product\/14657","targetHints":{"allow":["GET"]}}],"collection":[{"href":"https:\/\/gittoletto.it\/it\/wp-json\/wp\/v2\/product"}],"about":[{"href":"https:\/\/gittoletto.it\/it\/wp-json\/wp\/v2\/types\/product"}],"wp:featuredmedia":[{"embeddable":true,"href":"https:\/\/gittoletto.it\/it\/wp-json\/wp\/v2\/media\/14658"}],"wp:attachment":[{"href":"https:\/\/gittoletto.it\/it\/wp-json\/wp\/v2\/media?parent=14657"}],"wp:term":[{"taxonomy":"product_brand","embeddable":true,"href":"https:\/\/gittoletto.it\/it\/wp-json\/wp\/v2\/product_brand?post=14657"},{"taxonomy":"product_cat","embeddable":true,"href":"https:\/\/gittoletto.it\/it\/wp-json\/wp\/v2\/product_cat?post=14657"},{"taxonomy":"product_tag","embeddable":true,"href":"https:\/\/gittoletto.it\/it\/wp-json\/wp\/v2\/product_tag?post=14657"}],"curies":[{"name":"wp","href":"https:\/\/api.w.org\/{rel}","templated":true}]}}