{"id":14746,"date":"2025-11-08T17:52:54","date_gmt":"2025-11-08T16:52:54","guid":{"rendered":"https:\/\/gittoletto.it\/it\/?post_type=product&#038;p=14746"},"modified":"2026-03-02T18:05:23","modified_gmt":"2026-03-02T17:05:23","slug":"materasso-permaflex-performance-linea-absolute-sostegno-sportivo-e-comfort-premium","status":"publish","type":"product","link":"https:\/\/gittoletto.it\/it\/prodotto\/materasso-permaflex-performance-linea-absolute-sostegno-sportivo-e-comfort-premium\/","title":{"rendered":"Materasso Permaflex Performance \u2013 Linea Absolute | Sostegno sportivo e comfort premium"},"content":{"rendered":"<div class=\"page\" title=\"Page 13\">\n<div class=\"section\">\n<div class=\"layoutArea\">\n<div class=\"column\">\n<div class=\"page\" title=\"Page 20\">\n<div class=\"section\">\n<div class=\"layoutArea\">\n<div class=\"column\">\n<div class=\"page\" title=\"Page 23\">\n<div class=\"section\">\n<div class=\"layoutArea\">\n<div class=\"column\">\n<div class=\"page\" title=\"Page 26\">\n<div class=\"section\">\n<div class=\"layoutArea\">\n<div class=\"column\">\n<div class=\"page\" title=\"Page 51\">\n<div class=\"section\">\n<div class=\"layoutArea\">\n<div class=\"column\">\n<div class=\"page\" title=\"Page 47\">\n<div class=\"section\">\n<div class=\"layoutArea\">\n<div class=\"column\">\n<div class=\"page\" title=\"Page 69\">\n<div class=\"section\">\n<div class=\"layoutArea\">\n<div class=\"column\">\n<div class=\"page\" title=\"Page 72\">\n<div class=\"section\">\n<div class=\"layoutArea\">\n<div class=\"column\">\n<h2 data-start=\"898\" data-end=\"929\">Caratteristiche principali<\/h2>\n<ul data-start=\"930\" data-end=\"1809\">\n<li data-start=\"930\" data-end=\"1132\">\n<p data-start=\"932\" data-end=\"1132\"><strong data-start=\"932\" data-end=\"978\">Lastra a 6 strati a rigidit\u00e0 differenziata<\/strong>: ogni zona del materasso \u00e8 differenziata per spalle, torace, bacino e gambe, per un supporto ergonomico e mirato.<\/p>\n<\/li>\n<li data-start=\"1133\" data-end=\"1311\">\n<p data-start=\"1135\" data-end=\"1311\"><strong data-start=\"1135\" data-end=\"1161\">Superficie in PiFresh\u00ae<\/strong>: tessuto traspirante che favorisce una corretta circolazione dell\u2019aria e una superficie fresca e accogliente.<\/p>\n<\/li>\n<li data-start=\"1312\" data-end=\"1522\">\n<p data-start=\"1314\" data-end=\"1522\"><strong data-start=\"1314\" data-end=\"1361\">Tecnologia VIGOR\u00ae a FIR (far\u2011infrared rays)<\/strong>: una tecnologia esclusiva che stimola il microcircolo e favorisce un recupero muscolare pi\u00f9 efficiente durante il sonno.<\/p>\n<\/li>\n<li data-start=\"1523\" data-end=\"1669\">\n<p data-start=\"1525\" data-end=\"1669\"><strong data-start=\"1525\" data-end=\"1561\">Struttura sfoderabile e lavabile<\/strong>: facilit\u00e0 di manutenzione e igiene elevata, ideale per una durata nel tempo e un ambiente di riposo sano.<\/p>\n<\/li>\n<li data-start=\"1670\" data-end=\"1809\">\n<p data-start=\"1672\" data-end=\"1809\"><strong data-start=\"1672\" data-end=\"1714\">Altezza materasso e sensazione premium<\/strong>: realizzato con materiali tecnici e struttura avanzata, per un risultato di qualit\u00e0 superiore.<\/p>\n<\/li>\n<\/ul>\n<hr data-start=\"1811\" data-end=\"1814\" \/>\n<h2 data-start=\"1816\" data-end=\"1842\">Benefici per l\u2019utente<\/h2>\n<ul data-start=\"1843\" data-end=\"2447\">\n<li data-start=\"1843\" data-end=\"2012\">\n<p data-start=\"1845\" data-end=\"2012\">Se ti alleni, giochi sport o semplicemente vivi una vita attiva, il Performance ti aiuta a recuperare meglio, grazie al supporto differenziato e alla tecnologia FIR.<\/p>\n<\/li>\n<li data-start=\"2013\" data-end=\"2175\">\n<p data-start=\"2015\" data-end=\"2175\">L\u2019ergonomia avanzata riduce la compressione della spalla e del bacino, favorisce l\u2019allineamento della colonna vertebrale e migliora la qualit\u00e0 del tuo riposo.<\/p>\n<\/li>\n<li data-start=\"2176\" data-end=\"2306\">\n<p data-start=\"2178\" data-end=\"2306\">La superficie traspirante e la struttura ben ventilata creano un microclima ideale per chi tende a scaldarsi durante la notte.<\/p>\n<\/li>\n<li data-start=\"2307\" data-end=\"2447\">\n<p data-start=\"2309\" data-end=\"2447\">La combinazione di comfort e tecnica fa di questo materasso una scelta duratura: investi una volta e godi di un riposo superiore per anni.<\/p>\n<\/li>\n<\/ul>\n<hr data-start=\"2449\" data-end=\"2452\" \/>\n<h2 data-start=\"2454\" data-end=\"2485\">Misure e personalizzazione<\/h2>\n<p data-start=\"2486\" data-end=\"2742\">Disponibile nelle principali misure: 80\u00d7190, 90\u00d7190, 90\u00d7200, 120\u00d7190, 140\u00d7190, 140\u00d7200, 160\u00d7190, 160\u00d7200, 170\u00d7200, 180\u00d7200.<br data-start=\"2609\" data-end=\"2612\" \/>Se cerchi una misura su misura o vuoi informazioni sulla consegna e promozioni, contattaci all\u2019indirizzo <strong data-start=\"2717\" data-end=\"2741\"><a class=\"decorated-link cursor-pointer\" rel=\"noopener\" data-start=\"2719\" data-end=\"2739\">ordini@gittoletto.it<\/a><\/strong>.<\/p>\n<hr data-start=\"2744\" data-end=\"2747\" \/>\n<h2 data-start=\"2749\" data-end=\"2779\">Dettagli tecnici in breve<\/h2>\n<ul data-start=\"2780\" data-end=\"3050\">\n<li data-start=\"2780\" data-end=\"2833\">\n<p data-start=\"2782\" data-end=\"2833\">Lastra interna: 6 strati a rigidit\u00e0 differenziata<\/p>\n<\/li>\n<li data-start=\"2834\" data-end=\"2868\">\n<p data-start=\"2836\" data-end=\"2868\">Materiale superficie: PiFresh\u00ae<\/p>\n<\/li>\n<li data-start=\"2869\" data-end=\"2897\">\n<p data-start=\"2871\" data-end=\"2897\">Tecnologia: VIGOR\u00ae (FIR)<\/p>\n<\/li>\n<li data-start=\"2898\" data-end=\"2936\">\n<p data-start=\"2900\" data-end=\"2936\">Cuffia \/ Rivestimento: sfoderabile<\/p>\n<\/li>\n<li data-start=\"2937\" data-end=\"2987\">\n<p data-start=\"2939\" data-end=\"2987\">Supporto: ergonomia sportiva e comfort premium<\/p>\n<\/li>\n<li data-start=\"2988\" data-end=\"3050\">\n<p data-start=\"2990\" data-end=\"3050\">Categoria: Linea Absolute, prodotto top di gamma Permaflex<\/p>\n<\/li>\n<\/ul>\n<hr data-start=\"3052\" data-end=\"3055\" \/>\n<h2 data-start=\"3057\" data-end=\"3076\"><\/h2>\n<p data-start=\"3077\" data-end=\"3325\">Non accontentarti di un materasso qualunque. Scegli il <strong data-start=\"3132\" data-end=\"3174\">Permaflex Performance \u2013 Linea Absolute<\/strong> e scopri cosa significa dormire davvero bene. Aggiungi al carrello ora o contattaci per una consulenza personalizzata \u2014 il tuo corpo te ne sar\u00e0 grato.<\/p>\n<p data-start=\"3077\" data-end=\"3325\">\n<\/div>\n<\/div>\n<\/div>\n<\/div>\n<\/div>\n<\/div>\n<\/div>\n<\/div>\n<\/div>\n<\/div>\n<\/div>\n<\/div>\n<\/div>\n<\/div>\n<\/div>\n<\/div>\n<\/div>\n<\/div>\n<\/div>\n<\/div>\n<\/div>\n<\/div>\n<\/div>\n<\/div>\n<\/div>\n<\/div>\n<\/div>\n<\/div>\n<\/div>\n<\/div>\n<\/div>\n<\/div>\n","protected":false},"excerpt":{"rendered":"<div class=\"page\" title=\"Page 17\">\n<div class=\"section\">\n<div class=\"layoutArea\">\n<div class=\"column\">\n<div class=\"page\" title=\"Page 20\">\n<div class=\"section\">\n<div class=\"layoutArea\">\n<div class=\"column\">\n<div class=\"page\" title=\"Page 23\">\n<div class=\"section\">\n<div class=\"layoutArea\">\n<div class=\"column\">\n<div class=\"page\" title=\"Page 26\">\n<div class=\"section\">\n<div class=\"layoutArea\">\n<div class=\"column\">\n<div class=\"page\" title=\"Page 26\">\n<div class=\"section\">\n<div class=\"layoutArea\">\n<div class=\"column\">\n<div class=\"page\" title=\"Page 51\">\n<div class=\"section\">\n<div class=\"layoutArea\">\n<div class=\"column\">\n<div class=\"page\" title=\"Page 54\">\n<div class=\"section\">\n<div class=\"layoutArea\">\n<div class=\"column\">\n<div class=\"page\" title=\"Page 26\">\n<div class=\"section\">\n<div class=\"layoutArea\">\n<div class=\"column\">\n<div class=\"page\" title=\"Page 51\">\n<div class=\"section\">\n<div class=\"layoutArea\">\n<div class=\"column\">\n<div class=\"page\" title=\"Page 47\">\n<div class=\"section\">\n<div class=\"layoutArea\">\n<div class=\"column\">\n<div class=\"page\" title=\"Page 69\">\n<div class=\"section\">\n<div class=\"layoutArea\">\n<div class=\"column\">\n<p>Se desideri un materasso che faccia davvero la differenza nel tuo riposo \u2014 soprattutto se pratichi sport o hai uno stile di vita attivo \u2014 il <em data-start=\"564\" data-end=\"597\">Materasso Permaflex Performance<\/em> della Linea Absolute \u00e8 progettato per te. Grazie a una <strong data-start=\"653\" data-end=\"699\">lastra a 6 strati a rigidit\u00e0 differenziata<\/strong>, materiali tecnici come <strong data-start=\"724\" data-end=\"736\">PiFresh\u00ae<\/strong> e la tecnologia <strong data-start=\"753\" data-end=\"767\">VIGOR\u00ae FIR<\/strong>, questo materasso combina sostegno mirato, recupero muscolare e comfort elevato. Dormi meglio, recuperi prima, vivi meglio.<\/p>\n<\/div>\n<\/div>\n<\/div>\n<\/div>\n<\/div>\n<\/div>\n<\/div>\n<\/div>\n<\/div>\n<\/div>\n<\/div>\n<\/div>\n<\/div>\n<\/div>\n<\/div>\n<\/div>\n<p>&nbsp;<\/p>\n<\/div>\n<\/div>\n<\/div>\n<\/div>\n<\/div>\n<\/div>\n<\/div>\n<\/div>\n<\/div>\n<\/div>\n<\/div>\n<\/div>\n<p>&nbsp;<\/p>\n<\/div>\n<\/div>\n<\/div>\n<\/div>\n<\/div>\n<\/div>\n<\/div>\n<\/div>\n<\/div>\n<\/div>\n<\/div>\n<\/div>\n<\/div>\n<\/div>\n<\/div>\n<\/div>\n<p>&nbsp;<\/p>\n","protected":false},"featured_media":14757,"template":"","meta":[],"product_brand":[722],"product_cat":[723,110,118],"product_tag":[678,683,676,675,686,680,685,684,679,677,682,681],"class_list":{"0":"post-14746","1":"product","2":"type-product","3":"status-publish","4":"has-post-thumbnail","6":"product_brand-permaflex-linea-absolut","7":"product_cat-linea-absolut-by-permaflex","8":"product_cat-materassi","9":"product_cat-materassi-memory-e-poliuretano","10":"product_tag-materasso-6-strati","11":"product_tag-materasso-ergonomico-alto-livello","12":"product_tag-materasso-linea-absolute","13":"product_tag-materasso-permaflex-performance","14":"product_tag-materasso-permaflex-top-di-gamma","15":"product_tag-materasso-pifresh","16":"product_tag-materasso-premium-made-in-italy","17":"product_tag-materasso-recupero-muscolare","18":"product_tag-materasso-rigidita-differenziata","19":"product_tag-materasso-sportivo","20":"product_tag-materasso-traspirante-sportivo","21":"product_tag-materasso-vigor-fir","22":"product_shipping_class-ingombranti","23":"pa_dimensione-120x190","24":"pa_dimensione-140x190","25":"pa_dimensione-140x200","26":"pa_dimensione-160x190","27":"pa_dimensione-160x200","28":"pa_dimensione-170x200","29":"pa_dimensione-180x200","30":"pa_dimensione-80x190","31":"pa_dimensione-90x190","32":"pa_dimensione-90x200","33":"pa_formato-matrimoniale","34":"pa_formato-piazza-e-mezza","35":"pa_formato-singolo","37":"first","38":"instock","39":"sale","40":"shipping-taxable","41":"purchasable","42":"product-type-variable"},"_links":{"self":[{"href":"https:\/\/gittoletto.it\/it\/wp-json\/wp\/v2\/product\/14746","targetHints":{"allow":["GET"]}}],"collection":[{"href":"https:\/\/gittoletto.it\/it\/wp-json\/wp\/v2\/product"}],"about":[{"href":"https:\/\/gittoletto.it\/it\/wp-json\/wp\/v2\/types\/product"}],"wp:featuredmedia":[{"embeddable":true,"href":"https:\/\/gittoletto.it\/it\/wp-json\/wp\/v2\/media\/14757"}],"wp:attachment":[{"href":"https:\/\/gittoletto.it\/it\/wp-json\/wp\/v2\/media?parent=14746"}],"wp:term":[{"taxonomy":"product_brand","embeddable":true,"href":"https:\/\/gittoletto.it\/it\/wp-json\/wp\/v2\/product_brand?post=14746"},{"taxonomy":"product_cat","embeddable":true,"href":"https:\/\/gittoletto.it\/it\/wp-json\/wp\/v2\/product_cat?post=14746"},{"taxonomy":"product_tag","embeddable":true,"href":"https:\/\/gittoletto.it\/it\/wp-json\/wp\/v2\/product_tag?post=14746"}],"curies":[{"name":"wp","href":"https:\/\/api.w.org\/{rel}","templated":true}]}}